{"id":5903025,"date":"2026-04-27T11:05:36","date_gmt":"2026-04-27T11:05:36","guid":{"rendered":"https:\/\/theinvisiblecollection.com\/?post_type=product&#038;p=5903025"},"modified":"2026-05-01T07:37:02","modified_gmt":"2026-05-01T07:37:02","slug":"leo-sentou-table-dappoint-carlin","status":"publish","type":"product","link":"https:\/\/theinvisiblecollection.com\/fr\/produit\/leo-sentou-table-dappoint-carlin\/","title":{"rendered":"Table D&#8217;appoint Carlin"},"content":{"rendered":"<p style=\"text-align: justify;\">S\u2019inspirant du travail du ma\u00eetre \u00e9b\u00e9niste Martin Carlin (1730\u20131785), la table d&#8217;appoint Carlin propose une interpr\u00e9tation contemporaine de son utilisation de la laque japonaise. L\u2019\u00e9l\u00e9gance de sa forme r\u00e9nale est mise en valeur par l\u2019application de bois laqu\u00e9 sur le plateau et les pieds, cr\u00e9ant une pr\u00e9sence sculpturale qui contraste d\u00e9licatement avec les pieds en ch\u00eane goug\u00e9.<\/p>\n","protected":false},"excerpt":{"rendered":"<p>S\u2019inspirant du travail du ma\u00eetre \u00e9b\u00e9niste Martin Carlin (1730\u20131785), la table d&#8217;appoint Carlin propose une interpr\u00e9tation contemporaine de son utilisation de la laque japonaise. L\u2019\u00e9l\u00e9gance de sa forme r\u00e9nale est mise en valeur par l\u2019application de bois laqu\u00e9 sur le plateau et les pieds, cr\u00e9ant une pr\u00e9sence sculpturale qui contraste d\u00e9licatement avec les pieds en [&hellip;]<\/p>\n","protected":false},"featured_media":5902994,"template":"","meta":{"_acf_changed":false,"content-type":"","_themeisle_gutenberg_block_has_review":false},"product_brand":[],"product_cat":[12332,12503],"product_tag":[8855,9066,31477,35206],"product_designer":[19809],"comfabric":[],"manufacturer":[34951],"reporting_designer":[],"samplecomfabric":[],"designer_clubroom":[],"class_list":{"0":"post-5903025","1":"product","2":"type-product","3":"status-publish","4":"has-post-thumbnail","6":"product_cat-tables-dappoint","7":"product_cat-tables-fr","8":"product_tag-table-fr-3","9":"product_tag-table-basse","10":"product_tag-st-curvy-fr","11":"product_tag-exclusive-fr","12":"product_designer-leo-sentou-fr","13":"manufacturer-a-d-sourcing-pickup-leo-sentou-fr","15":"first","16":"instock","17":"taxable","18":"shipping-taxable","19":"purchasable","20":"product-type-variable"},"acf":[],"_links":{"self":[{"href":"https:\/\/theinvisiblecollection.com\/fr\/wp-json\/wp\/v2\/product\/5903025","targetHints":{"allow":["GET"]}}],"collection":[{"href":"https:\/\/theinvisiblecollection.com\/fr\/wp-json\/wp\/v2\/product"}],"about":[{"href":"https:\/\/theinvisiblecollection.com\/fr\/wp-json\/wp\/v2\/types\/product"}],"wp:featuredmedia":[{"embeddable":true,"href":"https:\/\/theinvisiblecollection.com\/fr\/wp-json\/wp\/v2\/media\/5902994"}],"wp:attachment":[{"href":"https:\/\/theinvisiblecollection.com\/fr\/wp-json\/wp\/v2\/media?parent=5903025"}],"wp:term":[{"taxonomy":"product_brand","embeddable":true,"href":"https:\/\/theinvisiblecollection.com\/fr\/wp-json\/wp\/v2\/product_brand?post=5903025"},{"taxonomy":"product_cat","embeddable":true,"href":"https:\/\/theinvisiblecollection.com\/fr\/wp-json\/wp\/v2\/product_cat?post=5903025"},{"taxonomy":"product_tag","embeddable":true,"href":"https:\/\/theinvisiblecollection.com\/fr\/wp-json\/wp\/v2\/product_tag?post=5903025"},{"taxonomy":"product_designer","embeddable":true,"href":"https:\/\/theinvisiblecollection.com\/fr\/wp-json\/wp\/v2\/product_designer?post=5903025"},{"taxonomy":"comfabric","embeddable":true,"href":"https:\/\/theinvisiblecollection.com\/fr\/wp-json\/wp\/v2\/comfabric?post=5903025"},{"taxonomy":"manufacturer","embeddable":true,"href":"https:\/\/theinvisiblecollection.com\/fr\/wp-json\/wp\/v2\/manufacturer?post=5903025"},{"taxonomy":"reporting_designer","embeddable":true,"href":"https:\/\/theinvisiblecollection.com\/fr\/wp-json\/wp\/v2\/reporting_designer?post=5903025"},{"taxonomy":"samplecomfabric","embeddable":true,"href":"https:\/\/theinvisiblecollection.com\/fr\/wp-json\/wp\/v2\/samplecomfabric?post=5903025"},{"taxonomy":"clubroom_product_designer","embeddable":true,"href":"https:\/\/theinvisiblecollection.com\/fr\/wp-json\/wp\/v2\/designer_clubroom?post=5903025"}],"curies":[{"name":"wp","href":"https:\/\/api.w.org\/{rel}","templated":true}]}}