{"id":5903092,"date":"2026-04-29T15:11:39","date_gmt":"2026-04-29T15:11:39","guid":{"rendered":"https:\/\/theinvisiblecollection.com\/?post_type=product&#038;p=5903092"},"modified":"2026-05-08T04:38:19","modified_gmt":"2026-05-08T04:38:19","slug":"studioparisien-applique-muse","status":"publish","type":"product","link":"https:\/\/theinvisiblecollection.com\/fr\/produit\/studioparisien-applique-muse\/","title":{"rendered":"Applique Muse"},"content":{"rendered":"<p style=\"text-align: justify;\">L\u2019applique Muse de Studioparisien s\u2019inspire des tuiles traditionnelles en terre cuite des \u00eeles m\u00e9diterran\u00e9ennes. Issue de la collection Egee, sa silhouette \u00e9lanc\u00e9e ponctue et structure l\u2019espace.<\/p>\n<p style=\"text-align: justify;\">Enduite de pl\u00e2tre par le Studio Tollis et rehauss\u00e9e de d\u00e9licats traits noirs c\u00e9rus\u00e9s, cette double coque galb\u00e9e est maintenue par des n\u0153uds en fonte sculpt\u00e9s par Les Ateliers Fran\u00e7ois Pouenat.<\/p>\n","protected":false},"excerpt":{"rendered":"<p>L\u2019applique Muse de Studioparisien s\u2019inspire des tuiles traditionnelles en terre cuite des \u00eeles m\u00e9diterran\u00e9ennes. Issue de la collection Egee, sa silhouette \u00e9lanc\u00e9e ponctue et structure l\u2019espace. Enduite de pl\u00e2tre par le Studio Tollis et rehauss\u00e9e de d\u00e9licats traits noirs c\u00e9rus\u00e9s, cette double coque galb\u00e9e est maintenue par des n\u0153uds en fonte sculpt\u00e9s par Les Ateliers [&hellip;]<\/p>\n","protected":false},"featured_media":5903074,"template":"","meta":{"_acf_changed":false,"content-type":"","_themeisle_gutenberg_block_has_review":false},"product_brand":[],"product_cat":[8975,12507],"product_tag":[],"product_designer":[11987],"comfabric":[],"manufacturer":[36369],"reporting_designer":[],"samplecomfabric":[],"designer_clubroom":[],"class_list":{"0":"post-5903092","1":"product","2":"type-product","3":"status-publish","4":"has-post-thumbnail","6":"product_cat-appliques-murales","7":"product_cat-luminaires","8":"product_designer-studioparisien-fr","9":"manufacturer-franois-pouenat-pick-up-studioparisien-fr","11":"first","12":"instock","13":"taxable","14":"shipping-taxable","15":"purchasable","16":"product-type-variable"},"acf":[],"_links":{"self":[{"href":"https:\/\/theinvisiblecollection.com\/fr\/wp-json\/wp\/v2\/product\/5903092","targetHints":{"allow":["GET"]}}],"collection":[{"href":"https:\/\/theinvisiblecollection.com\/fr\/wp-json\/wp\/v2\/product"}],"about":[{"href":"https:\/\/theinvisiblecollection.com\/fr\/wp-json\/wp\/v2\/types\/product"}],"wp:featuredmedia":[{"embeddable":true,"href":"https:\/\/theinvisiblecollection.com\/fr\/wp-json\/wp\/v2\/media\/5903074"}],"wp:attachment":[{"href":"https:\/\/theinvisiblecollection.com\/fr\/wp-json\/wp\/v2\/media?parent=5903092"}],"wp:term":[{"taxonomy":"product_brand","embeddable":true,"href":"https:\/\/theinvisiblecollection.com\/fr\/wp-json\/wp\/v2\/product_brand?post=5903092"},{"taxonomy":"product_cat","embeddable":true,"href":"https:\/\/theinvisiblecollection.com\/fr\/wp-json\/wp\/v2\/product_cat?post=5903092"},{"taxonomy":"product_tag","embeddable":true,"href":"https:\/\/theinvisiblecollection.com\/fr\/wp-json\/wp\/v2\/product_tag?post=5903092"},{"taxonomy":"product_designer","embeddable":true,"href":"https:\/\/theinvisiblecollection.com\/fr\/wp-json\/wp\/v2\/product_designer?post=5903092"},{"taxonomy":"comfabric","embeddable":true,"href":"https:\/\/theinvisiblecollection.com\/fr\/wp-json\/wp\/v2\/comfabric?post=5903092"},{"taxonomy":"manufacturer","embeddable":true,"href":"https:\/\/theinvisiblecollection.com\/fr\/wp-json\/wp\/v2\/manufacturer?post=5903092"},{"taxonomy":"reporting_designer","embeddable":true,"href":"https:\/\/theinvisiblecollection.com\/fr\/wp-json\/wp\/v2\/reporting_designer?post=5903092"},{"taxonomy":"samplecomfabric","embeddable":true,"href":"https:\/\/theinvisiblecollection.com\/fr\/wp-json\/wp\/v2\/samplecomfabric?post=5903092"},{"taxonomy":"clubroom_product_designer","embeddable":true,"href":"https:\/\/theinvisiblecollection.com\/fr\/wp-json\/wp\/v2\/designer_clubroom?post=5903092"}],"curies":[{"name":"wp","href":"https:\/\/api.w.org\/{rel}","templated":true}]}}