{"id":5903712,"date":"2026-04-28T09:25:51","date_gmt":"2026-04-28T09:25:51","guid":{"rendered":"https:\/\/theinvisiblecollection.com\/?post_type=product&#038;p=5903712"},"modified":"2026-05-01T13:06:12","modified_gmt":"2026-05-01T13:06:12","slug":"pierre-augustin-rose-fauteuil-club-galileo","status":"publish","type":"product","link":"https:\/\/theinvisiblecollection.com\/fr\/produit\/pierre-augustin-rose-fauteuil-club-galileo\/","title":{"rendered":"Fauteuil Club Galileo"},"content":{"rendered":"<p>Photo in-situ par Matteo Verzini<\/p>\n<p style=\"text-align: justify;\">La collection Galileo de Pierre Augustin Rose d\u00e9ploie un langage de courbes fluides et de gestes organiques, o\u00f9 chaque pi\u00e8ce semble trac\u00e9e d\u2019un seul mouvement continu. Au c\u0153ur de ce vocabulaire visuel se trouve le dossier en bois tress\u00e9, un d\u00e9tail \u00e0 la fois sculptural et po\u00e9tique qui d\u00e9finit l\u2019identit\u00e9 de la ligne.<\/p>\n","protected":false},"excerpt":{"rendered":"<p>Photo in-situ par Matteo Verzini La collection Galileo de Pierre Augustin Rose d\u00e9ploie un langage de courbes fluides et de gestes organiques, o\u00f9 chaque pi\u00e8ce semble trac\u00e9e d\u2019un seul mouvement continu. Au c\u0153ur de ce vocabulaire visuel se trouve le dossier en bois tress\u00e9, un d\u00e9tail \u00e0 la fois sculptural et po\u00e9tique qui d\u00e9finit l\u2019identit\u00e9 [&hellip;]<\/p>\n","protected":false},"featured_media":5903750,"template":"","meta":{"_acf_changed":false,"content-type":"","_themeisle_gutenberg_block_has_review":false},"product_brand":[],"product_cat":[8945,12499],"product_tag":[8942,9150,31476,31477,35206],"product_designer":[8908],"comfabric":[],"manufacturer":[],"reporting_designer":[],"samplecomfabric":[],"designer_clubroom":[],"class_list":{"0":"post-5903712","1":"product","2":"type-product","3":"status-publish","4":"has-post-thumbnail","6":"product_cat-fauteuils","7":"product_cat-assises","8":"product_tag-assise","9":"product_tag-fauteuil-fr-2","10":"product_tag-st-collectible-fr","11":"product_tag-st-curvy-fr","12":"product_tag-exclusive-fr","13":"product_designer-pierre-augustin-rose-fr","15":"first","16":"instock","17":"taxable","18":"shipping-taxable","19":"purchasable","20":"product-type-variable"},"acf":[],"_links":{"self":[{"href":"https:\/\/theinvisiblecollection.com\/fr\/wp-json\/wp\/v2\/product\/5903712","targetHints":{"allow":["GET"]}}],"collection":[{"href":"https:\/\/theinvisiblecollection.com\/fr\/wp-json\/wp\/v2\/product"}],"about":[{"href":"https:\/\/theinvisiblecollection.com\/fr\/wp-json\/wp\/v2\/types\/product"}],"wp:featuredmedia":[{"embeddable":true,"href":"https:\/\/theinvisiblecollection.com\/fr\/wp-json\/wp\/v2\/media\/5903750"}],"wp:attachment":[{"href":"https:\/\/theinvisiblecollection.com\/fr\/wp-json\/wp\/v2\/media?parent=5903712"}],"wp:term":[{"taxonomy":"product_brand","embeddable":true,"href":"https:\/\/theinvisiblecollection.com\/fr\/wp-json\/wp\/v2\/product_brand?post=5903712"},{"taxonomy":"product_cat","embeddable":true,"href":"https:\/\/theinvisiblecollection.com\/fr\/wp-json\/wp\/v2\/product_cat?post=5903712"},{"taxonomy":"product_tag","embeddable":true,"href":"https:\/\/theinvisiblecollection.com\/fr\/wp-json\/wp\/v2\/product_tag?post=5903712"},{"taxonomy":"product_designer","embeddable":true,"href":"https:\/\/theinvisiblecollection.com\/fr\/wp-json\/wp\/v2\/product_designer?post=5903712"},{"taxonomy":"comfabric","embeddable":true,"href":"https:\/\/theinvisiblecollection.com\/fr\/wp-json\/wp\/v2\/comfabric?post=5903712"},{"taxonomy":"manufacturer","embeddable":true,"href":"https:\/\/theinvisiblecollection.com\/fr\/wp-json\/wp\/v2\/manufacturer?post=5903712"},{"taxonomy":"reporting_designer","embeddable":true,"href":"https:\/\/theinvisiblecollection.com\/fr\/wp-json\/wp\/v2\/reporting_designer?post=5903712"},{"taxonomy":"samplecomfabric","embeddable":true,"href":"https:\/\/theinvisiblecollection.com\/fr\/wp-json\/wp\/v2\/samplecomfabric?post=5903712"},{"taxonomy":"clubroom_product_designer","embeddable":true,"href":"https:\/\/theinvisiblecollection.com\/fr\/wp-json\/wp\/v2\/designer_clubroom?post=5903712"}],"curies":[{"name":"wp","href":"https:\/\/api.w.org\/{rel}","templated":true}]}}