{"id":5903799,"date":"2026-04-28T10:59:29","date_gmt":"2026-04-28T10:59:29","guid":{"rendered":"https:\/\/theinvisiblecollection.com\/?post_type=product&#038;p=5903799"},"modified":"2026-05-01T07:37:02","modified_gmt":"2026-05-01T07:37:02","slug":"pierre-augustin-rose-canape-saint-germain","status":"publish","type":"product","link":"https:\/\/theinvisiblecollection.com\/fr\/produit\/pierre-augustin-rose-canape-saint-germain\/","title":{"rendered":"Canap\u00e9 Saint Germain"},"content":{"rendered":"<p>Photos in situ par Matteo Verzini<\/p>\n<p style=\"text-align: justify;\">Pierre Augustin Rose pr\u00e9sente Saint Germain, une collection de canap\u00e9 et de fauteuil qui r\u00e9interpr\u00e8te la tradition d\u00e9corative fran\u00e7aise avec retenue et pr\u00e9cision. Inspir\u00e9e des int\u00e9rieurs des ann\u00e9es 1940 et nomm\u00e9e d\u2019apr\u00e8s Saint-Germain-des-Pr\u00e9s, elle \u00e9quilibre r\u00e9f\u00e9rences classiques et clart\u00e9 architecturale contemporaine.<br \/>\nLe canap\u00e9 se distingue par une assise en trois parties, un dossier subtilement festonn\u00e9 et des accoudoirs cylindriques, tandis que le fauteuil propose une forme plus intime et enveloppante. Tous deux reposent sur des bases en bois aux contours adoucis, \u00e9voquant la permanence du milieu du XXe si\u00e8cle avec une ligne r\u00e9solument actuelle.<br \/>\nHabill\u00e9e de textiles contemporains tiss\u00e9s \u00e0 Aubusson, la collection met en avant la richesse des textures et le savoir-faire, refl\u00e9tant l\u2019engagement de la Maison pour un design durable et une int\u00e9grit\u00e9 mat\u00e9rielle.<\/p>\n","protected":false},"excerpt":{"rendered":"<p>Photos in situ par Matteo Verzini Pierre Augustin Rose pr\u00e9sente Saint Germain, une collection de canap\u00e9 et de fauteuil qui r\u00e9interpr\u00e8te la tradition d\u00e9corative fran\u00e7aise avec retenue et pr\u00e9cision. Inspir\u00e9e des int\u00e9rieurs des ann\u00e9es 1940 et nomm\u00e9e d\u2019apr\u00e8s Saint-Germain-des-Pr\u00e9s, elle \u00e9quilibre r\u00e9f\u00e9rences classiques et clart\u00e9 architecturale contemporaine. Le canap\u00e9 se distingue par une assise en [&hellip;]<\/p>\n","protected":false},"featured_media":5903835,"template":"","meta":{"_acf_changed":false,"content-type":"","_themeisle_gutenberg_block_has_review":false},"product_brand":[],"product_cat":[8976,12499],"product_tag":[8942,9150,9409,31476,31477,35206],"product_designer":[8908],"comfabric":[],"manufacturer":[16740],"reporting_designer":[],"samplecomfabric":[],"designer_clubroom":[],"class_list":{"0":"post-5903799","1":"product","2":"type-product","3":"status-publish","4":"has-post-thumbnail","6":"product_cat-canapes","7":"product_cat-assises","8":"product_tag-assise","9":"product_tag-fauteuil-fr-2","10":"product_tag-pierre-augustin-rose-fr-2","11":"product_tag-st-collectible-fr","12":"product_tag-st-curvy-fr","13":"product_tag-exclusive-fr","14":"product_designer-pierre-augustin-rose-fr","15":"manufacturer-pierre-augustin-rose-fr","17":"first","18":"instock","19":"taxable","20":"shipping-taxable","21":"purchasable","22":"product-type-variable"},"acf":[],"_links":{"self":[{"href":"https:\/\/theinvisiblecollection.com\/fr\/wp-json\/wp\/v2\/product\/5903799","targetHints":{"allow":["GET"]}}],"collection":[{"href":"https:\/\/theinvisiblecollection.com\/fr\/wp-json\/wp\/v2\/product"}],"about":[{"href":"https:\/\/theinvisiblecollection.com\/fr\/wp-json\/wp\/v2\/types\/product"}],"wp:featuredmedia":[{"embeddable":true,"href":"https:\/\/theinvisiblecollection.com\/fr\/wp-json\/wp\/v2\/media\/5903835"}],"wp:attachment":[{"href":"https:\/\/theinvisiblecollection.com\/fr\/wp-json\/wp\/v2\/media?parent=5903799"}],"wp:term":[{"taxonomy":"product_brand","embeddable":true,"href":"https:\/\/theinvisiblecollection.com\/fr\/wp-json\/wp\/v2\/product_brand?post=5903799"},{"taxonomy":"product_cat","embeddable":true,"href":"https:\/\/theinvisiblecollection.com\/fr\/wp-json\/wp\/v2\/product_cat?post=5903799"},{"taxonomy":"product_tag","embeddable":true,"href":"https:\/\/theinvisiblecollection.com\/fr\/wp-json\/wp\/v2\/product_tag?post=5903799"},{"taxonomy":"product_designer","embeddable":true,"href":"https:\/\/theinvisiblecollection.com\/fr\/wp-json\/wp\/v2\/product_designer?post=5903799"},{"taxonomy":"comfabric","embeddable":true,"href":"https:\/\/theinvisiblecollection.com\/fr\/wp-json\/wp\/v2\/comfabric?post=5903799"},{"taxonomy":"manufacturer","embeddable":true,"href":"https:\/\/theinvisiblecollection.com\/fr\/wp-json\/wp\/v2\/manufacturer?post=5903799"},{"taxonomy":"reporting_designer","embeddable":true,"href":"https:\/\/theinvisiblecollection.com\/fr\/wp-json\/wp\/v2\/reporting_designer?post=5903799"},{"taxonomy":"samplecomfabric","embeddable":true,"href":"https:\/\/theinvisiblecollection.com\/fr\/wp-json\/wp\/v2\/samplecomfabric?post=5903799"},{"taxonomy":"clubroom_product_designer","embeddable":true,"href":"https:\/\/theinvisiblecollection.com\/fr\/wp-json\/wp\/v2\/designer_clubroom?post=5903799"}],"curies":[{"name":"wp","href":"https:\/\/api.w.org\/{rel}","templated":true}]}}