{"id":5905329,"date":"2026-05-05T10:21:29","date_gmt":"2026-05-05T10:21:29","guid":{"rendered":"https:\/\/theinvisiblecollection.com\/?post_type=product&#038;p=5905329"},"modified":"2026-05-08T04:38:19","modified_gmt":"2026-05-08T04:38:19","slug":"philippe-hurel-bibliotheque-arabel","status":"publish","type":"product","link":"https:\/\/theinvisiblecollection.com\/fr\/produit\/philippe-hurel-bibliotheque-arabel\/","title":{"rendered":"Biblioth\u00e8que Arabel"},"content":{"rendered":"<p style=\"text-align: justify;\">En collaboration avec La Maison des Femmes, quatre designers \u2014 Constance Guisset, Sophie Dries, Pauline Leprince et Victoria-Maria Geyer \u2014 revisitent des pi\u00e8ces embl\u00e9matiques de la maison Hurel \u00e0 travers des regards singuliers et sensibles, o\u00f9 se rencontrent design, savoir-faire et engagement.<br aria-hidden=\"true\" \/>La collection d\u00e9passe la cr\u00e9ation pour s\u2019inscrire dans une d\u00e9marche de soutien, chaque pi\u00e8ce contribuant \u00e0 la mission de l\u2019association aupr\u00e8s des femmes en situation de vuln\u00e9rabilit\u00e9 ou victimes de violences.<br \/>\nConstance Guisset a choisi de r\u00e9interpr\u00e9ter la biblioth\u00e8que Arabel de Philippe Hurel, pour se l\u2019approprier pleinement. Avec Arabel, Philippe Hurel avait imagin\u00e9 une pi\u00e8ce manifeste, incarnation de sa vision du mobilier comme une architecture domestique : structur\u00e9e, \u00e9l\u00e9gante et profond\u00e9ment ancr\u00e9e dans la noblesse des mat\u00e9riaux. Il ne s\u2019agissait jamais simplement de rangement, mais bien de pr\u00e9sence. Entre les mains de Guisset, Arabel devient plus fluide, presque narrative. La pi\u00e8ce se d\u00e9ploie comme un paysage int\u00e9rieur, o\u00f9 le bois et la couleur entrent en dialogue dans une composition subtilement \u00e9quilibr\u00e9e. Les \u00e9tag\u00e8res deviennent des horizons, les volumes instaurent un rythme, et l\u2019objet lui-m\u00eame invite autant \u00e0 la contemplation qu\u2019\u00e0 l\u2019usage. La fonction rencontre la po\u00e9sie, transformant une biblioth\u00e8que en une composition vivante au c\u0153ur de la maison.<\/p>\n","protected":false},"excerpt":{"rendered":"<p>En collaboration avec La Maison des Femmes, quatre designers \u2014 Constance Guisset, Sophie Dries, Pauline Leprince et Victoria-Maria Geyer \u2014 revisitent des pi\u00e8ces embl\u00e9matiques de la maison Hurel \u00e0 travers des regards singuliers et sensibles, o\u00f9 se rencontrent design, savoir-faire et engagement.La collection d\u00e9passe la cr\u00e9ation pour s\u2019inscrire dans une d\u00e9marche de soutien, chaque pi\u00e8ce [&hellip;]<\/p>\n","protected":false},"featured_media":5905314,"template":"","meta":{"_acf_changed":false,"content-type":"","_themeisle_gutenberg_block_has_review":false},"product_brand":[],"product_cat":[8956,12505],"product_tag":[7431],"product_designer":[23590],"comfabric":[],"manufacturer":[32818],"reporting_designer":[],"samplecomfabric":[],"designer_clubroom":[],"class_list":{"0":"post-5905329","1":"product","2":"type-product","3":"status-publish","4":"has-post-thumbnail","6":"product_cat-bibliotheques","7":"product_cat-rangements","8":"product_tag-piece-unique-fr","9":"product_designer-philippe-hurel-fr","10":"manufacturer-philippe-hurel-atelier-fr","12":"first","13":"instock","14":"taxable","15":"shipping-taxable","16":"purchasable","17":"product-type-simple"},"acf":[],"_links":{"self":[{"href":"https:\/\/theinvisiblecollection.com\/fr\/wp-json\/wp\/v2\/product\/5905329","targetHints":{"allow":["GET"]}}],"collection":[{"href":"https:\/\/theinvisiblecollection.com\/fr\/wp-json\/wp\/v2\/product"}],"about":[{"href":"https:\/\/theinvisiblecollection.com\/fr\/wp-json\/wp\/v2\/types\/product"}],"wp:featuredmedia":[{"embeddable":true,"href":"https:\/\/theinvisiblecollection.com\/fr\/wp-json\/wp\/v2\/media\/5905314"}],"wp:attachment":[{"href":"https:\/\/theinvisiblecollection.com\/fr\/wp-json\/wp\/v2\/media?parent=5905329"}],"wp:term":[{"taxonomy":"product_brand","embeddable":true,"href":"https:\/\/theinvisiblecollection.com\/fr\/wp-json\/wp\/v2\/product_brand?post=5905329"},{"taxonomy":"product_cat","embeddable":true,"href":"https:\/\/theinvisiblecollection.com\/fr\/wp-json\/wp\/v2\/product_cat?post=5905329"},{"taxonomy":"product_tag","embeddable":true,"href":"https:\/\/theinvisiblecollection.com\/fr\/wp-json\/wp\/v2\/product_tag?post=5905329"},{"taxonomy":"product_designer","embeddable":true,"href":"https:\/\/theinvisiblecollection.com\/fr\/wp-json\/wp\/v2\/product_designer?post=5905329"},{"taxonomy":"comfabric","embeddable":true,"href":"https:\/\/theinvisiblecollection.com\/fr\/wp-json\/wp\/v2\/comfabric?post=5905329"},{"taxonomy":"manufacturer","embeddable":true,"href":"https:\/\/theinvisiblecollection.com\/fr\/wp-json\/wp\/v2\/manufacturer?post=5905329"},{"taxonomy":"reporting_designer","embeddable":true,"href":"https:\/\/theinvisiblecollection.com\/fr\/wp-json\/wp\/v2\/reporting_designer?post=5905329"},{"taxonomy":"samplecomfabric","embeddable":true,"href":"https:\/\/theinvisiblecollection.com\/fr\/wp-json\/wp\/v2\/samplecomfabric?post=5905329"},{"taxonomy":"clubroom_product_designer","embeddable":true,"href":"https:\/\/theinvisiblecollection.com\/fr\/wp-json\/wp\/v2\/designer_clubroom?post=5905329"}],"curies":[{"name":"wp","href":"https:\/\/api.w.org\/{rel}","templated":true}]}}