{"id":5905331,"date":"2026-05-05T09:33:40","date_gmt":"2026-05-05T09:33:40","guid":{"rendered":"https:\/\/theinvisiblecollection.com\/?post_type=product&#038;p=5905331"},"modified":"2026-05-08T04:38:19","modified_gmt":"2026-05-08T04:38:19","slug":"philippe-hurel-fauteuil-inwood","status":"publish","type":"product","link":"https:\/\/theinvisiblecollection.com\/fr\/produit\/philippe-hurel-fauteuil-inwood\/","title":{"rendered":"Fauteuil Inwood"},"content":{"rendered":"<p style=\"text-align: justify;\" data-start=\"725\" data-end=\"839\">En collaboration avec La Maison des Femmes, quatre designers \u2014 Constance Guisset, Sophie Dries, Pauline Leprince et Victoria-Maria Geyer \u2014 revisitent des pi\u00e8ces embl\u00e9matiques de la maison Hurel \u00e0 travers des regards singuliers et sensibles, o\u00f9 se rencontrent design, savoir-faire et engagement.<br aria-hidden=\"true\" \/>La collection d\u00e9passe la cr\u00e9ation pour s\u2019inscrire dans une d\u00e9marche de soutien, chaque pi\u00e8ce contribuant \u00e0 la mission de l\u2019association aupr\u00e8s des femmes en situation de vuln\u00e9rabilit\u00e9 ou victimes de violences.<br \/>\nSophie Dries a choisi de revisiter le fauteuil Inwood de Philippe Hurel, en lui insufflant un regard contemporain. Cr\u00e9\u00e9 il y a plus de trente ans, ce mod\u00e8le reste fid\u00e8le \u00e0 ses origines. Il porte en lui l\u2019h\u00e9ritage de Jean-Michel Frank, ainsi que cette simplicit\u00e9 \u00e9vidente et ma\u00eetris\u00e9e qui dessine les contours de la collection de Philippe Hurel depuis les ann\u00e9es 1980. Dans l\u2019interpr\u00e9tation de Dries, le fauteuil Inwood conserve sa puret\u00e9 essentielle tout en s\u2019ouvrant \u00e0 une \u00e9volution subtile. Ses lignes demeurent pr\u00e9cises, sa pr\u00e9sence discr\u00e8te mais affirm\u00e9e, incarnant un dialogue intemporel entre h\u00e9ritage et sensibilit\u00e9 contemporaine. Une \u00e9tude de la simplicit\u00e9, o\u00f9 m\u00e9moire et modernit\u00e9 se rencontrent en parfait \u00e9quilibre.<\/p>\n","protected":false},"excerpt":{"rendered":"<p>En collaboration avec La Maison des Femmes, quatre designers \u2014 Constance Guisset, Sophie Dries, Pauline Leprince et Victoria-Maria Geyer \u2014 revisitent des pi\u00e8ces embl\u00e9matiques de la maison Hurel \u00e0 travers des regards singuliers et sensibles, o\u00f9 se rencontrent design, savoir-faire et engagement.La collection d\u00e9passe la cr\u00e9ation pour s\u2019inscrire dans une d\u00e9marche de soutien, chaque pi\u00e8ce [&hellip;]<\/p>\n","protected":false},"featured_media":5905337,"template":"","meta":{"_acf_changed":false,"content-type":"","_themeisle_gutenberg_block_has_review":false},"product_brand":[],"product_cat":[8956,12505],"product_tag":[38110],"product_designer":[23590],"comfabric":[],"manufacturer":[32818],"reporting_designer":[],"samplecomfabric":[],"designer_clubroom":[],"class_list":{"0":"post-5905331","1":"product","2":"type-product","3":"status-publish","4":"has-post-thumbnail","6":"product_cat-bibliotheques","7":"product_cat-rangements","8":"product_tag-piece-unique","9":"product_designer-philippe-hurel-fr","10":"manufacturer-philippe-hurel-atelier-fr","12":"first","13":"instock","14":"taxable","15":"shipping-taxable","16":"purchasable","17":"product-type-simple"},"acf":[],"_links":{"self":[{"href":"https:\/\/theinvisiblecollection.com\/fr\/wp-json\/wp\/v2\/product\/5905331","targetHints":{"allow":["GET"]}}],"collection":[{"href":"https:\/\/theinvisiblecollection.com\/fr\/wp-json\/wp\/v2\/product"}],"about":[{"href":"https:\/\/theinvisiblecollection.com\/fr\/wp-json\/wp\/v2\/types\/product"}],"wp:featuredmedia":[{"embeddable":true,"href":"https:\/\/theinvisiblecollection.com\/fr\/wp-json\/wp\/v2\/media\/5905337"}],"wp:attachment":[{"href":"https:\/\/theinvisiblecollection.com\/fr\/wp-json\/wp\/v2\/media?parent=5905331"}],"wp:term":[{"taxonomy":"product_brand","embeddable":true,"href":"https:\/\/theinvisiblecollection.com\/fr\/wp-json\/wp\/v2\/product_brand?post=5905331"},{"taxonomy":"product_cat","embeddable":true,"href":"https:\/\/theinvisiblecollection.com\/fr\/wp-json\/wp\/v2\/product_cat?post=5905331"},{"taxonomy":"product_tag","embeddable":true,"href":"https:\/\/theinvisiblecollection.com\/fr\/wp-json\/wp\/v2\/product_tag?post=5905331"},{"taxonomy":"product_designer","embeddable":true,"href":"https:\/\/theinvisiblecollection.com\/fr\/wp-json\/wp\/v2\/product_designer?post=5905331"},{"taxonomy":"comfabric","embeddable":true,"href":"https:\/\/theinvisiblecollection.com\/fr\/wp-json\/wp\/v2\/comfabric?post=5905331"},{"taxonomy":"manufacturer","embeddable":true,"href":"https:\/\/theinvisiblecollection.com\/fr\/wp-json\/wp\/v2\/manufacturer?post=5905331"},{"taxonomy":"reporting_designer","embeddable":true,"href":"https:\/\/theinvisiblecollection.com\/fr\/wp-json\/wp\/v2\/reporting_designer?post=5905331"},{"taxonomy":"samplecomfabric","embeddable":true,"href":"https:\/\/theinvisiblecollection.com\/fr\/wp-json\/wp\/v2\/samplecomfabric?post=5905331"},{"taxonomy":"clubroom_product_designer","embeddable":true,"href":"https:\/\/theinvisiblecollection.com\/fr\/wp-json\/wp\/v2\/designer_clubroom?post=5905331"}],"curies":[{"name":"wp","href":"https:\/\/api.w.org\/{rel}","templated":true}]}}