{"id":5905351,"date":"2026-05-05T09:46:12","date_gmt":"2026-05-05T09:46:12","guid":{"rendered":"https:\/\/theinvisiblecollection.com\/?post_type=product&#038;p=5905351"},"modified":"2026-05-08T04:38:19","modified_gmt":"2026-05-08T04:38:19","slug":"philippe-hurel-bureau-ray","status":"publish","type":"product","link":"https:\/\/theinvisiblecollection.com\/fr\/produit\/philippe-hurel-bureau-ray\/","title":{"rendered":"Bureau Ray"},"content":{"rendered":"<p style=\"text-align: justify;\" data-start=\"822\" data-end=\"949\">En collaboration avec La Maison des Femmes, quatre designers \u2014 Constance Guisset, Sophie Dries, Pauline Leprince et Victoria-Maria Geyer \u2014 revisitent des pi\u00e8ces embl\u00e9matiques de la maison Hurel \u00e0 travers des regards singuliers et sensibles, o\u00f9 se rencontrent design, savoir-faire et engagement.<br aria-hidden=\"true\" \/>La collection d\u00e9passe la cr\u00e9ation pour s\u2019inscrire dans une d\u00e9marche de soutien, chaque pi\u00e8ce contribuant \u00e0 la mission de l\u2019association aupr\u00e8s des femmes en situation de vuln\u00e9rabilit\u00e9 ou victimes de violences.<br \/>\nPauline Le Prince r\u00e9interpr\u00e8te le bureau Ray de Philippe Hurel, en r\u00e9v\u00e9lant sa force discr\u00e8te \u00e0 travers un regard contemporain. Avec ses lignes \u00e9pur\u00e9es, le bureau Ray tire sa noblesse de la raret\u00e9 de ses mat\u00e9riaux et de la pr\u00e9cision de leurs assemblages. Chaque d\u00e9tail t\u00e9moigne d\u2019un savoir-faire exigeant, o\u00f9 rien n\u2019est superflu et o\u00f9 tout est pens\u00e9 avec justesse. Ses pieds en bronze patin\u00e9, dispos\u00e9s en angle invers\u00e9, soutiennent un plateau gain\u00e9 de cuir surpiqu\u00e9. Une technique minutieuse qui respecte la mati\u00e8re naturelle tout en lui conf\u00e9rant un grain mat et un toucher d\u2019une douceur inimitable. Dans la vision de Pauline Le Prince, le bureau Ray d\u00e9passe sa fonction premi\u00e8re pour devenir un objet d\u2019\u00e9quilibre et de sensations, o\u00f9 mati\u00e8re, geste et usage se rejoignent dans une \u00e9l\u00e9gance ma\u00eetris\u00e9e.<\/p>\n","protected":false},"excerpt":{"rendered":"<p>En collaboration avec La Maison des Femmes, quatre designers \u2014 Constance Guisset, Sophie Dries, Pauline Leprince et Victoria-Maria Geyer \u2014 revisitent des pi\u00e8ces embl\u00e9matiques de la maison Hurel \u00e0 travers des regards singuliers et sensibles, o\u00f9 se rencontrent design, savoir-faire et engagement.La collection d\u00e9passe la cr\u00e9ation pour s\u2019inscrire dans une d\u00e9marche de soutien, chaque pi\u00e8ce [&hellip;]<\/p>\n","protected":false},"featured_media":5905355,"template":"","meta":{"_acf_changed":false,"content-type":"","_themeisle_gutenberg_block_has_review":false},"product_brand":[],"product_cat":[7704,12503],"product_tag":[7431],"product_designer":[23590],"comfabric":[],"manufacturer":[32818],"reporting_designer":[],"samplecomfabric":[],"designer_clubroom":[],"class_list":{"0":"post-5905351","1":"product","2":"type-product","3":"status-publish","4":"has-post-thumbnail","6":"product_cat-bureaux-fr","7":"product_cat-tables-fr","8":"product_tag-piece-unique-fr","9":"product_designer-philippe-hurel-fr","10":"manufacturer-philippe-hurel-atelier-fr","12":"first","13":"instock","14":"taxable","15":"shipping-taxable","16":"purchasable","17":"product-type-simple"},"acf":[],"_links":{"self":[{"href":"https:\/\/theinvisiblecollection.com\/fr\/wp-json\/wp\/v2\/product\/5905351","targetHints":{"allow":["GET"]}}],"collection":[{"href":"https:\/\/theinvisiblecollection.com\/fr\/wp-json\/wp\/v2\/product"}],"about":[{"href":"https:\/\/theinvisiblecollection.com\/fr\/wp-json\/wp\/v2\/types\/product"}],"wp:featuredmedia":[{"embeddable":true,"href":"https:\/\/theinvisiblecollection.com\/fr\/wp-json\/wp\/v2\/media\/5905355"}],"wp:attachment":[{"href":"https:\/\/theinvisiblecollection.com\/fr\/wp-json\/wp\/v2\/media?parent=5905351"}],"wp:term":[{"taxonomy":"product_brand","embeddable":true,"href":"https:\/\/theinvisiblecollection.com\/fr\/wp-json\/wp\/v2\/product_brand?post=5905351"},{"taxonomy":"product_cat","embeddable":true,"href":"https:\/\/theinvisiblecollection.com\/fr\/wp-json\/wp\/v2\/product_cat?post=5905351"},{"taxonomy":"product_tag","embeddable":true,"href":"https:\/\/theinvisiblecollection.com\/fr\/wp-json\/wp\/v2\/product_tag?post=5905351"},{"taxonomy":"product_designer","embeddable":true,"href":"https:\/\/theinvisiblecollection.com\/fr\/wp-json\/wp\/v2\/product_designer?post=5905351"},{"taxonomy":"comfabric","embeddable":true,"href":"https:\/\/theinvisiblecollection.com\/fr\/wp-json\/wp\/v2\/comfabric?post=5905351"},{"taxonomy":"manufacturer","embeddable":true,"href":"https:\/\/theinvisiblecollection.com\/fr\/wp-json\/wp\/v2\/manufacturer?post=5905351"},{"taxonomy":"reporting_designer","embeddable":true,"href":"https:\/\/theinvisiblecollection.com\/fr\/wp-json\/wp\/v2\/reporting_designer?post=5905351"},{"taxonomy":"samplecomfabric","embeddable":true,"href":"https:\/\/theinvisiblecollection.com\/fr\/wp-json\/wp\/v2\/samplecomfabric?post=5905351"},{"taxonomy":"clubroom_product_designer","embeddable":true,"href":"https:\/\/theinvisiblecollection.com\/fr\/wp-json\/wp\/v2\/designer_clubroom?post=5905351"}],"curies":[{"name":"wp","href":"https:\/\/api.w.org\/{rel}","templated":true}]}}