{"id":5905371,"date":"2026-05-05T10:00:08","date_gmt":"2026-05-05T10:00:08","guid":{"rendered":"https:\/\/theinvisiblecollection.com\/?post_type=product&#038;p=5905371"},"modified":"2026-05-08T04:38:19","modified_gmt":"2026-05-08T04:38:19","slug":"philippe-hurel-chaise-peggy-sue","status":"publish","type":"product","link":"https:\/\/theinvisiblecollection.com\/fr\/produit\/philippe-hurel-chaise-peggy-sue\/","title":{"rendered":"Chaise Peggy Sue"},"content":{"rendered":"<p style=\"text-align: justify;\" data-start=\"780\" data-end=\"944\">En collaboration avec La Maison des Femmes, quatre designers \u2014 Constance Guisset, Sophie Dries, Pauline Leprince et Victoria-Maria Geyer \u2014 revisitent des pi\u00e8ces embl\u00e9matiques de la maison Hurel \u00e0 travers des regards singuliers et sensibles, o\u00f9 se rencontrent design, savoir-faire et engagement.<br aria-hidden=\"true\" \/>La collection d\u00e9passe la cr\u00e9ation pour s\u2019inscrire dans une d\u00e9marche de soutien, chaque pi\u00e8ce contribuant \u00e0 la mission de l\u2019association aupr\u00e8s des femmes en situation de vuln\u00e9rabilit\u00e9 ou victimes de violences.<br \/>\nVictoria-Maria Geyer apporte un nouveau regard \u00e0 la chaise Peggy Sue de Philippe Hurel, en r\u00e9v\u00e9lant le mouvement subtil qui se cache derri\u00e8re son apparente retenue. Adopt\u00e9e par l\u2019une des grandes maisons de joaillerie de la place Vend\u00f4me \u00e0 Paris, Peggy Sue d\u00e9ploie un charme \u00e0 la fois raffin\u00e9 et inattendu. Faussement n\u00e9oclassique au premier regard, elle dissimule une ligne plus libre, presque dansante. Son dossier et ses pieds post\u00e9rieurs se dessinent dans un galbe gracieux, conf\u00e9rant \u00e0 l\u2019ensemble une impression de l\u00e9g\u00e8ret\u00e9 et de fluidit\u00e9. Sous son allure ma\u00eetris\u00e9e se r\u00e9v\u00e8le un dynamisme discret, o\u00f9 l\u2019\u00e9l\u00e9gance rencontre le mouvement. Dans l\u2019interpr\u00e9tation de Victoria-Maria Geyer, Peggy Sue devient un jeu de contraste entre structure et souplesse, tradition et s\u00e9duction, capturant le regard par son charme subtil.<\/p>\n","protected":false},"excerpt":{"rendered":"<p>En collaboration avec La Maison des Femmes, quatre designers \u2014 Constance Guisset, Sophie Dries, Pauline Leprince et Victoria-Maria Geyer \u2014 revisitent des pi\u00e8ces embl\u00e9matiques de la maison Hurel \u00e0 travers des regards singuliers et sensibles, o\u00f9 se rencontrent design, savoir-faire et engagement.La collection d\u00e9passe la cr\u00e9ation pour s\u2019inscrire dans une d\u00e9marche de soutien, chaque pi\u00e8ce [&hellip;]<\/p>\n","protected":false},"featured_media":5905375,"template":"","meta":{"_acf_changed":false,"content-type":"","_themeisle_gutenberg_block_has_review":false},"product_brand":[],"product_cat":[8962,12499],"product_tag":[7431],"product_designer":[23590],"comfabric":[],"manufacturer":[32818],"reporting_designer":[],"samplecomfabric":[],"designer_clubroom":[],"class_list":{"0":"post-5905371","1":"product","2":"type-product","3":"status-publish","4":"has-post-thumbnail","6":"product_cat-chaises","7":"product_cat-assises","8":"product_tag-piece-unique-fr","9":"product_designer-philippe-hurel-fr","10":"manufacturer-philippe-hurel-atelier-fr","12":"first","13":"instock","14":"taxable","15":"shipping-taxable","16":"purchasable","17":"product-type-simple"},"acf":[],"_links":{"self":[{"href":"https:\/\/theinvisiblecollection.com\/fr\/wp-json\/wp\/v2\/product\/5905371","targetHints":{"allow":["GET"]}}],"collection":[{"href":"https:\/\/theinvisiblecollection.com\/fr\/wp-json\/wp\/v2\/product"}],"about":[{"href":"https:\/\/theinvisiblecollection.com\/fr\/wp-json\/wp\/v2\/types\/product"}],"wp:featuredmedia":[{"embeddable":true,"href":"https:\/\/theinvisiblecollection.com\/fr\/wp-json\/wp\/v2\/media\/5905375"}],"wp:attachment":[{"href":"https:\/\/theinvisiblecollection.com\/fr\/wp-json\/wp\/v2\/media?parent=5905371"}],"wp:term":[{"taxonomy":"product_brand","embeddable":true,"href":"https:\/\/theinvisiblecollection.com\/fr\/wp-json\/wp\/v2\/product_brand?post=5905371"},{"taxonomy":"product_cat","embeddable":true,"href":"https:\/\/theinvisiblecollection.com\/fr\/wp-json\/wp\/v2\/product_cat?post=5905371"},{"taxonomy":"product_tag","embeddable":true,"href":"https:\/\/theinvisiblecollection.com\/fr\/wp-json\/wp\/v2\/product_tag?post=5905371"},{"taxonomy":"product_designer","embeddable":true,"href":"https:\/\/theinvisiblecollection.com\/fr\/wp-json\/wp\/v2\/product_designer?post=5905371"},{"taxonomy":"comfabric","embeddable":true,"href":"https:\/\/theinvisiblecollection.com\/fr\/wp-json\/wp\/v2\/comfabric?post=5905371"},{"taxonomy":"manufacturer","embeddable":true,"href":"https:\/\/theinvisiblecollection.com\/fr\/wp-json\/wp\/v2\/manufacturer?post=5905371"},{"taxonomy":"reporting_designer","embeddable":true,"href":"https:\/\/theinvisiblecollection.com\/fr\/wp-json\/wp\/v2\/reporting_designer?post=5905371"},{"taxonomy":"samplecomfabric","embeddable":true,"href":"https:\/\/theinvisiblecollection.com\/fr\/wp-json\/wp\/v2\/samplecomfabric?post=5905371"},{"taxonomy":"clubroom_product_designer","embeddable":true,"href":"https:\/\/theinvisiblecollection.com\/fr\/wp-json\/wp\/v2\/designer_clubroom?post=5905371"}],"curies":[{"name":"wp","href":"https:\/\/api.w.org\/{rel}","templated":true}]}}