{"id":5905535,"date":"2026-05-05T16:34:08","date_gmt":"2026-05-05T16:34:08","guid":{"rendered":"https:\/\/theinvisiblecollection.com\/?post_type=product&#038;p=5905535"},"modified":"2026-05-08T04:38:19","modified_gmt":"2026-05-08T04:38:19","slug":"hamrei-table-dappoint-ronde-mirra-chene","status":"publish","type":"product","link":"https:\/\/theinvisiblecollection.com\/fr\/produit\/hamrei-table-dappoint-ronde-mirra-chene\/","title":{"rendered":"Table d&#8217;appoint Ronde Mirra Ch\u00eane"},"content":{"rendered":"<p data-start=\"0\" data-end=\"274\">C\u00e9l\u00e9brant la beaut\u00e9 et la clart\u00e9 du verre en cristal de Murano d\u2019une mani\u00e8re peu traditionnelle, la collection Mirra de Hamrei utilise le moulage plut\u00f4t que le soufflage pour cr\u00e9er des plateaux aux allures de bonbon, translucides, qui diffusent une lumi\u00e8re douce et color\u00e9e.<\/p>\n<p data-start=\"276\" data-end=\"438\" data-is-last-node=\"\" data-is-only-node=\"\">Le verre s\u2019associe \u00e0 une base stable et \u00e9quilibr\u00e9e, avec des pieds textur\u00e9s en bronze ou en aluminium, ou en ch\u00eane massif, chacun apportant son caract\u00e8re discret.<\/p>\n","protected":false},"excerpt":{"rendered":"<p>Table d&#8217;appoint en verre de murano massif coul\u00e9, couleur \u00e9meraude<br \/>\n<a href=\"https:\/\/theinvisiblecollection.com\/wp-content\/uploads\/2022\/02\/TheInvisibleCollection_Hamrei_Fabric_Finish-selection.pdf\" target=\"_blank\" rel=\"noopener\"><span style=\"text-decoration: underline;\">D\u00e9couvrez la s\u00e9lection de couleurs ici<\/span><\/a><br \/>\nPieds en acier massif forg\u00e9 \u00e0 la main, noirci et textur\u00e9<br \/>\nCouleurs sur-mesure sur demande<\/p>\n<p>\u00d8 36 x H 48 cm<br \/>\nPlateau en verre : \u00d8 32 cm<\/p>\n<p class=\"p1\">Fabriqu\u00e9e \u00e0 la main en Italie \/ Royaume-Uni<br \/>\nD\u00e9lais de fabrication : 12 semaines<\/p>\n<p class=\"p2\"><span style=\"text-decoration: underline;\"><span class=\"s1\"><a href=\"https:\/\/www.theinvisiblecollection.com\/fr\/demande-de-devis\/?product_id=121552\" target=\"_blank\" rel=\"noopener\">Contactez-nous pour toute demande de devis ou de renseignements<\/a><\/span><\/span><\/p>\n","protected":false},"featured_media":5905580,"template":"","meta":{"_acf_changed":false,"content-type":"","_themeisle_gutenberg_block_has_review":false},"product_brand":[],"product_cat":[12332,12503,12514],"product_tag":[9059,31477],"product_designer":[15640],"comfabric":[],"manufacturer":[26775],"reporting_designer":[],"samplecomfabric":[],"designer_clubroom":[],"class_list":{"0":"post-5905535","1":"product","2":"type-product","3":"status-publish","4":"has-post-thumbnail","6":"product_cat-tables-dappoint","7":"product_cat-tables-fr","8":"product_cat-tables-de-chevet","9":"product_tag-gueridon-fr-2","10":"product_tag-st-curvy-fr","11":"product_designer-hamrei-fr","12":"manufacturer-hamrei-atelier-lisbon-matinha-fr","14":"first","15":"instock","16":"taxable","17":"shipping-taxable","18":"purchasable","19":"product-type-variable"},"acf":[],"_links":{"self":[{"href":"https:\/\/theinvisiblecollection.com\/fr\/wp-json\/wp\/v2\/product\/5905535","targetHints":{"allow":["GET"]}}],"collection":[{"href":"https:\/\/theinvisiblecollection.com\/fr\/wp-json\/wp\/v2\/product"}],"about":[{"href":"https:\/\/theinvisiblecollection.com\/fr\/wp-json\/wp\/v2\/types\/product"}],"wp:featuredmedia":[{"embeddable":true,"href":"https:\/\/theinvisiblecollection.com\/fr\/wp-json\/wp\/v2\/media\/5905580"}],"wp:attachment":[{"href":"https:\/\/theinvisiblecollection.com\/fr\/wp-json\/wp\/v2\/media?parent=5905535"}],"wp:term":[{"taxonomy":"product_brand","embeddable":true,"href":"https:\/\/theinvisiblecollection.com\/fr\/wp-json\/wp\/v2\/product_brand?post=5905535"},{"taxonomy":"product_cat","embeddable":true,"href":"https:\/\/theinvisiblecollection.com\/fr\/wp-json\/wp\/v2\/product_cat?post=5905535"},{"taxonomy":"product_tag","embeddable":true,"href":"https:\/\/theinvisiblecollection.com\/fr\/wp-json\/wp\/v2\/product_tag?post=5905535"},{"taxonomy":"product_designer","embeddable":true,"href":"https:\/\/theinvisiblecollection.com\/fr\/wp-json\/wp\/v2\/product_designer?post=5905535"},{"taxonomy":"comfabric","embeddable":true,"href":"https:\/\/theinvisiblecollection.com\/fr\/wp-json\/wp\/v2\/comfabric?post=5905535"},{"taxonomy":"manufacturer","embeddable":true,"href":"https:\/\/theinvisiblecollection.com\/fr\/wp-json\/wp\/v2\/manufacturer?post=5905535"},{"taxonomy":"reporting_designer","embeddable":true,"href":"https:\/\/theinvisiblecollection.com\/fr\/wp-json\/wp\/v2\/reporting_designer?post=5905535"},{"taxonomy":"samplecomfabric","embeddable":true,"href":"https:\/\/theinvisiblecollection.com\/fr\/wp-json\/wp\/v2\/samplecomfabric?post=5905535"},{"taxonomy":"clubroom_product_designer","embeddable":true,"href":"https:\/\/theinvisiblecollection.com\/fr\/wp-json\/wp\/v2\/designer_clubroom?post=5905535"}],"curies":[{"name":"wp","href":"https:\/\/api.w.org\/{rel}","templated":true}]}}