{"id":5905797,"date":"2026-05-06T14:00:36","date_gmt":"2026-05-06T14:00:36","guid":{"rendered":"https:\/\/theinvisiblecollection.com\/?post_type=product&#038;p=5905797"},"modified":"2026-05-08T16:15:11","modified_gmt":"2026-05-08T16:15:11","slug":"maison-leleu-lampe-entrelacs","status":"publish","type":"product","link":"https:\/\/theinvisiblecollection.com\/fr\/produit\/maison-leleu-lampe-entrelacs\/","title":{"rendered":"Lampe Entrelacs"},"content":{"rendered":"<p style=\"text-align: justify;\">Pos\u00e9e sur une base graphique et rigoureuse, le lampadaire Clarence joue sur un \u00e9quilibre pr\u00e9cis entre masse et vide.<br \/>\nLe m\u00e9tal cadre sans enfermer, r\u00e9v\u00e9lant l\u2019alb\u00e2tre dans sa verticalit\u00e9. Travers\u00e9e par la lumi\u00e8re, la pierre s\u2019anime de l\u2019int\u00e9rieur. Un geste Art D\u00e9co r\u00e9interpr\u00e9t\u00e9, plus tendu, plus radical, o\u00f9 la structure devient \u00e9crin et la mati\u00e8re, source de lumi\u00e8re.<\/p>\n","protected":false},"excerpt":{"rendered":"<p>Table basse en laque craquel\u00e9e<br \/>\nCouleurs sur-mesure sur demande<\/p>\n<p>L 100 x l 65 x H 40 cm<\/p>\n<p class=\"p1\">Fabriqu\u00e9e \u00e0 la main en France<br \/>\nD\u00e9lais de fabrication : 20 semaines<\/p>\n<p class=\"p2\"><span style=\"text-decoration: underline;\"><span class=\"s1\"><a href=\"https:\/\/www.theinvisiblecollection.com\/fr\/demande-de-devis\/?product_id=125900\" target=\"_blank\" rel=\"noopener\">Contactez-nous pour toute demande de devis ou de renseignements<\/a><\/span><\/span><\/p>\n","protected":false},"featured_media":5905801,"template":"","meta":{"_acf_changed":false,"content-type":"","_themeisle_gutenberg_block_has_review":false},"product_brand":[],"product_cat":[8974,12507],"product_tag":[9049,9200,9444,33319,35206],"product_designer":[16596],"comfabric":[],"manufacturer":[37012],"reporting_designer":[],"samplecomfabric":[],"designer_clubroom":[],"class_list":{"0":"post-5905797","1":"product","2":"type-product","3":"status-publish","4":"has-post-thumbnail","6":"product_cat-lampes-de-table","7":"product_cat-luminaires","8":"product_tag-lampe-de-table","9":"product_tag-luminaire-fr-2","10":"product_tag-laque-fr-2","11":"product_tag-edition-limitee","12":"product_tag-exclusive-fr","13":"product_designer-maison-leleu-fr","14":"manufacturer-maison-leleu-esi-louvres-fr","16":"first","17":"instock","18":"taxable","19":"shipping-taxable","20":"purchasable","21":"product-type-simple"},"acf":[],"_links":{"self":[{"href":"https:\/\/theinvisiblecollection.com\/fr\/wp-json\/wp\/v2\/product\/5905797","targetHints":{"allow":["GET"]}}],"collection":[{"href":"https:\/\/theinvisiblecollection.com\/fr\/wp-json\/wp\/v2\/product"}],"about":[{"href":"https:\/\/theinvisiblecollection.com\/fr\/wp-json\/wp\/v2\/types\/product"}],"wp:featuredmedia":[{"embeddable":true,"href":"https:\/\/theinvisiblecollection.com\/fr\/wp-json\/wp\/v2\/media\/5905801"}],"wp:attachment":[{"href":"https:\/\/theinvisiblecollection.com\/fr\/wp-json\/wp\/v2\/media?parent=5905797"}],"wp:term":[{"taxonomy":"product_brand","embeddable":true,"href":"https:\/\/theinvisiblecollection.com\/fr\/wp-json\/wp\/v2\/product_brand?post=5905797"},{"taxonomy":"product_cat","embeddable":true,"href":"https:\/\/theinvisiblecollection.com\/fr\/wp-json\/wp\/v2\/product_cat?post=5905797"},{"taxonomy":"product_tag","embeddable":true,"href":"https:\/\/theinvisiblecollection.com\/fr\/wp-json\/wp\/v2\/product_tag?post=5905797"},{"taxonomy":"product_designer","embeddable":true,"href":"https:\/\/theinvisiblecollection.com\/fr\/wp-json\/wp\/v2\/product_designer?post=5905797"},{"taxonomy":"comfabric","embeddable":true,"href":"https:\/\/theinvisiblecollection.com\/fr\/wp-json\/wp\/v2\/comfabric?post=5905797"},{"taxonomy":"manufacturer","embeddable":true,"href":"https:\/\/theinvisiblecollection.com\/fr\/wp-json\/wp\/v2\/manufacturer?post=5905797"},{"taxonomy":"reporting_designer","embeddable":true,"href":"https:\/\/theinvisiblecollection.com\/fr\/wp-json\/wp\/v2\/reporting_designer?post=5905797"},{"taxonomy":"samplecomfabric","embeddable":true,"href":"https:\/\/theinvisiblecollection.com\/fr\/wp-json\/wp\/v2\/samplecomfabric?post=5905797"},{"taxonomy":"clubroom_product_designer","embeddable":true,"href":"https:\/\/theinvisiblecollection.com\/fr\/wp-json\/wp\/v2\/designer_clubroom?post=5905797"}],"curies":[{"name":"wp","href":"https:\/\/api.w.org\/{rel}","templated":true}]}}