{"id":5905818,"date":"2026-05-06T14:28:09","date_gmt":"2026-05-06T14:28:09","guid":{"rendered":"https:\/\/theinvisiblecollection.com\/?post_type=product&#038;p=5905818"},"modified":"2026-05-08T16:16:01","modified_gmt":"2026-05-08T16:16:01","slug":"maison-leleu-lustre-ava","status":"publish","type":"product","link":"https:\/\/theinvisiblecollection.com\/fr\/produit\/maison-leleu-lustre-ava\/","title":{"rendered":"Lustre Ava"},"content":{"rendered":"<p style=\"text-align: justify;\">Lustre Art D\u00e9co issu des archives des ann\u00e9es 1930, le lustre Ava de Maison Leleu est r\u00e9interpr\u00e9t\u00e9 \u00e0 travers une finition \u00e9voquant le pl\u00e2tre, qui adoucit sa pr\u00e9sence et r\u00e9v\u00e8le une nouvelle sensualit\u00e9 de la mati\u00e8re. Initialement con\u00e7u en m\u00e9tal, il se transforme ici en une pi\u00e8ce presque min\u00e9rale et mate, lui conf\u00e9rant une dimension sculpturale inattendue : la lumi\u00e8re ne se contente plus d\u2019\u00eatre diffus\u00e9e, elle semble \u00e9merger de la surface elle-m\u00eame.<br \/>\nEntre rigueur g\u00e9om\u00e9trique et douceur tactile, le lustre s\u2019oriente vers une modernit\u00e9 apais\u00e9e, o\u00f9 l\u2019Art D\u00e9co est r\u00e9invent\u00e9 dans une forme plus intime et essentielle.<\/p>\n","protected":false},"excerpt":{"rendered":"<p>Table basse en laque craquel\u00e9e<br \/>\nCouleurs sur-mesure sur demande<\/p>\n<p>L 100 x l 65 x H 40 cm<\/p>\n<p class=\"p1\">Fabriqu\u00e9e \u00e0 la main en France<br \/>\nD\u00e9lais de fabrication : 20 semaines<\/p>\n<p class=\"p2\"><span style=\"text-decoration: underline;\"><span class=\"s1\"><a href=\"https:\/\/www.theinvisiblecollection.com\/fr\/demande-de-devis\/?product_id=125900\" target=\"_blank\" rel=\"noopener\">Contactez-nous pour toute demande de devis ou de renseignements<\/a><\/span><\/span><\/p>\n","protected":false},"featured_media":5905824,"template":"","meta":{"_acf_changed":false,"content-type":"","_themeisle_gutenberg_block_has_review":false},"product_brand":[],"product_cat":[8961,12507],"product_tag":[9200,33319,35206],"product_designer":[16596],"comfabric":[],"manufacturer":[37012],"reporting_designer":[],"samplecomfabric":[],"designer_clubroom":[],"class_list":{"0":"post-5905818","1":"product","2":"type-product","3":"status-publish","4":"has-post-thumbnail","6":"product_cat-suspensions","7":"product_cat-luminaires","8":"product_tag-luminaire-fr-2","9":"product_tag-edition-limitee","10":"product_tag-exclusive-fr","11":"product_designer-maison-leleu-fr","12":"manufacturer-maison-leleu-esi-louvres-fr","14":"first","15":"instock","16":"taxable","17":"shipping-taxable","18":"purchasable","19":"product-type-simple"},"acf":[],"_links":{"self":[{"href":"https:\/\/theinvisiblecollection.com\/fr\/wp-json\/wp\/v2\/product\/5905818","targetHints":{"allow":["GET"]}}],"collection":[{"href":"https:\/\/theinvisiblecollection.com\/fr\/wp-json\/wp\/v2\/product"}],"about":[{"href":"https:\/\/theinvisiblecollection.com\/fr\/wp-json\/wp\/v2\/types\/product"}],"wp:featuredmedia":[{"embeddable":true,"href":"https:\/\/theinvisiblecollection.com\/fr\/wp-json\/wp\/v2\/media\/5905824"}],"wp:attachment":[{"href":"https:\/\/theinvisiblecollection.com\/fr\/wp-json\/wp\/v2\/media?parent=5905818"}],"wp:term":[{"taxonomy":"product_brand","embeddable":true,"href":"https:\/\/theinvisiblecollection.com\/fr\/wp-json\/wp\/v2\/product_brand?post=5905818"},{"taxonomy":"product_cat","embeddable":true,"href":"https:\/\/theinvisiblecollection.com\/fr\/wp-json\/wp\/v2\/product_cat?post=5905818"},{"taxonomy":"product_tag","embeddable":true,"href":"https:\/\/theinvisiblecollection.com\/fr\/wp-json\/wp\/v2\/product_tag?post=5905818"},{"taxonomy":"product_designer","embeddable":true,"href":"https:\/\/theinvisiblecollection.com\/fr\/wp-json\/wp\/v2\/product_designer?post=5905818"},{"taxonomy":"comfabric","embeddable":true,"href":"https:\/\/theinvisiblecollection.com\/fr\/wp-json\/wp\/v2\/comfabric?post=5905818"},{"taxonomy":"manufacturer","embeddable":true,"href":"https:\/\/theinvisiblecollection.com\/fr\/wp-json\/wp\/v2\/manufacturer?post=5905818"},{"taxonomy":"reporting_designer","embeddable":true,"href":"https:\/\/theinvisiblecollection.com\/fr\/wp-json\/wp\/v2\/reporting_designer?post=5905818"},{"taxonomy":"samplecomfabric","embeddable":true,"href":"https:\/\/theinvisiblecollection.com\/fr\/wp-json\/wp\/v2\/samplecomfabric?post=5905818"},{"taxonomy":"clubroom_product_designer","embeddable":true,"href":"https:\/\/theinvisiblecollection.com\/fr\/wp-json\/wp\/v2\/designer_clubroom?post=5905818"}],"curies":[{"name":"wp","href":"https:\/\/api.w.org\/{rel}","templated":true}]}}