{"id":5906279,"date":"2026-05-13T14:48:02","date_gmt":"2026-05-13T14:48:02","guid":{"rendered":"https:\/\/theinvisiblecollection.com\/?post_type=product&#038;p=5906279"},"modified":"2026-05-15T12:29:49","modified_gmt":"2026-05-15T12:29:49","slug":"maison-leleu-chaise-balae","status":"publish","type":"product","link":"https:\/\/theinvisiblecollection.com\/fr\/produit\/maison-leleu-chaise-balae\/","title":{"rendered":"Chaise Balae"},"content":{"rendered":"<p style=\"text-align: justify;\">D\u00e9velopp\u00e9e de mani\u00e8re intuitive et empirique, comme un collage en volume, la chaise Bala\u00e9 puise dans un vocabulaire cher \u00e0 la Maison Leleu. Les formes s\u2019assemblent, se r\u00e9pondent, cr\u00e9ant un rythme presque musical. Une pi\u00e8ce o\u00f9 la contrainte devient jeu, et o\u00f9 l\u2019h\u00e9ritage se transforme en une \u00e9criture libre et contemporaine.<\/p>\n","protected":false},"excerpt":{"rendered":"<p>D\u00e9velopp\u00e9e de mani\u00e8re intuitive et empirique, comme un collage en volume, la chaise Bala\u00e9 puise dans un vocabulaire cher \u00e0 la Maison Leleu. Les formes s\u2019assemblent, se r\u00e9pondent, cr\u00e9ant un rythme presque musical. Une pi\u00e8ce o\u00f9 la contrainte devient jeu, et o\u00f9 l\u2019h\u00e9ritage se transforme en une \u00e9criture libre et contemporaine.<\/p>\n","protected":false},"featured_media":5906267,"template":"","meta":{"_acf_changed":false,"content-type":"","_themeisle_gutenberg_block_has_review":false},"product_brand":[],"product_cat":[8962,12499],"product_tag":[8942,8953,9017,31474,31476],"product_designer":[16596],"comfabric":[],"manufacturer":[37012],"reporting_designer":[],"samplecomfabric":[],"designer_clubroom":[],"class_list":{"0":"post-5906279","1":"product","2":"type-product","3":"status-publish","4":"has-post-thumbnail","6":"product_cat-chaises","7":"product_cat-assises","8":"product_tag-assise","9":"product_tag-salle-a-manger","10":"product_tag-chaise","11":"product_tag-co-white-fr","12":"product_tag-st-collectible-fr","13":"pa_finish-brillante","14":"pa_finish-mate","15":"product_designer-maison-leleu-fr","16":"manufacturer-maison-leleu-esi-louvres-fr","17":"exhibitions-new-york-fr","19":"first","20":"instock","21":"taxable","22":"shipping-taxable","23":"purchasable","24":"product-type-variable"},"acf":[],"_links":{"self":[{"href":"https:\/\/theinvisiblecollection.com\/fr\/wp-json\/wp\/v2\/product\/5906279","targetHints":{"allow":["GET"]}}],"collection":[{"href":"https:\/\/theinvisiblecollection.com\/fr\/wp-json\/wp\/v2\/product"}],"about":[{"href":"https:\/\/theinvisiblecollection.com\/fr\/wp-json\/wp\/v2\/types\/product"}],"wp:featuredmedia":[{"embeddable":true,"href":"https:\/\/theinvisiblecollection.com\/fr\/wp-json\/wp\/v2\/media\/5906267"}],"wp:attachment":[{"href":"https:\/\/theinvisiblecollection.com\/fr\/wp-json\/wp\/v2\/media?parent=5906279"}],"wp:term":[{"taxonomy":"product_brand","embeddable":true,"href":"https:\/\/theinvisiblecollection.com\/fr\/wp-json\/wp\/v2\/product_brand?post=5906279"},{"taxonomy":"product_cat","embeddable":true,"href":"https:\/\/theinvisiblecollection.com\/fr\/wp-json\/wp\/v2\/product_cat?post=5906279"},{"taxonomy":"product_tag","embeddable":true,"href":"https:\/\/theinvisiblecollection.com\/fr\/wp-json\/wp\/v2\/product_tag?post=5906279"},{"taxonomy":"product_designer","embeddable":true,"href":"https:\/\/theinvisiblecollection.com\/fr\/wp-json\/wp\/v2\/product_designer?post=5906279"},{"taxonomy":"comfabric","embeddable":true,"href":"https:\/\/theinvisiblecollection.com\/fr\/wp-json\/wp\/v2\/comfabric?post=5906279"},{"taxonomy":"manufacturer","embeddable":true,"href":"https:\/\/theinvisiblecollection.com\/fr\/wp-json\/wp\/v2\/manufacturer?post=5906279"},{"taxonomy":"reporting_designer","embeddable":true,"href":"https:\/\/theinvisiblecollection.com\/fr\/wp-json\/wp\/v2\/reporting_designer?post=5906279"},{"taxonomy":"samplecomfabric","embeddable":true,"href":"https:\/\/theinvisiblecollection.com\/fr\/wp-json\/wp\/v2\/samplecomfabric?post=5906279"},{"taxonomy":"clubroom_product_designer","embeddable":true,"href":"https:\/\/theinvisiblecollection.com\/fr\/wp-json\/wp\/v2\/designer_clubroom?post=5906279"}],"curies":[{"name":"wp","href":"https:\/\/api.w.org\/{rel}","templated":true}]}}