{"id":5906285,"date":"2026-05-07T08:45:48","date_gmt":"2026-05-07T08:45:48","guid":{"rendered":"https:\/\/theinvisiblecollection.com\/?post_type=product&#038;p=5906285"},"modified":"2026-05-15T05:01:41","modified_gmt":"2026-05-15T05:01:41","slug":"maison-leleu-chaise-longo","status":"publish","type":"product","link":"https:\/\/theinvisiblecollection.com\/fr\/produit\/maison-leleu-chaise-longo\/","title":{"rendered":"Chaise Longo"},"content":{"rendered":"<p style=\"text-align: justify;\">Inspir\u00e9e des mod\u00e8les de la Maison o\u00f9 le dossier devenait un v\u00e9ritable manifeste, Alexia Leleu propose pour la chaise Longo, une lecture \u00e9pur\u00e9e et moderne. Le dossier s\u2019\u00e9tire, presque architectural, affirmant une verticalit\u00e9 forte et assum\u00e9e.<br \/>\nLa structure, volontairement fine, vient en contrepoint, laissant toute la puissance au geste. Une pi\u00e8ce o\u00f9 la proportion devient langage, entre pr\u00e9sence et retenue, dans une \u00e9criture r\u00e9solument contemporaine.<\/p>\n","protected":false},"excerpt":{"rendered":"<p>Inspir\u00e9e des mod\u00e8les de la Maison o\u00f9 le dossier devenait un v\u00e9ritable manifeste, Alexia Leleu propose pour la chaise Longo, une lecture \u00e9pur\u00e9e et moderne. Le dossier s\u2019\u00e9tire, presque architectural, affirmant une verticalit\u00e9 forte et assum\u00e9e. La structure, volontairement fine, vient en contrepoint, laissant toute la puissance au geste. Une pi\u00e8ce o\u00f9 la proportion devient [&hellip;]<\/p>\n","protected":false},"featured_media":5906305,"template":"","meta":{"_acf_changed":false,"content-type":"","_themeisle_gutenberg_block_has_review":false},"product_brand":[],"product_cat":[12499,8962],"product_tag":[],"product_designer":[16596],"comfabric":[],"manufacturer":[37012],"reporting_designer":[],"samplecomfabric":[],"designer_clubroom":[],"class_list":{"0":"post-5906285","1":"product","2":"type-product","3":"status-publish","4":"has-post-thumbnail","6":"product_cat-assises","7":"product_cat-chaises","8":"pa_finish-brillante","9":"pa_finish-mate","10":"product_designer-maison-leleu-fr","11":"manufacturer-maison-leleu-esi-louvres-fr","13":"first","14":"instock","15":"taxable","16":"shipping-taxable","17":"purchasable","18":"product-type-variable"},"acf":[],"_links":{"self":[{"href":"https:\/\/theinvisiblecollection.com\/fr\/wp-json\/wp\/v2\/product\/5906285","targetHints":{"allow":["GET"]}}],"collection":[{"href":"https:\/\/theinvisiblecollection.com\/fr\/wp-json\/wp\/v2\/product"}],"about":[{"href":"https:\/\/theinvisiblecollection.com\/fr\/wp-json\/wp\/v2\/types\/product"}],"wp:featuredmedia":[{"embeddable":true,"href":"https:\/\/theinvisiblecollection.com\/fr\/wp-json\/wp\/v2\/media\/5906305"}],"wp:attachment":[{"href":"https:\/\/theinvisiblecollection.com\/fr\/wp-json\/wp\/v2\/media?parent=5906285"}],"wp:term":[{"taxonomy":"product_brand","embeddable":true,"href":"https:\/\/theinvisiblecollection.com\/fr\/wp-json\/wp\/v2\/product_brand?post=5906285"},{"taxonomy":"product_cat","embeddable":true,"href":"https:\/\/theinvisiblecollection.com\/fr\/wp-json\/wp\/v2\/product_cat?post=5906285"},{"taxonomy":"product_tag","embeddable":true,"href":"https:\/\/theinvisiblecollection.com\/fr\/wp-json\/wp\/v2\/product_tag?post=5906285"},{"taxonomy":"product_designer","embeddable":true,"href":"https:\/\/theinvisiblecollection.com\/fr\/wp-json\/wp\/v2\/product_designer?post=5906285"},{"taxonomy":"comfabric","embeddable":true,"href":"https:\/\/theinvisiblecollection.com\/fr\/wp-json\/wp\/v2\/comfabric?post=5906285"},{"taxonomy":"manufacturer","embeddable":true,"href":"https:\/\/theinvisiblecollection.com\/fr\/wp-json\/wp\/v2\/manufacturer?post=5906285"},{"taxonomy":"reporting_designer","embeddable":true,"href":"https:\/\/theinvisiblecollection.com\/fr\/wp-json\/wp\/v2\/reporting_designer?post=5906285"},{"taxonomy":"samplecomfabric","embeddable":true,"href":"https:\/\/theinvisiblecollection.com\/fr\/wp-json\/wp\/v2\/samplecomfabric?post=5906285"},{"taxonomy":"clubroom_product_designer","embeddable":true,"href":"https:\/\/theinvisiblecollection.com\/fr\/wp-json\/wp\/v2\/designer_clubroom?post=5906285"}],"curies":[{"name":"wp","href":"https:\/\/api.w.org\/{rel}","templated":true}]}}