{"id":5907485,"date":"2026-05-13T15:22:05","date_gmt":"2026-05-13T15:22:05","guid":{"rendered":"https:\/\/theinvisiblecollection.com\/?post_type=product&#038;p=5907485"},"modified":"2026-05-15T14:36:58","modified_gmt":"2026-05-15T14:36:58","slug":"droulers-architecture-tabouret-mathew-shanghai","status":"publish","type":"product","link":"https:\/\/theinvisiblecollection.com\/fr\/produit\/droulers-architecture-tabouret-mathew-shanghai\/","title":{"rendered":"Tabouret Mathew Shanghai"},"content":{"rendered":"<p style=\"text-align: justify;\">Le pouf Mathew dessin\u00e9 par Droulers Architecture est dot\u00e9 de pieds lisses. Il conserve le m\u00eame design de coussins g\u00e9n\u00e9reux, dont la densit\u00e9 et la forme permettent \u00e9galement de l\u2019utiliser comme surface d\u2019appoint pour poser des objets.<\/p>\n<p style=\"text-align: justify;\">La base est compos\u00e9e de pieds tubulaires lisses au style \u00e9pur\u00e9 et contemporain, disponibles en finition laiton poli ou bruni. L\u2019assise est habill\u00e9e de raphia brod\u00e9 \u00e0 la main avec des motifs graphiques inspir\u00e9s de notre papier peint Emily, ou d\u2019un tissu s\u00e9lectionn\u00e9 selon les besoins du client parmi notre collection.<\/p>\n","protected":false},"excerpt":{"rendered":"<p>Le pouf Mathew dessin\u00e9 par Droulers Architecture est dot\u00e9 de pieds lisses. Il conserve le m\u00eame design de coussins g\u00e9n\u00e9reux, dont la densit\u00e9 et la forme permettent \u00e9galement de l\u2019utiliser comme surface d\u2019appoint pour poser des objets. La base est compos\u00e9e de pieds tubulaires lisses au style \u00e9pur\u00e9 et contemporain, disponibles en finition laiton poli [&hellip;]<\/p>\n","protected":false},"featured_media":5907111,"template":"","meta":{"_acf_changed":false,"content-type":"","_themeisle_gutenberg_block_has_review":false},"product_brand":[],"product_cat":[8969,12499],"product_tag":[35206],"product_designer":[37996],"comfabric":[],"manufacturer":[38358],"reporting_designer":[],"samplecomfabric":[],"designer_clubroom":[],"class_list":{"0":"post-5907485","1":"product","2":"type-product","3":"status-publish","4":"has-post-thumbnail","6":"product_cat-ottomans-tabourets","7":"product_cat-assises","8":"product_tag-exclusive-fr","9":"product_designer-droulers-architecture-fr","10":"manufacturer-droulers-atelier-dante-negro-fr","12":"first","13":"instock","14":"taxable","15":"shipping-taxable","16":"purchasable","17":"product-type-variable"},"acf":[],"_links":{"self":[{"href":"https:\/\/theinvisiblecollection.com\/fr\/wp-json\/wp\/v2\/product\/5907485","targetHints":{"allow":["GET"]}}],"collection":[{"href":"https:\/\/theinvisiblecollection.com\/fr\/wp-json\/wp\/v2\/product"}],"about":[{"href":"https:\/\/theinvisiblecollection.com\/fr\/wp-json\/wp\/v2\/types\/product"}],"wp:featuredmedia":[{"embeddable":true,"href":"https:\/\/theinvisiblecollection.com\/fr\/wp-json\/wp\/v2\/media\/5907111"}],"wp:attachment":[{"href":"https:\/\/theinvisiblecollection.com\/fr\/wp-json\/wp\/v2\/media?parent=5907485"}],"wp:term":[{"taxonomy":"product_brand","embeddable":true,"href":"https:\/\/theinvisiblecollection.com\/fr\/wp-json\/wp\/v2\/product_brand?post=5907485"},{"taxonomy":"product_cat","embeddable":true,"href":"https:\/\/theinvisiblecollection.com\/fr\/wp-json\/wp\/v2\/product_cat?post=5907485"},{"taxonomy":"product_tag","embeddable":true,"href":"https:\/\/theinvisiblecollection.com\/fr\/wp-json\/wp\/v2\/product_tag?post=5907485"},{"taxonomy":"product_designer","embeddable":true,"href":"https:\/\/theinvisiblecollection.com\/fr\/wp-json\/wp\/v2\/product_designer?post=5907485"},{"taxonomy":"comfabric","embeddable":true,"href":"https:\/\/theinvisiblecollection.com\/fr\/wp-json\/wp\/v2\/comfabric?post=5907485"},{"taxonomy":"manufacturer","embeddable":true,"href":"https:\/\/theinvisiblecollection.com\/fr\/wp-json\/wp\/v2\/manufacturer?post=5907485"},{"taxonomy":"reporting_designer","embeddable":true,"href":"https:\/\/theinvisiblecollection.com\/fr\/wp-json\/wp\/v2\/reporting_designer?post=5907485"},{"taxonomy":"samplecomfabric","embeddable":true,"href":"https:\/\/theinvisiblecollection.com\/fr\/wp-json\/wp\/v2\/samplecomfabric?post=5907485"},{"taxonomy":"clubroom_product_designer","embeddable":true,"href":"https:\/\/theinvisiblecollection.com\/fr\/wp-json\/wp\/v2\/designer_clubroom?post=5907485"}],"curies":[{"name":"wp","href":"https:\/\/api.w.org\/{rel}","templated":true}]}}