{"id":5907486,"date":"2026-05-13T15:20:47","date_gmt":"2026-05-13T15:20:47","guid":{"rendered":"https:\/\/theinvisiblecollection.com\/?post_type=product&#038;p=5907486"},"modified":"2026-05-15T13:35:01","modified_gmt":"2026-05-15T13:35:01","slug":"droulers-architecture-tabouret-virgi","status":"publish","type":"product","link":"https:\/\/theinvisiblecollection.com\/fr\/produit\/droulers-architecture-tabouret-virgi\/","title":{"rendered":"Tabouret Virgi"},"content":{"rendered":"<p style=\"text-align: justify;\">Le pouf Virgi de Droulers Architecture, un pouf intemporel \u00e0 la silhouette sculpturale, \u00e9voquant trois coussins superpos\u00e9s. Sa structure en bois massif soutient un rembourrage g\u00e9n\u00e9reux et se d\u00e9cline dans une s\u00e9lection raffin\u00e9e de tissus. Les glands en cuir aux coins sont propos\u00e9s en trois coloris.<\/p>\n<p style=\"text-align: justify;\">Id\u00e9al dans diff\u00e9rents espaces, salon, pied de lit ou entr\u00e9e, il apporte une touche distinctive \u00e0 tout int\u00e9rieur.<\/p>\n","protected":false},"excerpt":{"rendered":"<p>Le pouf Virgi de Droulers Architecture, un pouf intemporel \u00e0 la silhouette sculpturale, \u00e9voquant trois coussins superpos\u00e9s. Sa structure en bois massif soutient un rembourrage g\u00e9n\u00e9reux et se d\u00e9cline dans une s\u00e9lection raffin\u00e9e de tissus. Les glands en cuir aux coins sont propos\u00e9s en trois coloris. Id\u00e9al dans diff\u00e9rents espaces, salon, pied de lit ou [&hellip;]<\/p>\n","protected":false},"featured_media":5907070,"template":"","meta":{"_acf_changed":false,"content-type":"","_themeisle_gutenberg_block_has_review":false},"product_brand":[],"product_cat":[8969,12499],"product_tag":[35206],"product_designer":[37996],"comfabric":[],"manufacturer":[38315],"reporting_designer":[],"samplecomfabric":[],"designer_clubroom":[],"class_list":{"0":"post-5907486","1":"product","2":"type-product","3":"status-publish","4":"has-post-thumbnail","6":"product_cat-ottomans-tabourets","7":"product_cat-assises","8":"product_tag-exclusive-fr","9":"product_designer-droulers-architecture-fr","10":"manufacturer-droulers-atelier-i-segni-del-tempo-fr","11":"exhibitions-new-york-fr","13":"first","14":"instock","15":"taxable","16":"shipping-taxable","17":"purchasable","18":"product-type-variable"},"acf":[],"_links":{"self":[{"href":"https:\/\/theinvisiblecollection.com\/fr\/wp-json\/wp\/v2\/product\/5907486","targetHints":{"allow":["GET"]}}],"collection":[{"href":"https:\/\/theinvisiblecollection.com\/fr\/wp-json\/wp\/v2\/product"}],"about":[{"href":"https:\/\/theinvisiblecollection.com\/fr\/wp-json\/wp\/v2\/types\/product"}],"wp:featuredmedia":[{"embeddable":true,"href":"https:\/\/theinvisiblecollection.com\/fr\/wp-json\/wp\/v2\/media\/5907070"}],"wp:attachment":[{"href":"https:\/\/theinvisiblecollection.com\/fr\/wp-json\/wp\/v2\/media?parent=5907486"}],"wp:term":[{"taxonomy":"product_brand","embeddable":true,"href":"https:\/\/theinvisiblecollection.com\/fr\/wp-json\/wp\/v2\/product_brand?post=5907486"},{"taxonomy":"product_cat","embeddable":true,"href":"https:\/\/theinvisiblecollection.com\/fr\/wp-json\/wp\/v2\/product_cat?post=5907486"},{"taxonomy":"product_tag","embeddable":true,"href":"https:\/\/theinvisiblecollection.com\/fr\/wp-json\/wp\/v2\/product_tag?post=5907486"},{"taxonomy":"product_designer","embeddable":true,"href":"https:\/\/theinvisiblecollection.com\/fr\/wp-json\/wp\/v2\/product_designer?post=5907486"},{"taxonomy":"comfabric","embeddable":true,"href":"https:\/\/theinvisiblecollection.com\/fr\/wp-json\/wp\/v2\/comfabric?post=5907486"},{"taxonomy":"manufacturer","embeddable":true,"href":"https:\/\/theinvisiblecollection.com\/fr\/wp-json\/wp\/v2\/manufacturer?post=5907486"},{"taxonomy":"reporting_designer","embeddable":true,"href":"https:\/\/theinvisiblecollection.com\/fr\/wp-json\/wp\/v2\/reporting_designer?post=5907486"},{"taxonomy":"samplecomfabric","embeddable":true,"href":"https:\/\/theinvisiblecollection.com\/fr\/wp-json\/wp\/v2\/samplecomfabric?post=5907486"},{"taxonomy":"clubroom_product_designer","embeddable":true,"href":"https:\/\/theinvisiblecollection.com\/fr\/wp-json\/wp\/v2\/designer_clubroom?post=5907486"}],"curies":[{"name":"wp","href":"https:\/\/api.w.org\/{rel}","templated":true}]}}