{"id":5907661,"date":"2026-05-12T15:37:12","date_gmt":"2026-05-12T15:37:12","guid":{"rendered":"https:\/\/theinvisiblecollection.com\/?post_type=product&#038;p=5907661"},"modified":"2026-05-15T05:01:41","modified_gmt":"2026-05-15T05:01:41","slug":"droulers-architecture-abat-jour-oti","status":"publish","type":"product","link":"https:\/\/theinvisiblecollection.com\/fr\/produit\/droulers-architecture-abat-jour-oti\/","title":{"rendered":"Abat-Jour Oti"},"content":{"rendered":"<p>L\u2019abat-jour mural Oti de <span class=\"hover:entity-accent entity-underline inline cursor-pointer align-baseline\"><span class=\"whitespace-normal\">Droulers Architecture<\/span><\/span> pr\u00e9sente des textures en perp\u00e9tuelle \u00e9volution, fruit d\u2019un processus artisanal qui rend chaque pi\u00e8ce unique. Chaque marque r\u00e9alis\u00e9e sur la base cr\u00e9e de nouvelles surfaces qui captent la lumi\u00e8re de mani\u00e8re \u00e9vocatrice et mettent en valeur sa profondeur mat\u00e9rielle. Une lampe au caract\u00e8re fort et intemporel, o\u00f9 la mati\u00e8re occupe le devant de la sc\u00e8ne et s\u2019impose avec \u00e9l\u00e9gance. Cette lampe a \u00e9t\u00e9 cr\u00e9\u00e9e en collaboration avec l\u2019artiste <span class=\"hover:entity-accent entity-underline inline cursor-pointer align-baseline\"><span class=\"whitespace-normal\">Ottavia Sitia<\/span><\/span>.<\/p>\n<div class=\"pro-content-txt below-product-slide\">\n<div class=\"pro-content-area readmore-full\">\n<p>Chaque pi\u00e8ce est enti\u00e8rement r\u00e9alis\u00e9e \u00e0 la main, fa\u00e7onn\u00e9e \u00e0 travers des gestes lents et minutieux. Pour cette raison, chaque cr\u00e9ation est unique et peut pr\u00e9senter de l\u00e9g\u00e8res variations, de subtiles irr\u00e9gularit\u00e9s dans les finitions ou encore des patines naturelles sur les surfaces en laiton. Il ne s\u2019agit pas d\u2019imperfections, mais des traces du processus de fabrication \u2014 empreintes du temps, de la mati\u00e8re et du geste humain. L\u2019imperfection devient ainsi partie int\u00e9grante du processus et de l\u2019\u00e2me de l\u2019objet, rendant chaque pi\u00e8ce v\u00e9ritablement singuli\u00e8re.<\/p>\n<\/div>\n<\/div>\n","protected":false},"excerpt":{"rendered":"<p>L\u2019abat-jour mural Oti de Droulers Architecture pr\u00e9sente des textures en perp\u00e9tuelle \u00e9volution, fruit d\u2019un processus artisanal qui rend chaque pi\u00e8ce unique. Chaque marque r\u00e9alis\u00e9e sur la base cr\u00e9e de nouvelles surfaces qui captent la lumi\u00e8re de mani\u00e8re \u00e9vocatrice et mettent en valeur sa profondeur mat\u00e9rielle. Une lampe au caract\u00e8re fort et intemporel, o\u00f9 la mati\u00e8re [&hellip;]<\/p>\n","protected":false},"featured_media":5907710,"template":"","meta":{"_acf_changed":false,"content-type":"","_themeisle_gutenberg_block_has_review":false},"product_brand":[],"product_cat":[8975,12507],"product_tag":[31475,31476,31477,35206],"product_designer":[37996],"comfabric":[],"manufacturer":[38309],"reporting_designer":[],"samplecomfabric":[],"designer_clubroom":[],"class_list":{"0":"post-5907661","1":"product","2":"type-product","3":"status-publish","4":"has-post-thumbnail","6":"product_cat-appliques-murales","7":"product_cat-luminaires","8":"product_tag-st-ceramic-fr","9":"product_tag-st-collectible-fr","10":"product_tag-st-curvy-fr","11":"product_tag-exclusive-fr","12":"product_designer-droulers-architecture-fr","13":"manufacturer-droulers-atelier-ottavia-sitia-fr","15":"first","16":"instock","17":"taxable","18":"shipping-taxable","19":"purchasable","20":"product-type-simple"},"acf":[],"_links":{"self":[{"href":"https:\/\/theinvisiblecollection.com\/fr\/wp-json\/wp\/v2\/product\/5907661","targetHints":{"allow":["GET"]}}],"collection":[{"href":"https:\/\/theinvisiblecollection.com\/fr\/wp-json\/wp\/v2\/product"}],"about":[{"href":"https:\/\/theinvisiblecollection.com\/fr\/wp-json\/wp\/v2\/types\/product"}],"wp:featuredmedia":[{"embeddable":true,"href":"https:\/\/theinvisiblecollection.com\/fr\/wp-json\/wp\/v2\/media\/5907710"}],"wp:attachment":[{"href":"https:\/\/theinvisiblecollection.com\/fr\/wp-json\/wp\/v2\/media?parent=5907661"}],"wp:term":[{"taxonomy":"product_brand","embeddable":true,"href":"https:\/\/theinvisiblecollection.com\/fr\/wp-json\/wp\/v2\/product_brand?post=5907661"},{"taxonomy":"product_cat","embeddable":true,"href":"https:\/\/theinvisiblecollection.com\/fr\/wp-json\/wp\/v2\/product_cat?post=5907661"},{"taxonomy":"product_tag","embeddable":true,"href":"https:\/\/theinvisiblecollection.com\/fr\/wp-json\/wp\/v2\/product_tag?post=5907661"},{"taxonomy":"product_designer","embeddable":true,"href":"https:\/\/theinvisiblecollection.com\/fr\/wp-json\/wp\/v2\/product_designer?post=5907661"},{"taxonomy":"comfabric","embeddable":true,"href":"https:\/\/theinvisiblecollection.com\/fr\/wp-json\/wp\/v2\/comfabric?post=5907661"},{"taxonomy":"manufacturer","embeddable":true,"href":"https:\/\/theinvisiblecollection.com\/fr\/wp-json\/wp\/v2\/manufacturer?post=5907661"},{"taxonomy":"reporting_designer","embeddable":true,"href":"https:\/\/theinvisiblecollection.com\/fr\/wp-json\/wp\/v2\/reporting_designer?post=5907661"},{"taxonomy":"samplecomfabric","embeddable":true,"href":"https:\/\/theinvisiblecollection.com\/fr\/wp-json\/wp\/v2\/samplecomfabric?post=5907661"},{"taxonomy":"clubroom_product_designer","embeddable":true,"href":"https:\/\/theinvisiblecollection.com\/fr\/wp-json\/wp\/v2\/designer_clubroom?post=5907661"}],"curies":[{"name":"wp","href":"https:\/\/api.w.org\/{rel}","templated":true}]}}