{"id":5907686,"date":"2026-05-12T15:41:43","date_gmt":"2026-05-12T15:41:43","guid":{"rendered":"https:\/\/theinvisiblecollection.com\/?post_type=product&#038;p=5907686"},"modified":"2026-05-15T05:01:41","modified_gmt":"2026-05-15T05:01:41","slug":"droulers-architecture-chaise-nat","status":"publish","type":"product","link":"https:\/\/theinvisiblecollection.com\/fr\/produit\/droulers-architecture-chaise-nat\/","title":{"rendered":"Chaise Nat"},"content":{"rendered":"<p style=\"text-align: justify;\">La chaise sculpturale Nat par Droulers Architecture se distingue par ses lignes affirm\u00e9es et son caract\u00e8re r\u00e9solument architectural. Sa structure est propos\u00e9e en trois finitions m\u00e9talliques et peut \u00eatre associ\u00e9e \u00e0 une s\u00e9lection raffin\u00e9e de tissus.<\/p>\n<p style=\"text-align: justify;\">Con\u00e7ue pour offrir un grand confort, elle int\u00e8gre un rembourrage soigneusement \u00e9tudi\u00e9 permettant une assise prolong\u00e9e. Un d\u00e9tail de gland en cuir au dos apporte une touche raffin\u00e9e, disponible en trois coloris.<\/p>\n","protected":false},"excerpt":{"rendered":"<p>La chaise sculpturale Nat par Droulers Architecture se distingue par ses lignes affirm\u00e9es et son caract\u00e8re r\u00e9solument architectural. Sa structure est propos\u00e9e en trois finitions m\u00e9talliques et peut \u00eatre associ\u00e9e \u00e0 une s\u00e9lection raffin\u00e9e de tissus. Con\u00e7ue pour offrir un grand confort, elle int\u00e8gre un rembourrage soigneusement \u00e9tudi\u00e9 permettant une assise prolong\u00e9e. Un d\u00e9tail de [&hellip;]<\/p>\n","protected":false},"featured_media":5907734,"template":"","meta":{"_acf_changed":false,"content-type":"","_themeisle_gutenberg_block_has_review":false},"product_brand":[],"product_cat":[8962,12499],"product_tag":[35206],"product_designer":[37996],"comfabric":[],"manufacturer":[38358],"reporting_designer":[],"samplecomfabric":[],"designer_clubroom":[],"class_list":{"0":"post-5907686","1":"product","2":"type-product","3":"status-publish","4":"has-post-thumbnail","6":"product_cat-chaises","7":"product_cat-assises","8":"product_tag-exclusive-fr","9":"product_designer-droulers-architecture-fr","10":"manufacturer-droulers-atelier-dante-negro-fr","12":"first","13":"instock","14":"taxable","15":"shipping-taxable","16":"product-type-variable"},"acf":[],"_links":{"self":[{"href":"https:\/\/theinvisiblecollection.com\/fr\/wp-json\/wp\/v2\/product\/5907686","targetHints":{"allow":["GET"]}}],"collection":[{"href":"https:\/\/theinvisiblecollection.com\/fr\/wp-json\/wp\/v2\/product"}],"about":[{"href":"https:\/\/theinvisiblecollection.com\/fr\/wp-json\/wp\/v2\/types\/product"}],"wp:featuredmedia":[{"embeddable":true,"href":"https:\/\/theinvisiblecollection.com\/fr\/wp-json\/wp\/v2\/media\/5907734"}],"wp:attachment":[{"href":"https:\/\/theinvisiblecollection.com\/fr\/wp-json\/wp\/v2\/media?parent=5907686"}],"wp:term":[{"taxonomy":"product_brand","embeddable":true,"href":"https:\/\/theinvisiblecollection.com\/fr\/wp-json\/wp\/v2\/product_brand?post=5907686"},{"taxonomy":"product_cat","embeddable":true,"href":"https:\/\/theinvisiblecollection.com\/fr\/wp-json\/wp\/v2\/product_cat?post=5907686"},{"taxonomy":"product_tag","embeddable":true,"href":"https:\/\/theinvisiblecollection.com\/fr\/wp-json\/wp\/v2\/product_tag?post=5907686"},{"taxonomy":"product_designer","embeddable":true,"href":"https:\/\/theinvisiblecollection.com\/fr\/wp-json\/wp\/v2\/product_designer?post=5907686"},{"taxonomy":"comfabric","embeddable":true,"href":"https:\/\/theinvisiblecollection.com\/fr\/wp-json\/wp\/v2\/comfabric?post=5907686"},{"taxonomy":"manufacturer","embeddable":true,"href":"https:\/\/theinvisiblecollection.com\/fr\/wp-json\/wp\/v2\/manufacturer?post=5907686"},{"taxonomy":"reporting_designer","embeddable":true,"href":"https:\/\/theinvisiblecollection.com\/fr\/wp-json\/wp\/v2\/reporting_designer?post=5907686"},{"taxonomy":"samplecomfabric","embeddable":true,"href":"https:\/\/theinvisiblecollection.com\/fr\/wp-json\/wp\/v2\/samplecomfabric?post=5907686"},{"taxonomy":"clubroom_product_designer","embeddable":true,"href":"https:\/\/theinvisiblecollection.com\/fr\/wp-json\/wp\/v2\/designer_clubroom?post=5907686"}],"curies":[{"name":"wp","href":"https:\/\/api.w.org\/{rel}","templated":true}]}}