{"id":5907886,"date":"2026-05-13T16:24:42","date_gmt":"2026-05-13T16:24:42","guid":{"rendered":"https:\/\/theinvisiblecollection.com\/?post_type=product&#038;p=5907886"},"modified":"2026-05-15T14:15:05","modified_gmt":"2026-05-15T14:15:05","slug":"droulers-architecture-table-normandie","status":"publish","type":"product","link":"https:\/\/theinvisiblecollection.com\/fr\/produit\/droulers-architecture-table-normandie\/","title":{"rendered":"Table Normandie"},"content":{"rendered":"<div class=\"relative w-full overflow-visible\">\n<section class=\"text-token-text-primary w-full focus:outline-none [--shadow-height:45px] has-data-writing-block:pointer-events-none has-data-writing-block:-mt-(--shadow-height) has-data-writing-block:pt-(--shadow-height) [&amp;:has([data-writing-block])&gt;*]:pointer-events-auto R6Vx5W_threadScrollVars scroll-mb-[calc(var(--scroll-root-safe-area-inset-bottom,0px)+var(--thread-response-height))] scroll-mt-(--header-height)\" dir=\"auto\" data-turn-id=\"f3e0414c-bae7-4b26-9378-2eebcfc726bf\" data-turn-id-container=\"f3e0414c-bae7-4b26-9378-2eebcfc726bf\" data-testid=\"conversation-turn-17\" data-scroll-anchor=\"false\" data-turn=\"user\"><\/section>\n<div class=\"contents\">La table Normandie de <span class=\"hover:entity-accent entity-underline inline cursor-pointer align-baseline\"><span class=\"whitespace-normal\">Droulers Architecture<\/span><\/span> capture l\u2019esprit du l\u00e9gendaire paquebot Art d\u00e9co dont elle porte le nom. Avec ses pieds fins et \u00e9l\u00e9gants inspir\u00e9s de l\u2019architecture du navire, ainsi que son plateau artisanal aux textures et nuances \u00e9voquant les profondeurs marines, cette table fait rena\u00eetre le glamour, le mouvement et le raffinement somptueux d\u2019une \u00e9poque r\u00e9volue.<\/div>\n<\/div>\n","protected":false},"excerpt":{"rendered":"<p>La table Normandie de Droulers Architecture capture l\u2019esprit du l\u00e9gendaire paquebot Art d\u00e9co dont elle porte le nom. Avec ses pieds fins et \u00e9l\u00e9gants inspir\u00e9s de l\u2019architecture du navire, ainsi que son plateau artisanal aux textures et nuances \u00e9voquant les profondeurs marines, cette table fait rena\u00eetre le glamour, le mouvement et le raffinement somptueux d\u2019une [&hellip;]<\/p>\n","protected":false},"featured_media":5907884,"template":"","meta":{"_acf_changed":false,"content-type":"","_themeisle_gutenberg_block_has_review":false},"product_brand":[],"product_cat":[8977,12503],"product_tag":[8855,8955,9060,35206],"product_designer":[37996],"comfabric":[],"manufacturer":[38358],"reporting_designer":[],"samplecomfabric":[],"designer_clubroom":[],"class_list":{"0":"post-5907886","1":"product","2":"type-product","3":"status-publish","4":"has-post-thumbnail","6":"product_cat-tables-salle-a-manger","7":"product_cat-tables-fr","8":"product_tag-table-fr-3","9":"product_tag-table","10":"product_tag-verre","11":"product_tag-exclusive-fr","12":"product_designer-droulers-architecture-fr","13":"manufacturer-droulers-atelier-dante-negro-fr","15":"first","16":"instock","17":"taxable","18":"shipping-taxable","19":"purchasable","20":"product-type-variable"},"acf":[],"_links":{"self":[{"href":"https:\/\/theinvisiblecollection.com\/fr\/wp-json\/wp\/v2\/product\/5907886","targetHints":{"allow":["GET"]}}],"collection":[{"href":"https:\/\/theinvisiblecollection.com\/fr\/wp-json\/wp\/v2\/product"}],"about":[{"href":"https:\/\/theinvisiblecollection.com\/fr\/wp-json\/wp\/v2\/types\/product"}],"wp:featuredmedia":[{"embeddable":true,"href":"https:\/\/theinvisiblecollection.com\/fr\/wp-json\/wp\/v2\/media\/5907884"}],"wp:attachment":[{"href":"https:\/\/theinvisiblecollection.com\/fr\/wp-json\/wp\/v2\/media?parent=5907886"}],"wp:term":[{"taxonomy":"product_brand","embeddable":true,"href":"https:\/\/theinvisiblecollection.com\/fr\/wp-json\/wp\/v2\/product_brand?post=5907886"},{"taxonomy":"product_cat","embeddable":true,"href":"https:\/\/theinvisiblecollection.com\/fr\/wp-json\/wp\/v2\/product_cat?post=5907886"},{"taxonomy":"product_tag","embeddable":true,"href":"https:\/\/theinvisiblecollection.com\/fr\/wp-json\/wp\/v2\/product_tag?post=5907886"},{"taxonomy":"product_designer","embeddable":true,"href":"https:\/\/theinvisiblecollection.com\/fr\/wp-json\/wp\/v2\/product_designer?post=5907886"},{"taxonomy":"comfabric","embeddable":true,"href":"https:\/\/theinvisiblecollection.com\/fr\/wp-json\/wp\/v2\/comfabric?post=5907886"},{"taxonomy":"manufacturer","embeddable":true,"href":"https:\/\/theinvisiblecollection.com\/fr\/wp-json\/wp\/v2\/manufacturer?post=5907886"},{"taxonomy":"reporting_designer","embeddable":true,"href":"https:\/\/theinvisiblecollection.com\/fr\/wp-json\/wp\/v2\/reporting_designer?post=5907886"},{"taxonomy":"samplecomfabric","embeddable":true,"href":"https:\/\/theinvisiblecollection.com\/fr\/wp-json\/wp\/v2\/samplecomfabric?post=5907886"},{"taxonomy":"clubroom_product_designer","embeddable":true,"href":"https:\/\/theinvisiblecollection.com\/fr\/wp-json\/wp\/v2\/designer_clubroom?post=5907886"}],"curies":[{"name":"wp","href":"https:\/\/api.w.org\/{rel}","templated":true}]}}