{"id":5907903,"date":"2026-05-13T16:34:12","date_gmt":"2026-05-13T16:34:12","guid":{"rendered":"https:\/\/theinvisiblecollection.com\/?post_type=product&#038;p=5907903"},"modified":"2026-05-15T05:01:41","modified_gmt":"2026-05-15T05:01:41","slug":"droulers-architecture-table-basse-conversation-chene","status":"publish","type":"product","link":"https:\/\/theinvisiblecollection.com\/fr\/produit\/droulers-architecture-table-basse-conversation-chene\/","title":{"rendered":"Table Basse Conversation Ch\u00eane"},"content":{"rendered":"<p>La table basse Conversation en ch\u00eane de <span class=\"hover:entity-accent entity-underline inline cursor-pointer align-baseline\"><span class=\"whitespace-normal\">Droulers Architecture<\/span><\/span> a \u00e9t\u00e9 pens\u00e9e comme bien plus qu\u2019une simple table, c\u2019est un lieu de rencontre, de pause et d\u2019\u00e9change. Sa silhouette sculpturale associe un plateau central en ch\u00eane \u00e0 une assise p\u00e9riph\u00e9rique moelleuse, invitant aux conversations spontan\u00e9es et aux moments partag\u00e9s. Habill\u00e9e de tissus soigneusement s\u00e9lectionn\u00e9s, cette pi\u00e8ce conjugue chaleur, confort et savoir-faire intemporel, transformant les interactions du quotidien en exp\u00e9riences intimistes.<\/p>\n","protected":false},"excerpt":{"rendered":"<p>La table basse Conversation en ch\u00eane de Droulers Architecture a \u00e9t\u00e9 pens\u00e9e comme bien plus qu\u2019une simple table, c\u2019est un lieu de rencontre, de pause et d\u2019\u00e9change. Sa silhouette sculpturale associe un plateau central en ch\u00eane \u00e0 une assise p\u00e9riph\u00e9rique moelleuse, invitant aux conversations spontan\u00e9es et aux moments partag\u00e9s. Habill\u00e9e de tissus soigneusement s\u00e9lectionn\u00e9s, cette [&hellip;]<\/p>\n","protected":false},"featured_media":5907893,"template":"","meta":{"_acf_changed":false,"content-type":"","_themeisle_gutenberg_block_has_review":false},"product_brand":[],"product_cat":[12503,7509],"product_tag":[9066,35206,8855],"product_designer":[37996],"comfabric":[37992],"manufacturer":[],"reporting_designer":[],"samplecomfabric":[37994],"designer_clubroom":[],"class_list":{"0":"post-5907903","1":"product","2":"type-product","3":"status-publish","4":"has-post-thumbnail","6":"product_cat-tables-fr","7":"product_cat-tables-basses-dappoint","8":"product_tag-table-basse","9":"product_tag-exclusive-fr","10":"product_tag-table-fr-3","11":"pa_size-large-fr-2","12":"pa_size-moyenne-l-70-x-l-82-x-h-41-cm","13":"pa_size-petit","14":"product_designer-droulers-architecture-fr","15":"comfabric-droulers-architecture-fr","16":"samplecomfabric-droulers-architecture-fr","18":"first","19":"instock","20":"taxable","21":"shipping-taxable","22":"purchasable","23":"product-type-variable"},"acf":[],"_links":{"self":[{"href":"https:\/\/theinvisiblecollection.com\/fr\/wp-json\/wp\/v2\/product\/5907903","targetHints":{"allow":["GET"]}}],"collection":[{"href":"https:\/\/theinvisiblecollection.com\/fr\/wp-json\/wp\/v2\/product"}],"about":[{"href":"https:\/\/theinvisiblecollection.com\/fr\/wp-json\/wp\/v2\/types\/product"}],"wp:featuredmedia":[{"embeddable":true,"href":"https:\/\/theinvisiblecollection.com\/fr\/wp-json\/wp\/v2\/media\/5907893"}],"wp:attachment":[{"href":"https:\/\/theinvisiblecollection.com\/fr\/wp-json\/wp\/v2\/media?parent=5907903"}],"wp:term":[{"taxonomy":"product_brand","embeddable":true,"href":"https:\/\/theinvisiblecollection.com\/fr\/wp-json\/wp\/v2\/product_brand?post=5907903"},{"taxonomy":"product_cat","embeddable":true,"href":"https:\/\/theinvisiblecollection.com\/fr\/wp-json\/wp\/v2\/product_cat?post=5907903"},{"taxonomy":"product_tag","embeddable":true,"href":"https:\/\/theinvisiblecollection.com\/fr\/wp-json\/wp\/v2\/product_tag?post=5907903"},{"taxonomy":"product_designer","embeddable":true,"href":"https:\/\/theinvisiblecollection.com\/fr\/wp-json\/wp\/v2\/product_designer?post=5907903"},{"taxonomy":"comfabric","embeddable":true,"href":"https:\/\/theinvisiblecollection.com\/fr\/wp-json\/wp\/v2\/comfabric?post=5907903"},{"taxonomy":"manufacturer","embeddable":true,"href":"https:\/\/theinvisiblecollection.com\/fr\/wp-json\/wp\/v2\/manufacturer?post=5907903"},{"taxonomy":"reporting_designer","embeddable":true,"href":"https:\/\/theinvisiblecollection.com\/fr\/wp-json\/wp\/v2\/reporting_designer?post=5907903"},{"taxonomy":"samplecomfabric","embeddable":true,"href":"https:\/\/theinvisiblecollection.com\/fr\/wp-json\/wp\/v2\/samplecomfabric?post=5907903"},{"taxonomy":"clubroom_product_designer","embeddable":true,"href":"https:\/\/theinvisiblecollection.com\/fr\/wp-json\/wp\/v2\/designer_clubroom?post=5907903"}],"curies":[{"name":"wp","href":"https:\/\/api.w.org\/{rel}","templated":true}]}}