{"id":5908008,"date":"2026-05-13T15:20:13","date_gmt":"2026-05-13T15:20:13","guid":{"rendered":"https:\/\/theinvisiblecollection.com\/?post_type=product&#038;p=5908008"},"modified":"2026-05-15T05:01:41","modified_gmt":"2026-05-15T05:01:41","slug":"droulers-architecture-plateau-foldy","status":"publish","type":"product","link":"https:\/\/theinvisiblecollection.com\/fr\/produit\/droulers-architecture-plateau-foldy\/","title":{"rendered":"Plateau Foldy"},"content":{"rendered":"<p style=\"text-align: justify;\">Plus qu\u2019un simple objet fonctionnel, le plateau valet Foldy par Droulers Architecture est une v\u00e9ritable d\u00e9claration de style et d\u2019adaptabilit\u00e9. Il se d\u00e9cline en deux textures distinctives : l\u2019une avec un motif inspir\u00e9 de l\u2019\u00e9caille, l\u2019autre orn\u00e9e d\u2019une sc\u00e8ne d\u2019inspiration chinoise issue de notre papier peint <em>After Laverne<\/em>, dans laquelle deux petits personnages dor\u00e9s apportent une touche ludique et pleine de charme.<\/p>\n<p style=\"text-align: justify;\">La structure associe acier et laiton, alliant solidit\u00e9 et \u00e9l\u00e9gance.<\/p>\n","protected":false},"excerpt":{"rendered":"<p>Plus qu\u2019un simple objet fonctionnel, le plateau valet Foldy par Droulers Architecture est une v\u00e9ritable d\u00e9claration de style et d\u2019adaptabilit\u00e9. Il se d\u00e9cline en deux textures distinctives : l\u2019une avec un motif inspir\u00e9 de l\u2019\u00e9caille, l\u2019autre orn\u00e9e d\u2019une sc\u00e8ne d\u2019inspiration chinoise issue de notre papier peint After Laverne, dans laquelle deux petits personnages dor\u00e9s apportent [&hellip;]<\/p>\n","protected":false},"featured_media":5907975,"template":"","meta":{"_acf_changed":false,"content-type":"","_themeisle_gutenberg_block_has_review":false},"product_brand":[],"product_cat":[7517,12536],"product_tag":[35206],"product_designer":[37996],"comfabric":[],"manufacturer":[38358],"reporting_designer":[],"samplecomfabric":[],"designer_clubroom":[],"class_list":{"0":"post-5908008","1":"product","2":"type-product","3":"status-publish","4":"has-post-thumbnail","6":"product_cat-deco-fr","7":"product_cat-plateaux-vide-poche","8":"product_tag-exclusive-fr","9":"product_designer-droulers-architecture-fr","10":"manufacturer-droulers-atelier-dante-negro-fr","12":"first","13":"instock","14":"taxable","15":"shipping-taxable","16":"product-type-variable"},"acf":[],"_links":{"self":[{"href":"https:\/\/theinvisiblecollection.com\/fr\/wp-json\/wp\/v2\/product\/5908008","targetHints":{"allow":["GET"]}}],"collection":[{"href":"https:\/\/theinvisiblecollection.com\/fr\/wp-json\/wp\/v2\/product"}],"about":[{"href":"https:\/\/theinvisiblecollection.com\/fr\/wp-json\/wp\/v2\/types\/product"}],"wp:featuredmedia":[{"embeddable":true,"href":"https:\/\/theinvisiblecollection.com\/fr\/wp-json\/wp\/v2\/media\/5907975"}],"wp:attachment":[{"href":"https:\/\/theinvisiblecollection.com\/fr\/wp-json\/wp\/v2\/media?parent=5908008"}],"wp:term":[{"taxonomy":"product_brand","embeddable":true,"href":"https:\/\/theinvisiblecollection.com\/fr\/wp-json\/wp\/v2\/product_brand?post=5908008"},{"taxonomy":"product_cat","embeddable":true,"href":"https:\/\/theinvisiblecollection.com\/fr\/wp-json\/wp\/v2\/product_cat?post=5908008"},{"taxonomy":"product_tag","embeddable":true,"href":"https:\/\/theinvisiblecollection.com\/fr\/wp-json\/wp\/v2\/product_tag?post=5908008"},{"taxonomy":"product_designer","embeddable":true,"href":"https:\/\/theinvisiblecollection.com\/fr\/wp-json\/wp\/v2\/product_designer?post=5908008"},{"taxonomy":"comfabric","embeddable":true,"href":"https:\/\/theinvisiblecollection.com\/fr\/wp-json\/wp\/v2\/comfabric?post=5908008"},{"taxonomy":"manufacturer","embeddable":true,"href":"https:\/\/theinvisiblecollection.com\/fr\/wp-json\/wp\/v2\/manufacturer?post=5908008"},{"taxonomy":"reporting_designer","embeddable":true,"href":"https:\/\/theinvisiblecollection.com\/fr\/wp-json\/wp\/v2\/reporting_designer?post=5908008"},{"taxonomy":"samplecomfabric","embeddable":true,"href":"https:\/\/theinvisiblecollection.com\/fr\/wp-json\/wp\/v2\/samplecomfabric?post=5908008"},{"taxonomy":"clubroom_product_designer","embeddable":true,"href":"https:\/\/theinvisiblecollection.com\/fr\/wp-json\/wp\/v2\/designer_clubroom?post=5908008"}],"curies":[{"name":"wp","href":"https:\/\/api.w.org\/{rel}","templated":true}]}}