{"id":5908100,"date":"2026-05-13T09:10:58","date_gmt":"2026-05-13T09:10:58","guid":{"rendered":"https:\/\/theinvisiblecollection.com\/?post_type=product&#038;p=5908100"},"modified":"2026-05-15T05:01:41","modified_gmt":"2026-05-15T05:01:41","slug":"droulers-architecture-table-gompa","status":"publish","type":"product","link":"https:\/\/theinvisiblecollection.com\/fr\/produit\/droulers-architecture-table-gompa\/","title":{"rendered":"Table Gompa"},"content":{"rendered":"<p style=\"text-align: justify;\">La table \u00e0 manger Gompa en bois massif par Droulers Architecture se distingue par sa g\u00e9om\u00e9trie \u00e9pur\u00e9e et ses d\u00e9tails raffin\u00e9s. Elle repose sur deux pieds \u00e0 empreinte cruciforme au profil subtilement fusel\u00e9. Disponible en ch\u00eane ou en sucupira, cette table allie solidit\u00e9 et \u00e9l\u00e9gance, id\u00e9ale aussi bien pour un usage quotidien que pour des occasions sp\u00e9ciales.<\/p>\n","protected":false},"excerpt":{"rendered":"<p>La table \u00e0 manger Gompa en bois massif par Droulers Architecture se distingue par sa g\u00e9om\u00e9trie \u00e9pur\u00e9e et ses d\u00e9tails raffin\u00e9s. Elle repose sur deux pieds \u00e0 empreinte cruciforme au profil subtilement fusel\u00e9. Disponible en ch\u00eane ou en sucupira, cette table allie solidit\u00e9 et \u00e9l\u00e9gance, id\u00e9ale aussi bien pour un usage quotidien que pour des [&hellip;]<\/p>\n","protected":false},"featured_media":5908118,"template":"","meta":{"_acf_changed":false,"content-type":"","_themeisle_gutenberg_block_has_review":false},"product_brand":[],"product_cat":[8977,12503],"product_tag":[35206],"product_designer":[37996],"comfabric":[],"manufacturer":[38352],"reporting_designer":[],"samplecomfabric":[],"designer_clubroom":[],"class_list":{"0":"post-5908100","1":"product","2":"type-product","3":"status-publish","4":"has-post-thumbnail","6":"product_cat-tables-salle-a-manger","7":"product_cat-tables-fr","8":"product_tag-exclusive-fr","9":"product_designer-droulers-architecture-fr","10":"manufacturer-droulers-atelier-simonetto-carlo-fr","12":"first","13":"instock","14":"taxable","15":"shipping-taxable","16":"product-type-variable"},"acf":[],"_links":{"self":[{"href":"https:\/\/theinvisiblecollection.com\/fr\/wp-json\/wp\/v2\/product\/5908100","targetHints":{"allow":["GET"]}}],"collection":[{"href":"https:\/\/theinvisiblecollection.com\/fr\/wp-json\/wp\/v2\/product"}],"about":[{"href":"https:\/\/theinvisiblecollection.com\/fr\/wp-json\/wp\/v2\/types\/product"}],"wp:featuredmedia":[{"embeddable":true,"href":"https:\/\/theinvisiblecollection.com\/fr\/wp-json\/wp\/v2\/media\/5908118"}],"wp:attachment":[{"href":"https:\/\/theinvisiblecollection.com\/fr\/wp-json\/wp\/v2\/media?parent=5908100"}],"wp:term":[{"taxonomy":"product_brand","embeddable":true,"href":"https:\/\/theinvisiblecollection.com\/fr\/wp-json\/wp\/v2\/product_brand?post=5908100"},{"taxonomy":"product_cat","embeddable":true,"href":"https:\/\/theinvisiblecollection.com\/fr\/wp-json\/wp\/v2\/product_cat?post=5908100"},{"taxonomy":"product_tag","embeddable":true,"href":"https:\/\/theinvisiblecollection.com\/fr\/wp-json\/wp\/v2\/product_tag?post=5908100"},{"taxonomy":"product_designer","embeddable":true,"href":"https:\/\/theinvisiblecollection.com\/fr\/wp-json\/wp\/v2\/product_designer?post=5908100"},{"taxonomy":"comfabric","embeddable":true,"href":"https:\/\/theinvisiblecollection.com\/fr\/wp-json\/wp\/v2\/comfabric?post=5908100"},{"taxonomy":"manufacturer","embeddable":true,"href":"https:\/\/theinvisiblecollection.com\/fr\/wp-json\/wp\/v2\/manufacturer?post=5908100"},{"taxonomy":"reporting_designer","embeddable":true,"href":"https:\/\/theinvisiblecollection.com\/fr\/wp-json\/wp\/v2\/reporting_designer?post=5908100"},{"taxonomy":"samplecomfabric","embeddable":true,"href":"https:\/\/theinvisiblecollection.com\/fr\/wp-json\/wp\/v2\/samplecomfabric?post=5908100"},{"taxonomy":"clubroom_product_designer","embeddable":true,"href":"https:\/\/theinvisiblecollection.com\/fr\/wp-json\/wp\/v2\/designer_clubroom?post=5908100"}],"curies":[{"name":"wp","href":"https:\/\/api.w.org\/{rel}","templated":true}]}}