{"id":5908164,"date":"2026-05-13T09:27:28","date_gmt":"2026-05-13T09:27:28","guid":{"rendered":"https:\/\/theinvisiblecollection.com\/?post_type=product&#038;p=5908164"},"modified":"2026-05-15T13:49:45","modified_gmt":"2026-05-15T13:49:45","slug":"droulers-architecture-canape-bouge-toi","status":"publish","type":"product","link":"https:\/\/theinvisiblecollection.com\/fr\/produit\/droulers-architecture-canape-bouge-toi\/","title":{"rendered":"Canap\u00e9 Bouge Toi"},"content":{"rendered":"<p style=\"text-align: justify;\">Le canap\u00e9 Bouge Toi par Droulers Architecture est une pi\u00e8ce inclinable polyvalente con\u00e7ue pour offrir confort et adaptabilit\u00e9. Disponible en deux versions se distinguant uniquement par leur profondeur, il est \u00e9quip\u00e9 d\u2019un syst\u00e8me sp\u00e9cialement d\u00e9velopp\u00e9 permettant d\u2019incliner facilement le dossier.<br \/>\nSes formes douces et courbes invitent \u00e0 s\u2019asseoir et \u00e0 profiter de son confort, tandis que le dossier r\u00e9glable permet au canap\u00e9 de s\u2019adapter ais\u00e9ment \u00e0 diff\u00e9rents besoins et usages, offrant plusieurs positions d\u2019assise pour une d\u00e9tente optimale.<br \/>\nBouge Toi associe une ing\u00e9nierie soign\u00e9e \u00e0 un design \u00e9l\u00e9gant, faisant de lui un ajout \u00e0 la fois fonctionnel et raffin\u00e9 \u00e0 tout espace de vie.<\/p>\n","protected":false},"excerpt":{"rendered":"<p>Le canap\u00e9 Bouge Toi par Droulers Architecture est une pi\u00e8ce inclinable polyvalente con\u00e7ue pour offrir confort et adaptabilit\u00e9. Disponible en deux versions se distinguant uniquement par leur profondeur, il est \u00e9quip\u00e9 d\u2019un syst\u00e8me sp\u00e9cialement d\u00e9velopp\u00e9 permettant d\u2019incliner facilement le dossier. Ses formes douces et courbes invitent \u00e0 s\u2019asseoir et \u00e0 profiter de son confort, tandis [&hellip;]<\/p>\n","protected":false},"featured_media":5908171,"template":"","meta":{"_acf_changed":false,"content-type":"","_themeisle_gutenberg_block_has_review":false},"product_brand":[],"product_cat":[8976,12499],"product_tag":[35206],"product_designer":[37996],"comfabric":[],"manufacturer":[38373],"reporting_designer":[],"samplecomfabric":[],"designer_clubroom":[],"class_list":{"0":"post-5908164","1":"product","2":"type-product","3":"status-publish","4":"has-post-thumbnail","6":"product_cat-canapes","7":"product_cat-assises","8":"product_tag-exclusive-fr","9":"pa_size-large-fr-2","10":"pa_size-moyen","11":"pa_size-petit","12":"product_designer-droulers-architecture-fr","13":"manufacturer-droulers-atelier-italpoltrone-fr","15":"first","16":"instock","17":"taxable","18":"shipping-taxable","19":"purchasable","20":"product-type-variable"},"acf":[],"_links":{"self":[{"href":"https:\/\/theinvisiblecollection.com\/fr\/wp-json\/wp\/v2\/product\/5908164","targetHints":{"allow":["GET"]}}],"collection":[{"href":"https:\/\/theinvisiblecollection.com\/fr\/wp-json\/wp\/v2\/product"}],"about":[{"href":"https:\/\/theinvisiblecollection.com\/fr\/wp-json\/wp\/v2\/types\/product"}],"wp:featuredmedia":[{"embeddable":true,"href":"https:\/\/theinvisiblecollection.com\/fr\/wp-json\/wp\/v2\/media\/5908171"}],"wp:attachment":[{"href":"https:\/\/theinvisiblecollection.com\/fr\/wp-json\/wp\/v2\/media?parent=5908164"}],"wp:term":[{"taxonomy":"product_brand","embeddable":true,"href":"https:\/\/theinvisiblecollection.com\/fr\/wp-json\/wp\/v2\/product_brand?post=5908164"},{"taxonomy":"product_cat","embeddable":true,"href":"https:\/\/theinvisiblecollection.com\/fr\/wp-json\/wp\/v2\/product_cat?post=5908164"},{"taxonomy":"product_tag","embeddable":true,"href":"https:\/\/theinvisiblecollection.com\/fr\/wp-json\/wp\/v2\/product_tag?post=5908164"},{"taxonomy":"product_designer","embeddable":true,"href":"https:\/\/theinvisiblecollection.com\/fr\/wp-json\/wp\/v2\/product_designer?post=5908164"},{"taxonomy":"comfabric","embeddable":true,"href":"https:\/\/theinvisiblecollection.com\/fr\/wp-json\/wp\/v2\/comfabric?post=5908164"},{"taxonomy":"manufacturer","embeddable":true,"href":"https:\/\/theinvisiblecollection.com\/fr\/wp-json\/wp\/v2\/manufacturer?post=5908164"},{"taxonomy":"reporting_designer","embeddable":true,"href":"https:\/\/theinvisiblecollection.com\/fr\/wp-json\/wp\/v2\/reporting_designer?post=5908164"},{"taxonomy":"samplecomfabric","embeddable":true,"href":"https:\/\/theinvisiblecollection.com\/fr\/wp-json\/wp\/v2\/samplecomfabric?post=5908164"},{"taxonomy":"clubroom_product_designer","embeddable":true,"href":"https:\/\/theinvisiblecollection.com\/fr\/wp-json\/wp\/v2\/designer_clubroom?post=5908164"}],"curies":[{"name":"wp","href":"https:\/\/api.w.org\/{rel}","templated":true}]}}