{"id":5908509,"date":"2026-05-13T14:47:26","date_gmt":"2026-05-13T14:47:26","guid":{"rendered":"https:\/\/theinvisiblecollection.com\/?post_type=product&#038;p=5908509"},"modified":"2026-05-15T12:27:46","modified_gmt":"2026-05-15T12:27:46","slug":"jean-brieuc-chevalier-trumeau-chevalier","status":"publish","type":"product","link":"https:\/\/theinvisiblecollection.com\/fr\/produit\/jean-brieuc-chevalier-trumeau-chevalier\/","title":{"rendered":"Trumeau Chevalier"},"content":{"rendered":"<p data-start=\"0\" data-end=\"253\">Inspir\u00e9 des grands int\u00e9rieurs europ\u00e9ens, le panneau mural Chevalier r\u00e9interpr\u00e8te avec modernit\u00e9 l\u2019\u00e9l\u00e9gance intemporelle des <em data-start=\"124\" data-end=\"134\">trumeaux<\/em> \u2014 ces grands miroirs sculpt\u00e9s et dor\u00e9s qui ornaient autrefois les manteaux de chemin\u00e9e des demeures aristocratiques.<\/p>\n<p data-start=\"255\" data-end=\"562\">Ici, la tradition se transforme : le miroir n\u2019est plus une surface unique, mais se divise en fines lames verticales, cr\u00e9ant l\u2019illusion de reflets suspendus dans l\u2019espace. La lumi\u00e8re glisse sur chaque \u00e9l\u00e9ment diff\u00e9remment, r\u00e9v\u00e9lant des perspectives mouvantes et une profondeur subtile au fil de la journ\u00e9e.<\/p>\n<p data-start=\"564\" data-end=\"805\" data-is-last-node=\"\" data-is-only-node=\"\">Habill\u00e9 d\u2019une teinte profonde et myst\u00e9rieuse, le panneau mural Chevalier incarne la rencontre entre h\u00e9ritage et cr\u00e9ation contemporaine, une \u0153uvre sculpturale o\u00f9 le reflet devient rythme, et la tradition, une v\u00e9ritable expression artistique.<\/p>\n","protected":false},"excerpt":{"rendered":"<p>Inspir\u00e9 des grands int\u00e9rieurs europ\u00e9ens, le panneau mural Chevalier r\u00e9interpr\u00e8te avec modernit\u00e9 l\u2019\u00e9l\u00e9gance intemporelle des trumeaux \u2014 ces grands miroirs sculpt\u00e9s et dor\u00e9s qui ornaient autrefois les manteaux de chemin\u00e9e des demeures aristocratiques. Ici, la tradition se transforme : le miroir n\u2019est plus une surface unique, mais se divise en fines lames verticales, cr\u00e9ant l\u2019illusion [&hellip;]<\/p>\n","protected":false},"featured_media":5908504,"template":"","meta":{"_acf_changed":false,"content-type":"","_themeisle_gutenberg_block_has_review":false},"product_brand":[],"product_cat":[7517,8225,38209],"product_tag":[35206,9089,22790,31476,33319],"product_designer":[38112,38128],"comfabric":[],"manufacturer":[38116],"reporting_designer":[],"samplecomfabric":[],"designer_clubroom":[],"class_list":{"0":"post-5908509","1":"product","2":"type-product","3":"status-publish","4":"has-post-thumbnail","6":"product_cat-deco-fr","7":"product_cat-miroirs-fr","8":"product_cat-revetements-muraux","9":"product_tag-exclusive-fr","10":"product_tag-miroir-fr-3","11":"product_tag-disponible-immediatement","12":"product_tag-st-collectible-fr","13":"product_tag-edition-limitee","14":"product_designer-fondation-bettencourt-schueller-fr","15":"product_designer-jean-brieuc-chevalier-fr","16":"manufacturer-jean-brieuc-chevalier-fr","18":"first","19":"instock","20":"taxable","21":"shipping-taxable","22":"purchasable","23":"product-type-simple"},"acf":[],"_links":{"self":[{"href":"https:\/\/theinvisiblecollection.com\/fr\/wp-json\/wp\/v2\/product\/5908509","targetHints":{"allow":["GET"]}}],"collection":[{"href":"https:\/\/theinvisiblecollection.com\/fr\/wp-json\/wp\/v2\/product"}],"about":[{"href":"https:\/\/theinvisiblecollection.com\/fr\/wp-json\/wp\/v2\/types\/product"}],"wp:featuredmedia":[{"embeddable":true,"href":"https:\/\/theinvisiblecollection.com\/fr\/wp-json\/wp\/v2\/media\/5908504"}],"wp:attachment":[{"href":"https:\/\/theinvisiblecollection.com\/fr\/wp-json\/wp\/v2\/media?parent=5908509"}],"wp:term":[{"taxonomy":"product_brand","embeddable":true,"href":"https:\/\/theinvisiblecollection.com\/fr\/wp-json\/wp\/v2\/product_brand?post=5908509"},{"taxonomy":"product_cat","embeddable":true,"href":"https:\/\/theinvisiblecollection.com\/fr\/wp-json\/wp\/v2\/product_cat?post=5908509"},{"taxonomy":"product_tag","embeddable":true,"href":"https:\/\/theinvisiblecollection.com\/fr\/wp-json\/wp\/v2\/product_tag?post=5908509"},{"taxonomy":"product_designer","embeddable":true,"href":"https:\/\/theinvisiblecollection.com\/fr\/wp-json\/wp\/v2\/product_designer?post=5908509"},{"taxonomy":"comfabric","embeddable":true,"href":"https:\/\/theinvisiblecollection.com\/fr\/wp-json\/wp\/v2\/comfabric?post=5908509"},{"taxonomy":"manufacturer","embeddable":true,"href":"https:\/\/theinvisiblecollection.com\/fr\/wp-json\/wp\/v2\/manufacturer?post=5908509"},{"taxonomy":"reporting_designer","embeddable":true,"href":"https:\/\/theinvisiblecollection.com\/fr\/wp-json\/wp\/v2\/reporting_designer?post=5908509"},{"taxonomy":"samplecomfabric","embeddable":true,"href":"https:\/\/theinvisiblecollection.com\/fr\/wp-json\/wp\/v2\/samplecomfabric?post=5908509"},{"taxonomy":"clubroom_product_designer","embeddable":true,"href":"https:\/\/theinvisiblecollection.com\/fr\/wp-json\/wp\/v2\/designer_clubroom?post=5908509"}],"curies":[{"name":"wp","href":"https:\/\/api.w.org\/{rel}","templated":true}]}}