{"id":5909210,"date":"2026-05-15T13:36:03","date_gmt":"2026-05-15T13:36:03","guid":{"rendered":"https:\/\/theinvisiblecollection.com\/?post_type=product&#038;p=5909210"},"modified":"2026-05-15T13:37:14","modified_gmt":"2026-05-15T13:37:14","slug":"house-of-kandadu-panneau-bhuranpur","status":"publish","type":"product","link":"https:\/\/theinvisiblecollection.com\/fr\/produit\/house-of-kandadu-panneau-bhuranpur\/","title":{"rendered":"Panneau Bhuranpur"},"content":{"rendered":"<p style=\"text-align: justify;\">Inspir\u00e9 par l\u2019\u00e9l\u00e9gance des panneaux de tente du d\u00e9but du XVIIIe si\u00e8cle, le panneau artistique Bhuranpur par House of Kandadu est peint \u00e0 la main sur un lin naturel vieilli et enrichi de d\u00e9licats d\u00e9tails en appliqu\u00e9. Un vase fleuri encadr\u00e9 d\u2019une arche compose une sc\u00e8ne intemporelle, m\u00ealant texture, savoir-faire et sophistication discr\u00e8te. Le lin \u00e0 la patine subtile conf\u00e8re au panneau le caract\u00e8re pr\u00e9cieux d\u2019un fragment pr\u00e9serv\u00e9 d\u2019une autre \u00e9poque.<\/p>\n","protected":false},"excerpt":{"rendered":"<p>Inspir\u00e9 par l\u2019\u00e9l\u00e9gance des panneaux de tente du d\u00e9but du XVIIIe si\u00e8cle, le panneau artistique Bhuranpur par House of Kandadu est peint \u00e0 la main sur un lin naturel vieilli et enrichi de d\u00e9licats d\u00e9tails en appliqu\u00e9. Un vase fleuri encadr\u00e9 d\u2019une arche compose une sc\u00e8ne intemporelle, m\u00ealant texture, savoir-faire et sophistication discr\u00e8te. Le lin [&hellip;]<\/p>\n","protected":false},"featured_media":5909213,"template":"","meta":{"_acf_changed":false,"content-type":"","_themeisle_gutenberg_block_has_review":false},"product_brand":[],"product_cat":[7517,38209],"product_tag":[11738,35206],"product_designer":[38415],"comfabric":[],"manufacturer":[38409],"reporting_designer":[],"samplecomfabric":[],"designer_clubroom":[],"class_list":{"0":"post-5909210","1":"product","2":"type-product","3":"status-publish","4":"has-post-thumbnail","6":"product_cat-deco-fr","7":"product_cat-revetements-muraux","8":"product_tag-unique-fr","9":"product_tag-exclusive-fr","10":"product_designer-house-of-kandadu-fr","11":"manufacturer-house-of-kandadu-fr","13":"first","14":"instock","15":"taxable","16":"shipping-taxable","17":"purchasable","18":"product-type-simple"},"acf":[],"_links":{"self":[{"href":"https:\/\/theinvisiblecollection.com\/fr\/wp-json\/wp\/v2\/product\/5909210","targetHints":{"allow":["GET"]}}],"collection":[{"href":"https:\/\/theinvisiblecollection.com\/fr\/wp-json\/wp\/v2\/product"}],"about":[{"href":"https:\/\/theinvisiblecollection.com\/fr\/wp-json\/wp\/v2\/types\/product"}],"wp:featuredmedia":[{"embeddable":true,"href":"https:\/\/theinvisiblecollection.com\/fr\/wp-json\/wp\/v2\/media\/5909213"}],"wp:attachment":[{"href":"https:\/\/theinvisiblecollection.com\/fr\/wp-json\/wp\/v2\/media?parent=5909210"}],"wp:term":[{"taxonomy":"product_brand","embeddable":true,"href":"https:\/\/theinvisiblecollection.com\/fr\/wp-json\/wp\/v2\/product_brand?post=5909210"},{"taxonomy":"product_cat","embeddable":true,"href":"https:\/\/theinvisiblecollection.com\/fr\/wp-json\/wp\/v2\/product_cat?post=5909210"},{"taxonomy":"product_tag","embeddable":true,"href":"https:\/\/theinvisiblecollection.com\/fr\/wp-json\/wp\/v2\/product_tag?post=5909210"},{"taxonomy":"product_designer","embeddable":true,"href":"https:\/\/theinvisiblecollection.com\/fr\/wp-json\/wp\/v2\/product_designer?post=5909210"},{"taxonomy":"comfabric","embeddable":true,"href":"https:\/\/theinvisiblecollection.com\/fr\/wp-json\/wp\/v2\/comfabric?post=5909210"},{"taxonomy":"manufacturer","embeddable":true,"href":"https:\/\/theinvisiblecollection.com\/fr\/wp-json\/wp\/v2\/manufacturer?post=5909210"},{"taxonomy":"reporting_designer","embeddable":true,"href":"https:\/\/theinvisiblecollection.com\/fr\/wp-json\/wp\/v2\/reporting_designer?post=5909210"},{"taxonomy":"samplecomfabric","embeddable":true,"href":"https:\/\/theinvisiblecollection.com\/fr\/wp-json\/wp\/v2\/samplecomfabric?post=5909210"},{"taxonomy":"clubroom_product_designer","embeddable":true,"href":"https:\/\/theinvisiblecollection.com\/fr\/wp-json\/wp\/v2\/designer_clubroom?post=5909210"}],"curies":[{"name":"wp","href":"https:\/\/api.w.org\/{rel}","templated":true}]}}