{"id":5909394,"date":"2026-05-15T14:57:21","date_gmt":"2026-05-15T14:57:21","guid":{"rendered":"https:\/\/theinvisiblecollection.com\/?post_type=product&#038;p=5909394"},"modified":"2026-05-15T14:57:39","modified_gmt":"2026-05-15T14:57:39","slug":"droulers-architecture-bougeoir-luce","status":"publish","type":"product","link":"https:\/\/theinvisiblecollection.com\/fr\/produit\/droulers-architecture-bougeoir-luce\/","title":{"rendered":"Bougeoir Luce"},"content":{"rendered":"<p style=\"text-align: justify;\">Le bougeoir cylindrique en laiton Luce est imagin\u00e9 par Droulers Architecture avec une silhouette \u00e9pur\u00e9e et sculpturale. Six pierres en r\u00e9sine sont serties dans de fins contours en laiton sur toute sa surface, apportant de subtiles touches de couleur inspir\u00e9es des min\u00e9raux naturels et des tonalit\u00e9s florales. \u00c0 la fois discret et raffin\u00e9, cet objet accompagne les rituels du quotidien, transformant le geste d\u2019allumer une bougie en un moment de calme et d\u2019intention. Il s\u2019associe parfaitement \u00e0 la collection de bo\u00eetes d\u2019allumettes en laiton, formant un ensemble harmonieux et soigneusement pens\u00e9.<\/p>\n<p style=\"text-align: justify;\">Chaque pi\u00e8ce est enti\u00e8rement r\u00e9alis\u00e9e \u00e0 la main, fa\u00e7onn\u00e9e par des gestes lents et minutieux. Chaque objet est unique et peut pr\u00e9senter de l\u00e9g\u00e8res variations, de subtiles irr\u00e9gularit\u00e9s de finition ou des patines naturelles sur les surfaces en laiton. Il ne s\u2019agit pas de d\u00e9fauts, mais des traces du processus de fabrication \u2014 empreintes du temps, de la mati\u00e8re et de la main humaine. L\u2019imperfection devient ainsi partie int\u00e9grante du processus et de l\u2019\u00e2me de l\u2019objet, faisant de chaque pi\u00e8ce une cr\u00e9ation v\u00e9ritablement unique.<\/p>\n","protected":false},"excerpt":{"rendered":"<p>Le bougeoir cylindrique en laiton Luce est imagin\u00e9 par Droulers Architecture avec une silhouette \u00e9pur\u00e9e et sculpturale. Six pierres en r\u00e9sine sont serties dans de fins contours en laiton sur toute sa surface, apportant de subtiles touches de couleur inspir\u00e9es des min\u00e9raux naturels et des tonalit\u00e9s florales. \u00c0 la fois discret et raffin\u00e9, cet objet [&hellip;]<\/p>\n","protected":false},"featured_media":5909391,"template":"","meta":{"_acf_changed":false,"content-type":"","_themeisle_gutenberg_block_has_review":false},"product_brand":[],"product_cat":[12529,7517],"product_tag":[],"product_designer":[37996],"comfabric":[],"manufacturer":[37990],"reporting_designer":[],"samplecomfabric":[],"designer_clubroom":[],"class_list":{"0":"post-5909394","1":"product","2":"type-product","3":"status-publish","4":"has-post-thumbnail","6":"product_cat-bougies-bougeoirs","7":"product_cat-deco-fr","8":"product_designer-droulers-architecture-fr","9":"manufacturer-droulers-architecture-fr","11":"first","12":"instock","13":"taxable","14":"shipping-taxable","15":"purchasable","16":"product-type-simple"},"acf":[],"_links":{"self":[{"href":"https:\/\/theinvisiblecollection.com\/fr\/wp-json\/wp\/v2\/product\/5909394","targetHints":{"allow":["GET"]}}],"collection":[{"href":"https:\/\/theinvisiblecollection.com\/fr\/wp-json\/wp\/v2\/product"}],"about":[{"href":"https:\/\/theinvisiblecollection.com\/fr\/wp-json\/wp\/v2\/types\/product"}],"wp:featuredmedia":[{"embeddable":true,"href":"https:\/\/theinvisiblecollection.com\/fr\/wp-json\/wp\/v2\/media\/5909391"}],"wp:attachment":[{"href":"https:\/\/theinvisiblecollection.com\/fr\/wp-json\/wp\/v2\/media?parent=5909394"}],"wp:term":[{"taxonomy":"product_brand","embeddable":true,"href":"https:\/\/theinvisiblecollection.com\/fr\/wp-json\/wp\/v2\/product_brand?post=5909394"},{"taxonomy":"product_cat","embeddable":true,"href":"https:\/\/theinvisiblecollection.com\/fr\/wp-json\/wp\/v2\/product_cat?post=5909394"},{"taxonomy":"product_tag","embeddable":true,"href":"https:\/\/theinvisiblecollection.com\/fr\/wp-json\/wp\/v2\/product_tag?post=5909394"},{"taxonomy":"product_designer","embeddable":true,"href":"https:\/\/theinvisiblecollection.com\/fr\/wp-json\/wp\/v2\/product_designer?post=5909394"},{"taxonomy":"comfabric","embeddable":true,"href":"https:\/\/theinvisiblecollection.com\/fr\/wp-json\/wp\/v2\/comfabric?post=5909394"},{"taxonomy":"manufacturer","embeddable":true,"href":"https:\/\/theinvisiblecollection.com\/fr\/wp-json\/wp\/v2\/manufacturer?post=5909394"},{"taxonomy":"reporting_designer","embeddable":true,"href":"https:\/\/theinvisiblecollection.com\/fr\/wp-json\/wp\/v2\/reporting_designer?post=5909394"},{"taxonomy":"samplecomfabric","embeddable":true,"href":"https:\/\/theinvisiblecollection.com\/fr\/wp-json\/wp\/v2\/samplecomfabric?post=5909394"},{"taxonomy":"clubroom_product_designer","embeddable":true,"href":"https:\/\/theinvisiblecollection.com\/fr\/wp-json\/wp\/v2\/designer_clubroom?post=5909394"}],"curies":[{"name":"wp","href":"https:\/\/api.w.org\/{rel}","templated":true}]}}