{"id":5909396,"date":"2026-05-15T14:22:43","date_gmt":"2026-05-15T14:22:43","guid":{"rendered":"https:\/\/theinvisiblecollection.com\/?post_type=product&#038;p=5909396"},"modified":"2026-05-15T14:57:42","modified_gmt":"2026-05-15T14:57:42","slug":"droulers-architecture-bougeoir-ubi","status":"publish","type":"product","link":"https:\/\/theinvisiblecollection.com\/fr\/produit\/droulers-architecture-bougeoir-ubi\/","title":{"rendered":"Bougeoir Ubi"},"content":{"rendered":"<p style=\"text-align: justify;\">Les bougeoirs Ubi en scagliola, imagin\u00e9s par Droulers Architecture, c\u00e9l\u00e8brent un mat\u00e9riau issu d\u2019une longue tradition artisanale, r\u00e9interpr\u00e9t\u00e9 ici de mani\u00e8re contemporaine pour devenir un objet de design unique. Historiquement utilis\u00e9e pour imiter le marbre, la scagliola trouve une nouvelle expression dans cette collection, apportant une touche de raffinement et une profondeur mat\u00e9rielle singuli\u00e8re. Leurs formes sinueuses et originales \u00e9voquent une esth\u00e9tique sophistiqu\u00e9e ; chaque bougeoir devient une petite sculpture, capable d\u2019interagir avec la lumi\u00e8re et de r\u00e9v\u00e9ler les d\u00e9licates nuances du mat\u00e9riau. Ces bougeoirs ont \u00e9t\u00e9 cr\u00e9\u00e9s en collaboration avec l\u2019artiste Umberto Ughi.<\/p>\n<p style=\"text-align: justify;\">Chaque pi\u00e8ce est enti\u00e8rement r\u00e9alis\u00e9e \u00e0 la main, fa\u00e7onn\u00e9e par des gestes lents et minutieux. Chaque objet est unique et peut pr\u00e9senter de l\u00e9g\u00e8res variations, de subtiles irr\u00e9gularit\u00e9s de finition ou des patines naturelles sur les surfaces en laiton. Il ne s\u2019agit pas de d\u00e9fauts, mais des traces du processus de fabrication \u2014 empreintes du temps, de la mati\u00e8re et de la main humaine. L\u2019imperfection devient ainsi partie int\u00e9grante du processus et de l\u2019\u00e2me de l\u2019objet, faisant de chaque pi\u00e8ce une cr\u00e9ation v\u00e9ritablement unique.<\/p>\n","protected":false},"excerpt":{"rendered":"<p>Les bougeoirs Ubi en scagliola, imagin\u00e9s par Droulers Architecture, c\u00e9l\u00e8brent un mat\u00e9riau issu d\u2019une longue tradition artisanale, r\u00e9interpr\u00e9t\u00e9 ici de mani\u00e8re contemporaine pour devenir un objet de design unique. Historiquement utilis\u00e9e pour imiter le marbre, la scagliola trouve une nouvelle expression dans cette collection, apportant une touche de raffinement et une profondeur mat\u00e9rielle singuli\u00e8re. Leurs [&hellip;]<\/p>\n","protected":false},"featured_media":5909400,"template":"","meta":{"_acf_changed":false,"content-type":"","_themeisle_gutenberg_block_has_review":false},"product_brand":[],"product_cat":[7517,12529],"product_tag":[],"product_designer":[37996],"comfabric":[],"manufacturer":[37990],"reporting_designer":[],"samplecomfabric":[],"designer_clubroom":[],"class_list":{"0":"post-5909396","1":"product","2":"type-product","3":"status-publish","4":"has-post-thumbnail","6":"product_cat-deco-fr","7":"product_cat-bougies-bougeoirs","8":"product_designer-droulers-architecture-fr","9":"manufacturer-droulers-architecture-fr","11":"first","12":"instock","13":"taxable","14":"shipping-taxable","15":"purchasable","16":"product-type-simple"},"acf":[],"_links":{"self":[{"href":"https:\/\/theinvisiblecollection.com\/fr\/wp-json\/wp\/v2\/product\/5909396","targetHints":{"allow":["GET"]}}],"collection":[{"href":"https:\/\/theinvisiblecollection.com\/fr\/wp-json\/wp\/v2\/product"}],"about":[{"href":"https:\/\/theinvisiblecollection.com\/fr\/wp-json\/wp\/v2\/types\/product"}],"wp:featuredmedia":[{"embeddable":true,"href":"https:\/\/theinvisiblecollection.com\/fr\/wp-json\/wp\/v2\/media\/5909400"}],"wp:attachment":[{"href":"https:\/\/theinvisiblecollection.com\/fr\/wp-json\/wp\/v2\/media?parent=5909396"}],"wp:term":[{"taxonomy":"product_brand","embeddable":true,"href":"https:\/\/theinvisiblecollection.com\/fr\/wp-json\/wp\/v2\/product_brand?post=5909396"},{"taxonomy":"product_cat","embeddable":true,"href":"https:\/\/theinvisiblecollection.com\/fr\/wp-json\/wp\/v2\/product_cat?post=5909396"},{"taxonomy":"product_tag","embeddable":true,"href":"https:\/\/theinvisiblecollection.com\/fr\/wp-json\/wp\/v2\/product_tag?post=5909396"},{"taxonomy":"product_designer","embeddable":true,"href":"https:\/\/theinvisiblecollection.com\/fr\/wp-json\/wp\/v2\/product_designer?post=5909396"},{"taxonomy":"comfabric","embeddable":true,"href":"https:\/\/theinvisiblecollection.com\/fr\/wp-json\/wp\/v2\/comfabric?post=5909396"},{"taxonomy":"manufacturer","embeddable":true,"href":"https:\/\/theinvisiblecollection.com\/fr\/wp-json\/wp\/v2\/manufacturer?post=5909396"},{"taxonomy":"reporting_designer","embeddable":true,"href":"https:\/\/theinvisiblecollection.com\/fr\/wp-json\/wp\/v2\/reporting_designer?post=5909396"},{"taxonomy":"samplecomfabric","embeddable":true,"href":"https:\/\/theinvisiblecollection.com\/fr\/wp-json\/wp\/v2\/samplecomfabric?post=5909396"},{"taxonomy":"clubroom_product_designer","embeddable":true,"href":"https:\/\/theinvisiblecollection.com\/fr\/wp-json\/wp\/v2\/designer_clubroom?post=5909396"}],"curies":[{"name":"wp","href":"https:\/\/api.w.org\/{rel}","templated":true}]}}