{"id":59118,"date":"2020-10-30T18:35:05","date_gmt":"2020-10-30T17:35:05","guid":{"rendered":"https:\/\/www.theinvisiblecollection.com\/?post_type=product&#038;p=59118"},"modified":"2026-05-01T07:39:32","modified_gmt":"2026-05-01T07:39:32","slug":"kubo-curated-cross-panel-weave-housse-de-coussin","status":"publish","type":"product","link":"https:\/\/theinvisiblecollection.com\/fr\/produit\/kubo-curated-cross-panel-weave-housse-de-coussin\/","title":{"rendered":"Cross Panel Weave Housse de Coussin"},"content":{"rendered":"<p style=\"text-align: justify;\">Cette housse de coussin est fabriqu\u00e9e \u00e0 la main dans un tissu appell\u00e9\u00a0T&#8217;nalak. Le T&#8217;nalak est un tissu fabriqu\u00e9 \u00e0 partir de fibres Abaca, de la famille des bananiers, tiss\u00e9 et consid\u00e9r\u00e9 comme sacr\u00e9 par les femmes de la tribu T&#8217;boli du lac Sebu de South Cotabato \u00e0\u00a0Mindanao aux Philippines.<\/p>\n","protected":false},"excerpt":{"rendered":"<p>Housse de coussin fabriqu\u00e9e \u00e0 la main avec du tissu T&#8217;nalak teint naturellement et d\u00e9licatement tiss\u00e9 \u00e0 partir de fibres d&#8217;Abaca et fix\u00e9e par des boutons en coquille de noix de coco<br \/>\nCouleur : sable clair et terracotta<\/p>\n<p>50 x 50 cm<br \/>\nTaille de coussin recommand\u00e9e : 61 x 61 cm<\/p>\n<p>Fabriqu\u00e9 \u00e0 la main aux Philippines<br \/>\nD\u00e9lais de production : 12 semaines<\/p>\n<p class=\"p1\"><span style=\"text-decoration: underline;\"><span class=\"s1\"><a href=\"https:\/\/www.theinvisiblecollection.com\/fr\/demande-de-devis\/?product_id=59118\">Contactez-nous pour toute demande de devis ou de renseignements<\/a><\/span><\/span><\/p>\n","protected":false},"featured_media":59098,"template":"","meta":{"_acf_changed":false,"content-type":"","_themeisle_gutenberg_block_has_review":false},"product_brand":[],"product_cat":[13076,16319,19992,7517,12530],"product_tag":[11741,35326,11736,11740],"product_designer":[11735],"comfabric":[],"manufacturer":[26224],"reporting_designer":[37186],"samplecomfabric":[],"designer_clubroom":[],"class_list":{"0":"post-59118","1":"product","2":"type-product","3":"status-publish","4":"has-post-thumbnail","6":"product_cat-bureau-a-la-maison","7":"product_cat-cartes-cadeaux","8":"product_cat-coussins","9":"product_cat-deco-fr","10":"product_cat-coussins-plaids","11":"product_tag-comfort-fr","12":"product_tag-st-scandinavian-fr","13":"product_tag-coussins-de-canape","14":"product_tag-kubo-fr","15":"pa_choice-coussin-inclus","16":"pa_choice-housse-sans-coussin","17":"product_designer-kubo-curated-fr","18":"manufacturer-kubo-curated-pick-up-fr","19":"reporting_designer-kubo-curated","21":"first","22":"instock","23":"taxable","24":"shipping-taxable","25":"purchasable","26":"product-type-variable"},"acf":[],"_links":{"self":[{"href":"https:\/\/theinvisiblecollection.com\/fr\/wp-json\/wp\/v2\/product\/59118","targetHints":{"allow":["GET"]}}],"collection":[{"href":"https:\/\/theinvisiblecollection.com\/fr\/wp-json\/wp\/v2\/product"}],"about":[{"href":"https:\/\/theinvisiblecollection.com\/fr\/wp-json\/wp\/v2\/types\/product"}],"wp:featuredmedia":[{"embeddable":true,"href":"https:\/\/theinvisiblecollection.com\/fr\/wp-json\/wp\/v2\/media\/59098"}],"wp:attachment":[{"href":"https:\/\/theinvisiblecollection.com\/fr\/wp-json\/wp\/v2\/media?parent=59118"}],"wp:term":[{"taxonomy":"product_brand","embeddable":true,"href":"https:\/\/theinvisiblecollection.com\/fr\/wp-json\/wp\/v2\/product_brand?post=59118"},{"taxonomy":"product_cat","embeddable":true,"href":"https:\/\/theinvisiblecollection.com\/fr\/wp-json\/wp\/v2\/product_cat?post=59118"},{"taxonomy":"product_tag","embeddable":true,"href":"https:\/\/theinvisiblecollection.com\/fr\/wp-json\/wp\/v2\/product_tag?post=59118"},{"taxonomy":"product_designer","embeddable":true,"href":"https:\/\/theinvisiblecollection.com\/fr\/wp-json\/wp\/v2\/product_designer?post=59118"},{"taxonomy":"comfabric","embeddable":true,"href":"https:\/\/theinvisiblecollection.com\/fr\/wp-json\/wp\/v2\/comfabric?post=59118"},{"taxonomy":"manufacturer","embeddable":true,"href":"https:\/\/theinvisiblecollection.com\/fr\/wp-json\/wp\/v2\/manufacturer?post=59118"},{"taxonomy":"reporting_designer","embeddable":true,"href":"https:\/\/theinvisiblecollection.com\/fr\/wp-json\/wp\/v2\/reporting_designer?post=59118"},{"taxonomy":"samplecomfabric","embeddable":true,"href":"https:\/\/theinvisiblecollection.com\/fr\/wp-json\/wp\/v2\/samplecomfabric?post=59118"},{"taxonomy":"clubroom_product_designer","embeddable":true,"href":"https:\/\/theinvisiblecollection.com\/fr\/wp-json\/wp\/v2\/designer_clubroom?post=59118"}],"curies":[{"name":"wp","href":"https:\/\/api.w.org\/{rel}","templated":true}]}}