{"id":59171,"date":"2020-11-02T11:21:30","date_gmt":"2020-11-02T10:21:30","guid":{"rendered":"https:\/\/www.theinvisiblecollection.com\/?post_type=product&#038;p=59171"},"modified":"2026-05-01T07:39:32","modified_gmt":"2026-05-01T07:39:32","slug":"kubo-curated-zig-zag-beaded-housse-de-coussin","status":"publish","type":"product","link":"https:\/\/theinvisiblecollection.com\/fr\/produit\/kubo-curated-zig-zag-beaded-housse-de-coussin\/","title":{"rendered":"Zig Zag Beaded Housse de Coussin"},"content":{"rendered":"","protected":false},"excerpt":{"rendered":"<p>Housse de coussin fabriqu\u00e9e \u00e0 la main avec du tissu T&#8217;nalak teint naturellement et d\u00e9licatement tiss\u00e9 \u00e0 partir de fibres d&#8217;Abaca et fix\u00e9e par des boutons en coquille de noix de coco<br \/>\nCouleur : sable clair et avoine<\/p>\n<p>L 45 x l 45 cm<br \/>\nTaille de coussin recommand\u00e9e : L 56 x l 56 cm<\/p>\n<p>Fabriqu\u00e9 \u00e0 la main aux Philippines<br \/>\nD\u00e9lais de production : 12 semaines<\/p>\n<p class=\"p1\"><span style=\"text-decoration: underline;\"><span class=\"s1\"><a href=\"https:\/\/www.theinvisiblecollection.com\/fr\/demande-de-devis\/?product_id=59171\">Contactez-nous pour toute demande de devis ou de renseignements<\/a><\/span><\/span><\/p>\n","protected":false},"featured_media":59128,"template":"","meta":{"_acf_changed":false,"content-type":"","_themeisle_gutenberg_block_has_review":false},"product_brand":[],"product_cat":[7517,12530,19992],"product_tag":[11736,11740,11741,35326],"product_designer":[11735],"comfabric":[],"manufacturer":[26224],"reporting_designer":[37186],"samplecomfabric":[],"designer_clubroom":[],"class_list":{"0":"post-59171","1":"product","2":"type-product","3":"status-publish","4":"has-post-thumbnail","6":"product_cat-deco-fr","7":"product_cat-coussins-plaids","8":"product_cat-coussins","9":"product_tag-coussins-de-canape","10":"product_tag-kubo-fr","11":"product_tag-comfort-fr","12":"product_tag-st-scandinavian-fr","13":"pa_choice-coussin-inclus","14":"pa_choice-housse-sans-coussin","15":"product_designer-kubo-curated-fr","16":"manufacturer-kubo-curated-pick-up-fr","17":"reporting_designer-kubo-curated","19":"first","20":"instock","21":"taxable","22":"shipping-taxable","23":"purchasable","24":"product-type-variable"},"acf":[],"_links":{"self":[{"href":"https:\/\/theinvisiblecollection.com\/fr\/wp-json\/wp\/v2\/product\/59171","targetHints":{"allow":["GET"]}}],"collection":[{"href":"https:\/\/theinvisiblecollection.com\/fr\/wp-json\/wp\/v2\/product"}],"about":[{"href":"https:\/\/theinvisiblecollection.com\/fr\/wp-json\/wp\/v2\/types\/product"}],"wp:featuredmedia":[{"embeddable":true,"href":"https:\/\/theinvisiblecollection.com\/fr\/wp-json\/wp\/v2\/media\/59128"}],"wp:attachment":[{"href":"https:\/\/theinvisiblecollection.com\/fr\/wp-json\/wp\/v2\/media?parent=59171"}],"wp:term":[{"taxonomy":"product_brand","embeddable":true,"href":"https:\/\/theinvisiblecollection.com\/fr\/wp-json\/wp\/v2\/product_brand?post=59171"},{"taxonomy":"product_cat","embeddable":true,"href":"https:\/\/theinvisiblecollection.com\/fr\/wp-json\/wp\/v2\/product_cat?post=59171"},{"taxonomy":"product_tag","embeddable":true,"href":"https:\/\/theinvisiblecollection.com\/fr\/wp-json\/wp\/v2\/product_tag?post=59171"},{"taxonomy":"product_designer","embeddable":true,"href":"https:\/\/theinvisiblecollection.com\/fr\/wp-json\/wp\/v2\/product_designer?post=59171"},{"taxonomy":"comfabric","embeddable":true,"href":"https:\/\/theinvisiblecollection.com\/fr\/wp-json\/wp\/v2\/comfabric?post=59171"},{"taxonomy":"manufacturer","embeddable":true,"href":"https:\/\/theinvisiblecollection.com\/fr\/wp-json\/wp\/v2\/manufacturer?post=59171"},{"taxonomy":"reporting_designer","embeddable":true,"href":"https:\/\/theinvisiblecollection.com\/fr\/wp-json\/wp\/v2\/reporting_designer?post=59171"},{"taxonomy":"samplecomfabric","embeddable":true,"href":"https:\/\/theinvisiblecollection.com\/fr\/wp-json\/wp\/v2\/samplecomfabric?post=59171"},{"taxonomy":"clubroom_product_designer","embeddable":true,"href":"https:\/\/theinvisiblecollection.com\/fr\/wp-json\/wp\/v2\/designer_clubroom?post=59171"}],"curies":[{"name":"wp","href":"https:\/\/api.w.org\/{rel}","templated":true}]}}