{"id":59376,"date":"2020-12-10T16:03:39","date_gmt":"2020-12-10T15:03:39","guid":{"rendered":"https:\/\/www.theinvisiblecollection.com\/?post_type=product&#038;p=59376"},"modified":"2026-05-01T07:39:32","modified_gmt":"2026-05-01T07:39:32","slug":"jennifer-shorto-set-de-table-etoiles-ocean","status":"publish","type":"product","link":"https:\/\/theinvisiblecollection.com\/fr\/produit\/jennifer-shorto-set-de-table-etoiles-ocean\/","title":{"rendered":"Set de Table Etoiles Ocean"},"content":{"rendered":"<p style=\"text-align: justify;\">Cet imprim\u00e9 a \u00e9t\u00e9 inspir\u00e9 par les peintures murales du Convento Dominico de la Natividad \u00e0 Tepoztlan, pr\u00e8s de Mexico. Datant du XVIe si\u00e8cle, peu apr\u00e8s la conqu\u00eate espagnole, les magnifiques peintures murales du couvent, \u00e0 la sanguine et au charbon de bois, semblent contenir toute la g\u00e9n\u00e9alogie de l&#8217;ornementation hispanique, avec une g\u00e9om\u00e9trie mauresque filtr\u00e9e par le catholicisme espagnol et rendue dans les pigments du Nouveau Monde.<\/p>\n","protected":false},"excerpt":{"rendered":"<p>Set de table en 100% lin naturel<\/p>\n<p>L 48 x l 34 cm<\/p>\n<p><p>Fabriqu\u00e9 \u00e0 la main au Royaume-Uni<br \/>D\u00e9lais de production : 2 &#8211; 4 semaines<\/p>\n<p class=\"p1\"><span style=\"text-decoration: underline\" data-mce-style=\"text-decoration: underline;\"><span class=\"s1\"><a href=\"https:\/\/www.theinvisiblecollection.com\/fr\/demande-de-devis\/?product_id=93828\" data-mce-href=\"https:\/\/www.theinvisiblecollection.com\/fr\/demande-de-devis\/?product_id=93828\">Contactez-nous pour toute demande de devis ou de renseignements<\/a><\/span><\/span><\/p><\/p>\n","protected":false},"featured_media":66169,"template":"","meta":{"_acf_changed":false,"content-type":"","_themeisle_gutenberg_block_has_review":false},"product_brand":[],"product_cat":[7517,12535],"product_tag":[11819,22790,31474],"product_designer":[11751],"comfabric":[],"manufacturer":[28427],"reporting_designer":[37826],"samplecomfabric":[],"designer_clubroom":[],"class_list":{"0":"post-59376","1":"product","2":"type-product","3":"status-publish","4":"has-post-thumbnail","6":"product_cat-deco-fr","7":"product_cat-arts-de-la-table","8":"product_tag-jennifer-shorto-fr","9":"product_tag-disponible-immediatement","10":"product_tag-co-white-fr","11":"pa_choice-lot-de-2","12":"pa_choice-lot-de-4","13":"pa_choice-lot-de-6","14":"product_designer-jennifer-short-fr","15":"manufacturer-jennifer-shorto-atelier-fr","16":"reporting_designer-jennifer-shorto","17":"exhibitions-paris-fr","18":"exhibitions-londres-fr","20":"first","21":"instock","22":"taxable","23":"shipping-taxable","24":"purchasable","25":"product-type-variable"},"acf":[],"_links":{"self":[{"href":"https:\/\/theinvisiblecollection.com\/fr\/wp-json\/wp\/v2\/product\/59376","targetHints":{"allow":["GET"]}}],"collection":[{"href":"https:\/\/theinvisiblecollection.com\/fr\/wp-json\/wp\/v2\/product"}],"about":[{"href":"https:\/\/theinvisiblecollection.com\/fr\/wp-json\/wp\/v2\/types\/product"}],"wp:featuredmedia":[{"embeddable":true,"href":"https:\/\/theinvisiblecollection.com\/fr\/wp-json\/wp\/v2\/media\/66169"}],"wp:attachment":[{"href":"https:\/\/theinvisiblecollection.com\/fr\/wp-json\/wp\/v2\/media?parent=59376"}],"wp:term":[{"taxonomy":"product_brand","embeddable":true,"href":"https:\/\/theinvisiblecollection.com\/fr\/wp-json\/wp\/v2\/product_brand?post=59376"},{"taxonomy":"product_cat","embeddable":true,"href":"https:\/\/theinvisiblecollection.com\/fr\/wp-json\/wp\/v2\/product_cat?post=59376"},{"taxonomy":"product_tag","embeddable":true,"href":"https:\/\/theinvisiblecollection.com\/fr\/wp-json\/wp\/v2\/product_tag?post=59376"},{"taxonomy":"product_designer","embeddable":true,"href":"https:\/\/theinvisiblecollection.com\/fr\/wp-json\/wp\/v2\/product_designer?post=59376"},{"taxonomy":"comfabric","embeddable":true,"href":"https:\/\/theinvisiblecollection.com\/fr\/wp-json\/wp\/v2\/comfabric?post=59376"},{"taxonomy":"manufacturer","embeddable":true,"href":"https:\/\/theinvisiblecollection.com\/fr\/wp-json\/wp\/v2\/manufacturer?post=59376"},{"taxonomy":"reporting_designer","embeddable":true,"href":"https:\/\/theinvisiblecollection.com\/fr\/wp-json\/wp\/v2\/reporting_designer?post=59376"},{"taxonomy":"samplecomfabric","embeddable":true,"href":"https:\/\/theinvisiblecollection.com\/fr\/wp-json\/wp\/v2\/samplecomfabric?post=59376"},{"taxonomy":"clubroom_product_designer","embeddable":true,"href":"https:\/\/theinvisiblecollection.com\/fr\/wp-json\/wp\/v2\/designer_clubroom?post=59376"}],"curies":[{"name":"wp","href":"https:\/\/api.w.org\/{rel}","templated":true}]}}