{"id":59382,"date":"2020-12-10T16:06:53","date_gmt":"2020-12-10T15:06:53","guid":{"rendered":"https:\/\/www.theinvisiblecollection.com\/?post_type=product&#038;p=59382"},"modified":"2026-05-01T07:39:32","modified_gmt":"2026-05-01T07:39:32","slug":"jennifer-shorto-lot-de-serviettes-de-table-etoiles-green","status":"publish","type":"product","link":"https:\/\/theinvisiblecollection.com\/fr\/produit\/jennifer-shorto-lot-de-serviettes-de-table-etoiles-green\/","title":{"rendered":"Lot de Serviettes de Table Etoiles Green"},"content":{"rendered":"<p style=\"text-align: justify;\"><span class=\"TextRun SCXW106627460 BCX0\" lang=\"FR-FR\" xml:lang=\"FR-FR\" data-contrast=\"auto\"><span class=\"NormalTextRun SCXW106627460 BCX0\">Cet imprim\u00e9\u00a0<\/span><\/span><span class=\"TextRun SCXW106627460 BCX0\" lang=\"FR-FR\" xml:lang=\"FR-FR\" data-contrast=\"auto\"><span class=\"NormalTextRun SCXW106627460 BCX0\">a \u00e9t\u00e9 inspir\u00e9<\/span><\/span><span class=\"TextRun SCXW106627460 BCX0\" lang=\"FR-FR\" xml:lang=\"FR-FR\" data-contrast=\"auto\"><span class=\"NormalTextRun SCXW106627460 BCX0\">\u00a0<\/span><\/span><span class=\"TextRun SCXW106627460 BCX0\" lang=\"FR-FR\" xml:lang=\"FR-FR\" data-contrast=\"auto\"><span class=\"NormalTextRun SCXW106627460 BCX0\">par les peintures murales du\u00a0<\/span><\/span><span class=\"TextRun SCXW106627460 BCX0\" lang=\"FR-FR\" xml:lang=\"FR-FR\" data-contrast=\"auto\"><span class=\"NormalTextRun SpellingErrorV2 SCXW106627460 BCX0\">Convento<\/span><\/span><span class=\"TextRun SCXW106627460 BCX0\" lang=\"FR-FR\" xml:lang=\"FR-FR\" data-contrast=\"auto\"><span class=\"NormalTextRun SCXW106627460 BCX0\">\u00a0<\/span><\/span><span class=\"TextRun SCXW106627460 BCX0\" lang=\"FR-FR\" xml:lang=\"FR-FR\" data-contrast=\"auto\"><span class=\"NormalTextRun SpellingErrorV2 SCXW106627460 BCX0\">Dominico<\/span><\/span><span class=\"TextRun SCXW106627460 BCX0\" lang=\"FR-FR\" xml:lang=\"FR-FR\" data-contrast=\"auto\"><span class=\"NormalTextRun SCXW106627460 BCX0\">\u00a0de la\u00a0<\/span><\/span><span class=\"TextRun SCXW106627460 BCX0\" lang=\"FR-FR\" xml:lang=\"FR-FR\" data-contrast=\"auto\"><span class=\"NormalTextRun SpellingErrorV2 SCXW106627460 BCX0\">Natividad<\/span><\/span><span class=\"TextRun SCXW106627460 BCX0\" lang=\"FR-FR\" xml:lang=\"FR-FR\" data-contrast=\"auto\"><span class=\"NormalTextRun SCXW106627460 BCX0\">\u00a0\u00e0\u00a0<\/span><\/span><span class=\"TextRun SCXW106627460 BCX0\" lang=\"FR-FR\" xml:lang=\"FR-FR\" data-contrast=\"auto\"><span class=\"NormalTextRun SpellingErrorV2 SCXW106627460 BCX0\">Tepoztlan<\/span><\/span><span class=\"TextRun SCXW106627460 BCX0\" lang=\"FR-FR\" xml:lang=\"FR-FR\" data-contrast=\"auto\"><span class=\"NormalTextRun SCXW106627460 BCX0\">, pr\u00e8s de Mexico. Datant du XVIe si\u00e8cle, peu apr\u00e8s la conqu\u00eate espagnole, les magnifiques peintures murales du couvent, \u00e0 la sanguine et au charbon de bois, semblent contenir toute la g\u00e9n\u00e9alogie de l&#8217;ornementation hispanique, avec une g\u00e9om\u00e9trie mauresque filtr\u00e9e par le catholicisme espagnol et rendue dans les pigments du Nouveau Monde.<\/span><\/span><span class=\"EOP SCXW106627460 BCX0\" data-ccp-props=\"{&quot;201341983&quot;:0,&quot;335559740&quot;:259}\">\u00a0<\/span><\/p>\n","protected":false},"excerpt":{"rendered":"<p>Serviette de table en 100% lin naturel<\/p>\n<p>L 50 x l 50 cm<\/p>\n<p><p>Fabriqu\u00e9 \u00e0 la main au Royaume-Uni<br \/>D\u00e9lais de production : 2 &#8211; 4 semaines<\/p>\n<p class=\"p1\"><span style=\"text-decoration: underline\" data-mce-style=\"text-decoration: underline;\"><span class=\"s1\"><a href=\"https:\/\/www.theinvisiblecollection.com\/fr\/demande-de-devis\/?product_id=93828\" data-mce-href=\"https:\/\/www.theinvisiblecollection.com\/fr\/demande-de-devis\/?product_id=93828\">Contactez-nous pour toute demande de devis ou de renseignements<\/a><\/span><\/span><\/p><\/p>\n","protected":false},"featured_media":66212,"template":"","meta":{"_acf_changed":false,"content-type":"","_themeisle_gutenberg_block_has_review":false},"product_brand":[],"product_cat":[12535],"product_tag":[11819,22790,31474],"product_designer":[11751],"comfabric":[],"manufacturer":[28427],"reporting_designer":[37826],"samplecomfabric":[],"designer_clubroom":[],"class_list":{"0":"post-59382","1":"product","2":"type-product","3":"status-publish","4":"has-post-thumbnail","6":"product_cat-arts-de-la-table","7":"product_tag-jennifer-shorto-fr","8":"product_tag-disponible-immediatement","9":"product_tag-co-white-fr","10":"pa_choice-lot-de-2","11":"pa_choice-lot-de-4","12":"pa_choice-lot-de-6","13":"product_designer-jennifer-short-fr","14":"manufacturer-jennifer-shorto-atelier-fr","15":"reporting_designer-jennifer-shorto","16":"exhibitions-paris-fr","17":"exhibitions-londres-fr","19":"first","20":"instock","21":"taxable","22":"shipping-taxable","23":"purchasable","24":"product-type-variable"},"acf":[],"_links":{"self":[{"href":"https:\/\/theinvisiblecollection.com\/fr\/wp-json\/wp\/v2\/product\/59382","targetHints":{"allow":["GET"]}}],"collection":[{"href":"https:\/\/theinvisiblecollection.com\/fr\/wp-json\/wp\/v2\/product"}],"about":[{"href":"https:\/\/theinvisiblecollection.com\/fr\/wp-json\/wp\/v2\/types\/product"}],"wp:featuredmedia":[{"embeddable":true,"href":"https:\/\/theinvisiblecollection.com\/fr\/wp-json\/wp\/v2\/media\/66212"}],"wp:attachment":[{"href":"https:\/\/theinvisiblecollection.com\/fr\/wp-json\/wp\/v2\/media?parent=59382"}],"wp:term":[{"taxonomy":"product_brand","embeddable":true,"href":"https:\/\/theinvisiblecollection.com\/fr\/wp-json\/wp\/v2\/product_brand?post=59382"},{"taxonomy":"product_cat","embeddable":true,"href":"https:\/\/theinvisiblecollection.com\/fr\/wp-json\/wp\/v2\/product_cat?post=59382"},{"taxonomy":"product_tag","embeddable":true,"href":"https:\/\/theinvisiblecollection.com\/fr\/wp-json\/wp\/v2\/product_tag?post=59382"},{"taxonomy":"product_designer","embeddable":true,"href":"https:\/\/theinvisiblecollection.com\/fr\/wp-json\/wp\/v2\/product_designer?post=59382"},{"taxonomy":"comfabric","embeddable":true,"href":"https:\/\/theinvisiblecollection.com\/fr\/wp-json\/wp\/v2\/comfabric?post=59382"},{"taxonomy":"manufacturer","embeddable":true,"href":"https:\/\/theinvisiblecollection.com\/fr\/wp-json\/wp\/v2\/manufacturer?post=59382"},{"taxonomy":"reporting_designer","embeddable":true,"href":"https:\/\/theinvisiblecollection.com\/fr\/wp-json\/wp\/v2\/reporting_designer?post=59382"},{"taxonomy":"samplecomfabric","embeddable":true,"href":"https:\/\/theinvisiblecollection.com\/fr\/wp-json\/wp\/v2\/samplecomfabric?post=59382"},{"taxonomy":"clubroom_product_designer","embeddable":true,"href":"https:\/\/theinvisiblecollection.com\/fr\/wp-json\/wp\/v2\/designer_clubroom?post=59382"}],"curies":[{"name":"wp","href":"https:\/\/api.w.org\/{rel}","templated":true}]}}