{"id":60252,"date":"2024-09-10T00:00:00","date_gmt":"2024-09-10T00:00:00","guid":{"rendered":"https:\/\/www.theinvisiblecollection.com\/?post_type=product&#038;p=60252"},"modified":"2026-05-01T07:39:29","modified_gmt":"2026-05-01T07:39:29","slug":"stephen-antonson-applique-paola","status":"publish","type":"product","link":"https:\/\/theinvisiblecollection.com\/fr\/produit\/stephen-antonson-applique-paola\/","title":{"rendered":"Applique Paola"},"content":{"rendered":"","protected":false},"excerpt":{"rendered":"<p>Applique en pl\u00e2tre<br \/>\nMat\u00e9riau en bronze et couleurs sur-mesure sur demande<br \/>\n1 ampoule mini LED requise, max 60 W<br \/>\nBase de cand\u00e9labre<br \/>\nConvient pour une utilisation europ\u00e9enne (certification CE) ou mondiale (homologation UL)<\/p>\n<p>L 19 x W 11.5 x H 45 cm<\/p>\n<p>Fabriqu\u00e9e \u00e0 la main aux \u00c9tats-Unis<br \/>\nD\u00e9lais de fabrication : 16 \u2013 18 semaines<\/p>\n<p class=\"p1\"><span style=\"text-decoration: underline;\"><span class=\"s1\"><a href=\"https:\/\/www.theinvisiblecollection.com\/fr\/demande-de-devis\/?product_id=60252\">Contactez-nous pour toute demande de devis ou de renseignements<\/a><\/span><\/span><\/p>\n","protected":false},"featured_media":61121,"template":"","meta":{"_acf_changed":false,"content-type":"","_themeisle_gutenberg_block_has_review":false},"product_brand":[],"product_cat":[8975,12507],"product_tag":[9200,9237,9448,9785,22681,22790,8990,9048],"product_designer":[11834],"comfabric":[],"manufacturer":[16751],"reporting_designer":[37790],"samplecomfabric":[],"designer_clubroom":[],"class_list":{"0":"post-60252","1":"product","2":"type-product","3":"status-publish","4":"has-post-thumbnail","6":"product_cat-appliques-murales","7":"product_cat-luminaires","8":"product_tag-luminaire-fr-2","9":"product_tag-lampe-fr-2","10":"product_tag-applique-fr-3","11":"product_tag-platre","12":"product_tag-applique-fr-2","13":"product_tag-disponible-immediatement","14":"product_tag-applique-murale","15":"product_tag-lampe","16":"product_designer-stephen-antonson-fr","17":"manufacturer-stephen-antonson-fr","18":"reporting_designer-stephen-antonson","19":"exhibitions-new-york-fr","21":"first","22":"instock","23":"taxable","24":"shipping-taxable","25":"purchasable","26":"product-type-variable"},"acf":[],"_links":{"self":[{"href":"https:\/\/theinvisiblecollection.com\/fr\/wp-json\/wp\/v2\/product\/60252","targetHints":{"allow":["GET"]}}],"collection":[{"href":"https:\/\/theinvisiblecollection.com\/fr\/wp-json\/wp\/v2\/product"}],"about":[{"href":"https:\/\/theinvisiblecollection.com\/fr\/wp-json\/wp\/v2\/types\/product"}],"wp:featuredmedia":[{"embeddable":true,"href":"https:\/\/theinvisiblecollection.com\/fr\/wp-json\/wp\/v2\/media\/61121"}],"wp:attachment":[{"href":"https:\/\/theinvisiblecollection.com\/fr\/wp-json\/wp\/v2\/media?parent=60252"}],"wp:term":[{"taxonomy":"product_brand","embeddable":true,"href":"https:\/\/theinvisiblecollection.com\/fr\/wp-json\/wp\/v2\/product_brand?post=60252"},{"taxonomy":"product_cat","embeddable":true,"href":"https:\/\/theinvisiblecollection.com\/fr\/wp-json\/wp\/v2\/product_cat?post=60252"},{"taxonomy":"product_tag","embeddable":true,"href":"https:\/\/theinvisiblecollection.com\/fr\/wp-json\/wp\/v2\/product_tag?post=60252"},{"taxonomy":"product_designer","embeddable":true,"href":"https:\/\/theinvisiblecollection.com\/fr\/wp-json\/wp\/v2\/product_designer?post=60252"},{"taxonomy":"comfabric","embeddable":true,"href":"https:\/\/theinvisiblecollection.com\/fr\/wp-json\/wp\/v2\/comfabric?post=60252"},{"taxonomy":"manufacturer","embeddable":true,"href":"https:\/\/theinvisiblecollection.com\/fr\/wp-json\/wp\/v2\/manufacturer?post=60252"},{"taxonomy":"reporting_designer","embeddable":true,"href":"https:\/\/theinvisiblecollection.com\/fr\/wp-json\/wp\/v2\/reporting_designer?post=60252"},{"taxonomy":"samplecomfabric","embeddable":true,"href":"https:\/\/theinvisiblecollection.com\/fr\/wp-json\/wp\/v2\/samplecomfabric?post=60252"},{"taxonomy":"clubroom_product_designer","embeddable":true,"href":"https:\/\/theinvisiblecollection.com\/fr\/wp-json\/wp\/v2\/designer_clubroom?post=60252"}],"curies":[{"name":"wp","href":"https:\/\/api.w.org\/{rel}","templated":true}]}}