{"id":60426,"date":"2024-09-10T00:00:00","date_gmt":"2024-09-10T00:00:00","guid":{"rendered":"https:\/\/www.theinvisiblecollection.com\/?post_type=product&#038;p=60426"},"modified":"2026-05-01T07:39:29","modified_gmt":"2026-05-01T07:39:29","slug":"boite-diner-en-ville-sixties-feeling","status":"publish","type":"product","link":"https:\/\/theinvisiblecollection.com\/fr\/produit\/boite-diner-en-ville-sixties-feeling\/","title":{"rendered":"Bo\u00eete D\u00eener en Ville &#8220;Sixties Feeling&#8221;"},"content":{"rendered":"<p style=\"text-align: justify;\">Les Bo\u00eetes &#8220;D\u00eener en Ville&#8221; ont \u00e9t\u00e9 imagin\u00e9es par Isabelle Moltzer, connue pour son talent \u00e0 concevoir des d\u00eeners tr\u00e8s parisiens, avec un chic timeless et inimitable. Pr\u00e9par\u00e9es g\u00e9n\u00e9reusement pour 12 personnes, les Bo\u00eetes &#8220;D\u00eener en Ville&#8221; comprennent 12 assiettes vintage en fa\u00efence, 12 verres \u00e0 vin et \u00e0 eau, nappes et serviettes ainsi qu&#8217;un choix d&#8217;objets glan\u00e9s pour la bo\u00eete exclusivement. Cool et chic avec un twist ! Chaque Bo\u00eete D\u00eener en Ville est unique, soyez les premiers et les seuls \u00e0 recevoir \u00e0 la maison pour des d\u00eeners inoubliables avec la table compl\u00e8te Sixties Feeling. Si vous r\u00e9sistez \u00e0 la tentation, vous pouvez aussi l&#8217;offrir \u00e0 vos amis.<\/p>\n","protected":false},"excerpt":{"rendered":"<p>Bo\u00eete D\u00eener En Ville &#8220;Sixties Feeling&#8221; pour 4 personnes<br \/>\n<em>Un exemplaire unique<br \/>\n<\/em>\u00c9galement disponible en bo\u00eete pour 2 personnes<\/p>\n<p>Nappe en jute<br \/>\n4 serviettes en lin e\u0301meraude<br \/>\n4 grandes assiettes en gre\u0300s chamote\u0301es emaille\u0301es, bronze<br \/>\n4 assiettes a\u0300 desserts<br \/>\n4 verres a\u0300 vin ancien en cristal<br \/>\n4 gobelets bleu<br \/>\n2 bougeoirs en gre\u0300s chamote\u0301s<br \/>\n5 petits vases en verre strie\u0301<\/p>\n<p>Dimensions nappe :<br \/>\n342 x 160 cm<\/p>\n<p>Disponible imm\u00e9diatement<\/p>\n<p class=\"p1\"><span style=\"text-decoration: underline;\"><span class=\"s1\"><a href=\"https:\/\/www.theinvisiblecollection.com\/fr\/demande-de-devis\/?product_id=60426\">Contactez-nous pour toute demande de devis ou de renseignements<\/a><\/span><\/span><\/p><\/p>\n","protected":false},"featured_media":61562,"template":"","meta":{"_acf_changed":false,"content-type":"","_themeisle_gutenberg_block_has_review":false},"product_brand":[],"product_cat":[7517,12513,12535,19989],"product_tag":[10396,11355,11356,11358,9022,9028,9046,9060],"product_designer":[10979],"comfabric":[],"manufacturer":[16668],"reporting_designer":[37456],"samplecomfabric":[],"designer_clubroom":[],"class_list":{"0":"post-60426","1":"product","2":"type-product","3":"status-publish","4":"has-post-thumbnail","6":"product_cat-deco-fr","7":"product_cat-linge-de-maison","8":"product_cat-arts-de-la-table","9":"product_cat-linge-de-table","10":"product_tag-vintage-fr-2","11":"product_tag-assiette-vintage","12":"product_tag-boite-vintage","13":"product_tag-vaisselle-vintage","14":"product_tag-assiette-fr-2","15":"product_tag-asiettes","16":"product_tag-art-de-la-table","17":"product_tag-verre","18":"pa_choice-lot-de-2","19":"pa_choice-lot-de-4","20":"product_designer-diner-en-ville-fr","21":"manufacturer-diner-en-ville","22":"reporting_designer-diner-en-ville","23":"exhibitions-londres-fr","25":"first","26":"instock","27":"taxable","28":"shipping-taxable","29":"purchasable","30":"product-type-variable"},"acf":[],"_links":{"self":[{"href":"https:\/\/theinvisiblecollection.com\/fr\/wp-json\/wp\/v2\/product\/60426","targetHints":{"allow":["GET"]}}],"collection":[{"href":"https:\/\/theinvisiblecollection.com\/fr\/wp-json\/wp\/v2\/product"}],"about":[{"href":"https:\/\/theinvisiblecollection.com\/fr\/wp-json\/wp\/v2\/types\/product"}],"wp:featuredmedia":[{"embeddable":true,"href":"https:\/\/theinvisiblecollection.com\/fr\/wp-json\/wp\/v2\/media\/61562"}],"wp:attachment":[{"href":"https:\/\/theinvisiblecollection.com\/fr\/wp-json\/wp\/v2\/media?parent=60426"}],"wp:term":[{"taxonomy":"product_brand","embeddable":true,"href":"https:\/\/theinvisiblecollection.com\/fr\/wp-json\/wp\/v2\/product_brand?post=60426"},{"taxonomy":"product_cat","embeddable":true,"href":"https:\/\/theinvisiblecollection.com\/fr\/wp-json\/wp\/v2\/product_cat?post=60426"},{"taxonomy":"product_tag","embeddable":true,"href":"https:\/\/theinvisiblecollection.com\/fr\/wp-json\/wp\/v2\/product_tag?post=60426"},{"taxonomy":"product_designer","embeddable":true,"href":"https:\/\/theinvisiblecollection.com\/fr\/wp-json\/wp\/v2\/product_designer?post=60426"},{"taxonomy":"comfabric","embeddable":true,"href":"https:\/\/theinvisiblecollection.com\/fr\/wp-json\/wp\/v2\/comfabric?post=60426"},{"taxonomy":"manufacturer","embeddable":true,"href":"https:\/\/theinvisiblecollection.com\/fr\/wp-json\/wp\/v2\/manufacturer?post=60426"},{"taxonomy":"reporting_designer","embeddable":true,"href":"https:\/\/theinvisiblecollection.com\/fr\/wp-json\/wp\/v2\/reporting_designer?post=60426"},{"taxonomy":"samplecomfabric","embeddable":true,"href":"https:\/\/theinvisiblecollection.com\/fr\/wp-json\/wp\/v2\/samplecomfabric?post=60426"},{"taxonomy":"clubroom_product_designer","embeddable":true,"href":"https:\/\/theinvisiblecollection.com\/fr\/wp-json\/wp\/v2\/designer_clubroom?post=60426"}],"curies":[{"name":"wp","href":"https:\/\/api.w.org\/{rel}","templated":true}]}}