{"id":60465,"date":"2024-09-10T00:00:00","date_gmt":"2024-09-10T00:00:00","guid":{"rendered":"https:\/\/www.theinvisiblecollection.com\/?post_type=product&#038;p=60465"},"modified":"2026-05-01T07:39:29","modified_gmt":"2026-05-01T07:39:29","slug":"stephen-antonson-lampe-honore","status":"publish","type":"product","link":"https:\/\/theinvisiblecollection.com\/fr\/produit\/stephen-antonson-lampe-honore\/","title":{"rendered":"Lampe Honor\u00e9"},"content":{"rendered":"<p>La taille recommand\u00e9e pour l&#8217;abat-jour est la suivante : 40,6 cm diam\u00e8tre inf\u00e9rieur x 40,1 cm diam\u00e8tre sup\u00e9rieur x H 27,9 cm<\/p>\n","protected":false},"excerpt":{"rendered":"<p>Lampe de table en pl\u00e2tre<br \/>\n1 ampoule requise pour petit, 2 pour grand, max 100 watt<br \/>\nAbat-jour non inclus<br \/>\nBase de Edison<br \/>\nConvient pour une utilisation europ\u00e9enne (certification CE) ou mondiale (homologation UL)<br \/>\nCouleurs sur-mesure sur demande<\/p>\n<p>Disponible en deux dimensions :<br \/>\nPetit : \u00d8 10 x H 28 cm<br \/>\nGrand : \u00d8 16.5 x H 49.5 cm<\/p>\n<p>Dimensions abat-jour recommand\u00e9es :<br \/>\nPetit: \u00d8 19 haut x \u00d8 25.4 bas x H 20.3 cm<br \/>\nGrand: \u00d8 38 haut x \u00d8 40.6 bas x H 27.9 cm<\/p>\n<p>Fabriqu\u00e9e \u00e0 la main aux \u00c9tats-Unis<br \/>\nD\u00e9lais de fabrication : 12 &#8211; 14 semaines<\/p>\n<p class=\"p1\"><span style=\"text-decoration: underline;\"><span class=\"s1\"><a href=\"https:\/\/www.theinvisiblecollection.com\/fr\/demande-de-devis\/?product_id=60465\">Contactez-nous pour toute demande de devis ou de renseignements<\/a><\/span><\/span><\/p>\n","protected":false},"featured_media":2745734,"template":"","meta":{"_acf_changed":false,"content-type":"","_themeisle_gutenberg_block_has_review":false},"product_brand":[],"product_cat":[12507,8974],"product_tag":[9049,9200,9237,9785,11955,9048],"product_designer":[11834],"comfabric":[],"manufacturer":[16751],"reporting_designer":[37790],"samplecomfabric":[],"designer_clubroom":[],"class_list":{"0":"post-60465","1":"product","2":"type-product","3":"status-publish","4":"has-post-thumbnail","6":"product_cat-luminaires","7":"product_cat-lampes-de-table","8":"product_tag-lampe-de-table","9":"product_tag-luminaire-fr-2","10":"product_tag-lampe-fr-2","11":"product_tag-platre","12":"product_tag-lampe-de-table-fr","13":"product_tag-lampe","14":"pa_size-grand-fr","15":"pa_size-petit-fr","16":"product_designer-stephen-antonson-fr","17":"manufacturer-stephen-antonson-fr","18":"reporting_designer-stephen-antonson","20":"first","21":"instock","22":"taxable","23":"shipping-taxable","24":"product-type-variable"},"acf":[],"_links":{"self":[{"href":"https:\/\/theinvisiblecollection.com\/fr\/wp-json\/wp\/v2\/product\/60465","targetHints":{"allow":["GET"]}}],"collection":[{"href":"https:\/\/theinvisiblecollection.com\/fr\/wp-json\/wp\/v2\/product"}],"about":[{"href":"https:\/\/theinvisiblecollection.com\/fr\/wp-json\/wp\/v2\/types\/product"}],"wp:featuredmedia":[{"embeddable":true,"href":"https:\/\/theinvisiblecollection.com\/fr\/wp-json\/wp\/v2\/media\/2745734"}],"wp:attachment":[{"href":"https:\/\/theinvisiblecollection.com\/fr\/wp-json\/wp\/v2\/media?parent=60465"}],"wp:term":[{"taxonomy":"product_brand","embeddable":true,"href":"https:\/\/theinvisiblecollection.com\/fr\/wp-json\/wp\/v2\/product_brand?post=60465"},{"taxonomy":"product_cat","embeddable":true,"href":"https:\/\/theinvisiblecollection.com\/fr\/wp-json\/wp\/v2\/product_cat?post=60465"},{"taxonomy":"product_tag","embeddable":true,"href":"https:\/\/theinvisiblecollection.com\/fr\/wp-json\/wp\/v2\/product_tag?post=60465"},{"taxonomy":"product_designer","embeddable":true,"href":"https:\/\/theinvisiblecollection.com\/fr\/wp-json\/wp\/v2\/product_designer?post=60465"},{"taxonomy":"comfabric","embeddable":true,"href":"https:\/\/theinvisiblecollection.com\/fr\/wp-json\/wp\/v2\/comfabric?post=60465"},{"taxonomy":"manufacturer","embeddable":true,"href":"https:\/\/theinvisiblecollection.com\/fr\/wp-json\/wp\/v2\/manufacturer?post=60465"},{"taxonomy":"reporting_designer","embeddable":true,"href":"https:\/\/theinvisiblecollection.com\/fr\/wp-json\/wp\/v2\/reporting_designer?post=60465"},{"taxonomy":"samplecomfabric","embeddable":true,"href":"https:\/\/theinvisiblecollection.com\/fr\/wp-json\/wp\/v2\/samplecomfabric?post=60465"},{"taxonomy":"clubroom_product_designer","embeddable":true,"href":"https:\/\/theinvisiblecollection.com\/fr\/wp-json\/wp\/v2\/designer_clubroom?post=60465"}],"curies":[{"name":"wp","href":"https:\/\/api.w.org\/{rel}","templated":true}]}}