{"id":61249,"date":"2020-09-04T14:14:14","date_gmt":"2020-09-04T13:14:14","guid":{"rendered":"https:\/\/www.theinvisiblecollection.com\/?post_type=product&#038;p=61249"},"modified":"2026-05-01T07:39:27","modified_gmt":"2026-05-01T07:39:27","slug":"victoria-magniant-applique-astra-m","status":"publish","type":"product","link":"https:\/\/theinvisiblecollection.com\/fr\/produit\/victoria-magniant-applique-astra-m\/","title":{"rendered":"Applique Astra Mezzo"},"content":{"rendered":"<p style=\"text-align: justify;\">L&#8217;applique murale Astra, r\u00e9alis\u00e9e en laiton cintr\u00e9e, est fa\u00e7onn\u00e9e dans des ateliers de ferronnerie fran\u00e7ais, chacun avec son savoir-faire unique. Nous explorons une large gamme de textures, avec des finitions bross\u00e9es et patin\u00e9es, ainsi que des couleurs sur-mesure.<\/p>\n","protected":false},"excerpt":{"rendered":"<p>Applique photographi\u00e9e ici en laiton anthracite, finition bross\u00e9e<br \/>\nR\u00e9flecteurs en laiton<br \/>\nAmpoule LED S14D n\u00e9cessaire, non inclus, 2700K, blanc chaud<br \/>\nAmpoule LED S14D, 300 mm long \/ 300 lm \/ 8 watt, n\u00e9cessaire pour un usage aux \u00c9tats-Unis<br \/>\nExt\u00e9rieur en laiton \u00e9galement disponible en polimiroir, bross\u00e9, bleu persill\u00e9 et vieux rose<br \/>\n<a href=\"https:\/\/theinvisiblecollection.com\/wp-content\/uploads\/2022\/10\/TheInvisibleCollection_VictoriaMagniant_LightingCollection_BrassFinishes-1.jpg\" target=\"_blank\" rel=\"noopener\"><span style=\"text-decoration: underline;\">D\u00e9couvrez les finitions en laiton ici <\/span><\/a><br \/>\nFinitions sur-mesure sur demande<\/p>\n<p><strong>\u00a0<\/strong>L 30 x l 24 x H 10 cm<\/p>\n<p>Fabriqu\u00e9e \u00e0 la main en France<br \/>\nD\u00e9lais de fabrication : 12 &#8211; 14 semaines<\/p>\n<p class=\"p2\"><span style=\"text-decoration: underline;\"><span class=\"s1\"><a href=\"https:\/\/www.theinvisiblecollection.com\/fr\/demande-de-devis\/?product_id=61249\">Contactez-nous pour toute demande de devis ou de renseignement<\/a><\/span><\/span><\/p>\n","protected":false},"featured_media":5711556,"template":"","meta":{"_acf_changed":false,"content-type":"","_themeisle_gutenberg_block_has_review":false},"product_brand":[],"product_cat":[8975,12507,19977],"product_tag":[8953,8993,10910,11173],"product_designer":[11131],"comfabric":[],"manufacturer":[21268],"reporting_designer":[37392],"samplecomfabric":[],"designer_clubroom":[],"class_list":{"0":"post-61249","1":"product","2":"type-product","3":"status-publish","4":"has-post-thumbnail","6":"product_cat-appliques-murales","7":"product_cat-luminaires","8":"product_cat-accessoires-de-salle-de-bain","9":"product_tag-salle-a-manger","10":"product_tag-salon","11":"product_tag-salle-de-bain","12":"product_tag-victoria-magniant-fr-2","13":"product_designer-victoria-magniant-fr","14":"manufacturer-victoria-magniant-galerie-fr","15":"reporting_designer-victoria-magniant","17":"first","18":"instock","19":"taxable","20":"shipping-taxable","21":"purchasable","22":"product-type-variable"},"acf":[],"_links":{"self":[{"href":"https:\/\/theinvisiblecollection.com\/fr\/wp-json\/wp\/v2\/product\/61249","targetHints":{"allow":["GET"]}}],"collection":[{"href":"https:\/\/theinvisiblecollection.com\/fr\/wp-json\/wp\/v2\/product"}],"about":[{"href":"https:\/\/theinvisiblecollection.com\/fr\/wp-json\/wp\/v2\/types\/product"}],"wp:featuredmedia":[{"embeddable":true,"href":"https:\/\/theinvisiblecollection.com\/fr\/wp-json\/wp\/v2\/media\/5711556"}],"wp:attachment":[{"href":"https:\/\/theinvisiblecollection.com\/fr\/wp-json\/wp\/v2\/media?parent=61249"}],"wp:term":[{"taxonomy":"product_brand","embeddable":true,"href":"https:\/\/theinvisiblecollection.com\/fr\/wp-json\/wp\/v2\/product_brand?post=61249"},{"taxonomy":"product_cat","embeddable":true,"href":"https:\/\/theinvisiblecollection.com\/fr\/wp-json\/wp\/v2\/product_cat?post=61249"},{"taxonomy":"product_tag","embeddable":true,"href":"https:\/\/theinvisiblecollection.com\/fr\/wp-json\/wp\/v2\/product_tag?post=61249"},{"taxonomy":"product_designer","embeddable":true,"href":"https:\/\/theinvisiblecollection.com\/fr\/wp-json\/wp\/v2\/product_designer?post=61249"},{"taxonomy":"comfabric","embeddable":true,"href":"https:\/\/theinvisiblecollection.com\/fr\/wp-json\/wp\/v2\/comfabric?post=61249"},{"taxonomy":"manufacturer","embeddable":true,"href":"https:\/\/theinvisiblecollection.com\/fr\/wp-json\/wp\/v2\/manufacturer?post=61249"},{"taxonomy":"reporting_designer","embeddable":true,"href":"https:\/\/theinvisiblecollection.com\/fr\/wp-json\/wp\/v2\/reporting_designer?post=61249"},{"taxonomy":"samplecomfabric","embeddable":true,"href":"https:\/\/theinvisiblecollection.com\/fr\/wp-json\/wp\/v2\/samplecomfabric?post=61249"},{"taxonomy":"clubroom_product_designer","embeddable":true,"href":"https:\/\/theinvisiblecollection.com\/fr\/wp-json\/wp\/v2\/designer_clubroom?post=61249"}],"curies":[{"name":"wp","href":"https:\/\/api.w.org\/{rel}","templated":true}]}}