{"id":61301,"date":"2025-02-20T12:35:36","date_gmt":"2025-02-20T12:35:36","guid":{"rendered":"https:\/\/www.theinvisiblecollection.com\/?post_type=product&#038;p=61301"},"modified":"2026-05-08T04:40:42","modified_gmt":"2026-05-08T04:40:42","slug":"charles-zana-fauteuil-matteo","status":"publish","type":"product","link":"https:\/\/theinvisiblecollection.com\/fr\/produit\/charles-zana-fauteuil-matteo\/","title":{"rendered":"Fauteuil Matteo"},"content":{"rendered":"","protected":false},"excerpt":{"rendered":"<p>Fauteuil en tissu Merino de chez Holland &amp; Sherry, stone<br \/>\n<span style=\"text-decoration: underline;\"><a href=\"https:\/\/www.theinvisiblecollection.com\/wp-content\/uploads\/2020\/11\/HollandSherry_MerinoFabric_CharlesZana.pdf\" target=\"_blank\" rel=\"noopener\">D\u00e9couvrez la s\u00e9lection de tissus ici<\/a><br \/>\n<\/span>Coussin d&#8217;assise d\u00e9houssable<span style=\"text-decoration: underline;\"><br \/>\n<\/span>Pi\u00e8tement en ch\u00eane massif teint\u00e9 verni<\/p>\n<p>L 73 x l 77 x H 77 cm<br \/>\nHauteur d&#8217;assise : H 40 cm<br \/>\nTissu requis : 6 m<\/p>\n<p>Fabriqu\u00e9 \u00e0 la main en France<br \/>\nD\u00e9lai de production : 16 semaines<\/p>\n<p><span style=\"text-decoration: underline;\"><a href=\"https:\/\/www.theinvisiblecollection.com\/fr\/demande-de-devis\/?product_id=61301\" target=\"_blank\" rel=\"noopener\">Contactez-nous pour toute demande de devis ou de renseignements<\/a><\/span><\/p>\n","protected":false},"featured_media":104356,"template":"","meta":{"_acf_changed":false,"content-type":"","_themeisle_gutenberg_block_has_review":false},"product_brand":[],"product_cat":[8945,12499],"product_tag":[9001,9140,9150,10386,35206],"product_designer":[8871],"comfabric":[29824,29826],"manufacturer":[34466],"reporting_designer":[37682],"samplecomfabric":[30044],"designer_clubroom":[],"class_list":{"0":"post-61301","1":"product","2":"type-product","3":"status-publish","4":"has-post-thumbnail","6":"product_cat-fauteuils","7":"product_cat-assises","8":"product_tag-chene","9":"product_tag-charles-zana-fr-3","10":"product_tag-fauteuil-fr-2","11":"product_tag-shippables-fr-fr","12":"product_tag-exclusive-fr","13":"pa_base-base-fixe-fr","14":"pa_base-base-pivotante-fr","15":"pa_material-tissu-client-fr","16":"product_designer-charles-zana-fr","17":"comfabric-atelier-damis-italy","18":"comfabric-siegeair","19":"manufacturer-charles-zana-pick-up-roissy-emballage-fr","20":"reporting_designer-charles-zana","21":"samplecomfabric-siegeair-fr","23":"first","24":"instock","25":"taxable","26":"shipping-taxable","27":"purchasable","28":"product-type-variable"},"acf":[],"_links":{"self":[{"href":"https:\/\/theinvisiblecollection.com\/fr\/wp-json\/wp\/v2\/product\/61301","targetHints":{"allow":["GET"]}}],"collection":[{"href":"https:\/\/theinvisiblecollection.com\/fr\/wp-json\/wp\/v2\/product"}],"about":[{"href":"https:\/\/theinvisiblecollection.com\/fr\/wp-json\/wp\/v2\/types\/product"}],"wp:featuredmedia":[{"embeddable":true,"href":"https:\/\/theinvisiblecollection.com\/fr\/wp-json\/wp\/v2\/media\/104356"}],"wp:attachment":[{"href":"https:\/\/theinvisiblecollection.com\/fr\/wp-json\/wp\/v2\/media?parent=61301"}],"wp:term":[{"taxonomy":"product_brand","embeddable":true,"href":"https:\/\/theinvisiblecollection.com\/fr\/wp-json\/wp\/v2\/product_brand?post=61301"},{"taxonomy":"product_cat","embeddable":true,"href":"https:\/\/theinvisiblecollection.com\/fr\/wp-json\/wp\/v2\/product_cat?post=61301"},{"taxonomy":"product_tag","embeddable":true,"href":"https:\/\/theinvisiblecollection.com\/fr\/wp-json\/wp\/v2\/product_tag?post=61301"},{"taxonomy":"product_designer","embeddable":true,"href":"https:\/\/theinvisiblecollection.com\/fr\/wp-json\/wp\/v2\/product_designer?post=61301"},{"taxonomy":"comfabric","embeddable":true,"href":"https:\/\/theinvisiblecollection.com\/fr\/wp-json\/wp\/v2\/comfabric?post=61301"},{"taxonomy":"manufacturer","embeddable":true,"href":"https:\/\/theinvisiblecollection.com\/fr\/wp-json\/wp\/v2\/manufacturer?post=61301"},{"taxonomy":"reporting_designer","embeddable":true,"href":"https:\/\/theinvisiblecollection.com\/fr\/wp-json\/wp\/v2\/reporting_designer?post=61301"},{"taxonomy":"samplecomfabric","embeddable":true,"href":"https:\/\/theinvisiblecollection.com\/fr\/wp-json\/wp\/v2\/samplecomfabric?post=61301"},{"taxonomy":"clubroom_product_designer","embeddable":true,"href":"https:\/\/theinvisiblecollection.com\/fr\/wp-json\/wp\/v2\/designer_clubroom?post=61301"}],"curies":[{"name":"wp","href":"https:\/\/api.w.org\/{rel}","templated":true}]}}