{"id":62157,"date":"2020-12-22T13:15:47","date_gmt":"2020-12-22T12:15:47","guid":{"rendered":"https:\/\/www.theinvisiblecollection.com\/?post_type=product&#038;p=62157"},"modified":"2026-05-01T07:39:27","modified_gmt":"2026-05-01T07:39:27","slug":"elsa-barbillon-tapis-eclipse","status":"publish","type":"product","link":"https:\/\/theinvisiblecollection.com\/fr\/produit\/elsa-barbillon-tapis-eclipse\/","title":{"rendered":"Tapis Eclipse Beige"},"content":{"rendered":"<p>Inspir\u00e9s des modes de repr\u00e9sentation de la cartographie et de la culture de transmission aborig\u00e8ne, les R\u00eaves constituent une g\u00e9ographie de l\u2019imaginaire o\u00f9 le signe graphique et sa r\u00e9p\u00e9tition se font les t\u00e9moins d\u2019une travers\u00e9e de territoire, d\u2019une r\u00e9miniscence. Chaque nom de la Collection de tapis fait r\u00e9f\u00e9rence \u00e0 une terminologie en rapport avec le paysage, la g\u00e9ologie, l\u2019astronomie ou la Nature au sens large.<br \/>\nEt le Soleil disparut&#8230;<br \/>\nDans l\u2019obscurit\u00e9 nous plonge\u00e2mes.<br \/>\nD\u00e9sormais aveugles, nous entendions la vibration de nos \u00e2mes<\/p>\n","protected":false},"excerpt":{"rendered":"<p>Tapis en laine et soie \u00e0 poils coup\u00e9s et boucl\u00e9s<br \/>\nDimensions sur-mesure sur demande<\/p>\n<p>300 x 400 cm<\/p>\n<p><span lang=\"FR\">Fabriqu\u00e9 \u00e0 la main en France<br \/>\nD\u00e9lais de fabrication : 8 mois<br \/>\n<\/span><\/p>\n<p><span style=\"text-decoration: underline;\"><a href=\"https:\/\/www.theinvisiblecollection.com\/fr\/demande-de-devis\/?product_id=62157\" target=\"_blank\" rel=\"noopener\"><span lang=\"FR\">Contactez-nous pour toute demande de devis ou de renseignement<\/span><\/a><\/span><\/p>\n","protected":false},"featured_media":124058,"template":"","meta":{"_acf_changed":false,"content-type":"","_themeisle_gutenberg_block_has_review":false},"product_brand":[],"product_cat":[12540,12541,13076],"product_tag":[8953,8993,9016,9156,31477],"product_designer":[11929,24862],"comfabric":[],"manufacturer":[16762],"reporting_designer":[37550],"samplecomfabric":[],"designer_clubroom":[],"class_list":{"0":"post-62157","1":"product","2":"type-product","3":"status-publish","4":"has-post-thumbnail","6":"product_cat-tapis-fr","7":"product_cat-tufte-a-la-main","8":"product_cat-bureau-a-la-maison","9":"product_tag-salle-a-manger","10":"product_tag-salon","11":"product_tag-chambre-fr-2","12":"product_tag-laine","13":"product_tag-st-curvy-fr","14":"pa_size-dimensions-standards","15":"pa_size-dimensions-sur-mesure-fr","16":"product_designer-elsa-barbillon-fr","17":"product_designer-manufacture-de-tapis-de-bourgogne-fr","18":"manufacturer-manufacture-de-tapis-de-bourgogne-fr","19":"reporting_designer-manufacture-de-tapis-de-bourgogne","21":"first","22":"instock","23":"taxable","24":"shipping-taxable","25":"product-type-variable"},"acf":[],"_links":{"self":[{"href":"https:\/\/theinvisiblecollection.com\/fr\/wp-json\/wp\/v2\/product\/62157","targetHints":{"allow":["GET"]}}],"collection":[{"href":"https:\/\/theinvisiblecollection.com\/fr\/wp-json\/wp\/v2\/product"}],"about":[{"href":"https:\/\/theinvisiblecollection.com\/fr\/wp-json\/wp\/v2\/types\/product"}],"wp:featuredmedia":[{"embeddable":true,"href":"https:\/\/theinvisiblecollection.com\/fr\/wp-json\/wp\/v2\/media\/124058"}],"wp:attachment":[{"href":"https:\/\/theinvisiblecollection.com\/fr\/wp-json\/wp\/v2\/media?parent=62157"}],"wp:term":[{"taxonomy":"product_brand","embeddable":true,"href":"https:\/\/theinvisiblecollection.com\/fr\/wp-json\/wp\/v2\/product_brand?post=62157"},{"taxonomy":"product_cat","embeddable":true,"href":"https:\/\/theinvisiblecollection.com\/fr\/wp-json\/wp\/v2\/product_cat?post=62157"},{"taxonomy":"product_tag","embeddable":true,"href":"https:\/\/theinvisiblecollection.com\/fr\/wp-json\/wp\/v2\/product_tag?post=62157"},{"taxonomy":"product_designer","embeddable":true,"href":"https:\/\/theinvisiblecollection.com\/fr\/wp-json\/wp\/v2\/product_designer?post=62157"},{"taxonomy":"comfabric","embeddable":true,"href":"https:\/\/theinvisiblecollection.com\/fr\/wp-json\/wp\/v2\/comfabric?post=62157"},{"taxonomy":"manufacturer","embeddable":true,"href":"https:\/\/theinvisiblecollection.com\/fr\/wp-json\/wp\/v2\/manufacturer?post=62157"},{"taxonomy":"reporting_designer","embeddable":true,"href":"https:\/\/theinvisiblecollection.com\/fr\/wp-json\/wp\/v2\/reporting_designer?post=62157"},{"taxonomy":"samplecomfabric","embeddable":true,"href":"https:\/\/theinvisiblecollection.com\/fr\/wp-json\/wp\/v2\/samplecomfabric?post=62157"},{"taxonomy":"clubroom_product_designer","embeddable":true,"href":"https:\/\/theinvisiblecollection.com\/fr\/wp-json\/wp\/v2\/designer_clubroom?post=62157"}],"curies":[{"name":"wp","href":"https:\/\/api.w.org\/{rel}","templated":true}]}}