{"id":62167,"date":"2020-12-06T18:43:01","date_gmt":"2020-12-06T17:43:01","guid":{"rendered":"https:\/\/www.theinvisiblecollection.com\/?post_type=product&#038;p=62167"},"modified":"2026-05-01T07:39:27","modified_gmt":"2026-05-01T07:39:27","slug":"elsa-barbillon-tapis-zephyr","status":"publish","type":"product","link":"https:\/\/theinvisiblecollection.com\/fr\/produit\/elsa-barbillon-tapis-zephyr\/","title":{"rendered":"Tapis Zephyr"},"content":{"rendered":"<p style=\"text-align: justify;\">Inspir\u00e9s des modes de repr\u00e9sentation de la cartographie et de la culture de transmission aborig\u00e8ne, les R\u00eaves constituent une g\u00e9ographie de l\u2019imaginaire o\u00f9 le signe graphique et sa r\u00e9p\u00e9tition se font les t\u00e9moins d\u2019une travers\u00e9e de territoire, d\u2019une r\u00e9miniscence. Chaque nom de la Collection de tapis fait r\u00e9f\u00e9rence \u00e0 une terminologie en rapport avec le paysage, la g\u00e9ologie, l\u2019astronomie ou la Nature au sens large. 17h15 &#8211; un hiver en Occitanie &#8211; entre mer et marais. Le souvenir d\u2019une prairie balay\u00e9e par un vent doux et agr\u00e9able venu de l\u2019ouest.<\/p>\n","protected":false},"excerpt":{"rendered":"<p>Tapis en laine, soie et laine berb\u00e8re avec velours coup\u00e9 et boucl\u00e9<\/p>\n<p>Dimensions sur-mesure<\/p>\n<p><span lang=\"FR\">Fabriqu\u00e9 \u00e0 la main en France<br \/>\nD\u00e9lais de fabrication : 8 mois<br \/>\n<\/span><\/p>\n<p><span style=\"text-decoration: underline;\"><a href=\"https:\/\/www.theinvisiblecollection.com\/fr\/demande-de-devis\/?product_id=62167\" target=\"_blank\" rel=\"noopener\"><span lang=\"FR\">Contactez-nous pour toute demande de devis ou de renseignement<\/span><\/a><\/span><\/p>\n","protected":false},"featured_media":124125,"template":"","meta":{"_acf_changed":false,"content-type":"","_themeisle_gutenberg_block_has_review":false},"product_brand":[],"product_cat":[12540,12541],"product_tag":[8953,8993,9016,9109,31477],"product_designer":[11929,24862],"comfabric":[],"manufacturer":[16762],"reporting_designer":[37550],"samplecomfabric":[],"designer_clubroom":[],"class_list":{"0":"post-62167","1":"product","2":"type-product","3":"status-publish","4":"has-post-thumbnail","6":"product_cat-tapis-fr","7":"product_cat-tufte-a-la-main","8":"product_tag-salle-a-manger","9":"product_tag-salon","10":"product_tag-chambre-fr-2","11":"product_tag-tapis","12":"product_tag-st-curvy-fr","13":"pa_size-dimensions-standards","14":"pa_size-dimensions-sur-mesure-fr","15":"product_designer-elsa-barbillon-fr","16":"product_designer-manufacture-de-tapis-de-bourgogne-fr","17":"manufacturer-manufacture-de-tapis-de-bourgogne-fr","18":"reporting_designer-manufacture-de-tapis-de-bourgogne","20":"first","21":"instock","22":"taxable","23":"shipping-taxable","24":"product-type-variable"},"acf":[],"_links":{"self":[{"href":"https:\/\/theinvisiblecollection.com\/fr\/wp-json\/wp\/v2\/product\/62167","targetHints":{"allow":["GET"]}}],"collection":[{"href":"https:\/\/theinvisiblecollection.com\/fr\/wp-json\/wp\/v2\/product"}],"about":[{"href":"https:\/\/theinvisiblecollection.com\/fr\/wp-json\/wp\/v2\/types\/product"}],"wp:featuredmedia":[{"embeddable":true,"href":"https:\/\/theinvisiblecollection.com\/fr\/wp-json\/wp\/v2\/media\/124125"}],"wp:attachment":[{"href":"https:\/\/theinvisiblecollection.com\/fr\/wp-json\/wp\/v2\/media?parent=62167"}],"wp:term":[{"taxonomy":"product_brand","embeddable":true,"href":"https:\/\/theinvisiblecollection.com\/fr\/wp-json\/wp\/v2\/product_brand?post=62167"},{"taxonomy":"product_cat","embeddable":true,"href":"https:\/\/theinvisiblecollection.com\/fr\/wp-json\/wp\/v2\/product_cat?post=62167"},{"taxonomy":"product_tag","embeddable":true,"href":"https:\/\/theinvisiblecollection.com\/fr\/wp-json\/wp\/v2\/product_tag?post=62167"},{"taxonomy":"product_designer","embeddable":true,"href":"https:\/\/theinvisiblecollection.com\/fr\/wp-json\/wp\/v2\/product_designer?post=62167"},{"taxonomy":"comfabric","embeddable":true,"href":"https:\/\/theinvisiblecollection.com\/fr\/wp-json\/wp\/v2\/comfabric?post=62167"},{"taxonomy":"manufacturer","embeddable":true,"href":"https:\/\/theinvisiblecollection.com\/fr\/wp-json\/wp\/v2\/manufacturer?post=62167"},{"taxonomy":"reporting_designer","embeddable":true,"href":"https:\/\/theinvisiblecollection.com\/fr\/wp-json\/wp\/v2\/reporting_designer?post=62167"},{"taxonomy":"samplecomfabric","embeddable":true,"href":"https:\/\/theinvisiblecollection.com\/fr\/wp-json\/wp\/v2\/samplecomfabric?post=62167"},{"taxonomy":"clubroom_product_designer","embeddable":true,"href":"https:\/\/theinvisiblecollection.com\/fr\/wp-json\/wp\/v2\/designer_clubroom?post=62167"}],"curies":[{"name":"wp","href":"https:\/\/api.w.org\/{rel}","templated":true}]}}