{"id":62765,"date":"2021-03-01T09:00:14","date_gmt":"2021-03-01T08:00:14","guid":{"rendered":"https:\/\/theinvisiblecollection.com\/?post_type=product&#038;p=62765"},"modified":"2026-05-08T04:40:39","modified_gmt":"2026-05-08T04:40:39","slug":"ozone-lustre-brasilia-l","status":"publish","type":"product","link":"https:\/\/theinvisiblecollection.com\/fr\/produit\/ozone-lustre-brasilia-l\/","title":{"rendered":"Lustre Brasilia L"},"content":{"rendered":"<p style=\"text-align: justify;\"><span class=\"TextRun SCXW262040497 BCX0\" lang=\"EN-US\" xml:lang=\"EN-US\" data-contrast=\"none\"><span class=\"NormalTextRun SCXW262040497 BCX0\">Apr\u00e8s la\u00a0<\/span><span class=\"NormalTextRun SpellingErrorV2 SCXW262040497 BCX0\">disparition<\/span><span class=\"NormalTextRun SCXW262040497 BCX0\">\u00a0de Michel Boyer en 2011, les\u00a0<\/span><span class=\"NormalTextRun SpellingErrorV2 SCXW262040497 BCX0\">fondateurs<\/span><span class=\"NormalTextRun SCXW262040497 BCX0\">\u00a0<\/span><span class=\"NormalTextRun SpellingErrorV2 SCXW262040497 BCX0\">d\u2019Ozone<\/span><span class=\"NormalTextRun SCXW262040497 BCX0\">\u00a0<\/span><span class=\"NormalTextRun SpellingErrorV2 SCXW262040497 BCX0\">r\u00e9\u00e9ditent<\/span><span class=\"NormalTextRun SCXW262040497 BCX0\">\u00a0la collection Brasilia en\u00a0<\/span><span class=\"NormalTextRun SpellingErrorV2 SCXW262040497 BCX0\">hommage<\/span><span class=\"NormalTextRun SCXW262040497 BCX0\">\u00a0\u00e0\u00a0<\/span><span class=\"NormalTextRun SpellingErrorV2 SCXW262040497 BCX0\">une<\/span><span class=\"NormalTextRun SCXW262040497 BCX0\">\u00a0<\/span><span class=\"NormalTextRun SpellingErrorV2 SCXW262040497 BCX0\">lampe<\/span><span class=\"NormalTextRun SCXW262040497 BCX0\">\u00a0<\/span><span class=\"NormalTextRun SpellingErrorV2 SCXW262040497 BCX0\">cr\u00e9\u00e9e<\/span><span class=\"NormalTextRun SCXW262040497 BCX0\">\u00a0par\u00a0<\/span><span class=\"NormalTextRun SpellingErrorV2 SCXW262040497 BCX0\">l\u2019architecte<\/span><span class=\"NormalTextRun SCXW262040497 BCX0\">\u00a0en 1974.<\/span><\/span><span class=\"EOP SCXW262040497 BCX0\" data-ccp-props=\"{&quot;201341983&quot;:0,&quot;335559740&quot;:259}\">\u00a0<\/span><\/p>\n","protected":false},"excerpt":{"rendered":"<p>Design par Michel Boyer<\/p>\n<p>Lustre \u00e0 structure et tige en aluminium laqu\u00e9 blanc satin\u00e9<br \/>\nDiffusant en polycarbonate et papier blanc<br \/>\nEclairage blanc chaud 2200 K \u00e0 LED, 230 W, 11800 Lumens<\/p>\n<p>L 100 x l 100 x H 110 cm + Hauteur de la structure<\/p>\n<p>Fabriqu\u00e9 \u00e0 la main en France<br \/>\nD\u00e9lais de fabrication : 12 \u2013 14 semaines<\/p>\n<p class=\"p1\"><span style=\"text-decoration: underline;\"><span class=\"s1\"><a href=\"https:\/\/www.theinvisiblecollection.com\/fr\/demande-de-devis\/?product_id=62765\">Contactez-nous pour toute demande de devis ou de renseignements<\/a><\/span><\/span><\/p>\n","protected":false},"featured_media":63640,"template":"","meta":{"_acf_changed":false,"content-type":"","_themeisle_gutenberg_block_has_review":false},"product_brand":[],"product_cat":[8961,12507],"product_tag":[11960,11964,31474,31477,35206,9319,9446,9728,11235,11674],"product_designer":[11898,11950],"comfabric":[],"manufacturer":[16738],"reporting_designer":[37576],"samplecomfabric":[],"designer_clubroom":[],"class_list":{"0":"post-62765","1":"product","2":"type-product","3":"status-publish","4":"has-post-thumbnail","6":"product_cat-suspensions","7":"product_cat-luminaires","8":"product_tag-ozone-fr","9":"product_tag-untitled-fr","10":"product_tag-co-white-fr","11":"product_tag-st-curvy-fr","12":"product_tag-exclusive-fr","13":"product_tag-plafond","14":"product_tag-suspension","15":"product_tag-chandelier-fr","16":"product_tag-reedition-fr-fr","17":"product_tag-luminaire-fr-3","18":"product_designer-ozone-fr","19":"product_designer-michel-boyer-par-ozone","20":"manufacturer-ozone-fr","21":"reporting_designer-ozone","22":"exhibitions-londres-fr","24":"first","25":"instock","26":"taxable","27":"shipping-taxable","28":"purchasable","29":"product-type-variable"},"acf":[],"_links":{"self":[{"href":"https:\/\/theinvisiblecollection.com\/fr\/wp-json\/wp\/v2\/product\/62765","targetHints":{"allow":["GET"]}}],"collection":[{"href":"https:\/\/theinvisiblecollection.com\/fr\/wp-json\/wp\/v2\/product"}],"about":[{"href":"https:\/\/theinvisiblecollection.com\/fr\/wp-json\/wp\/v2\/types\/product"}],"wp:featuredmedia":[{"embeddable":true,"href":"https:\/\/theinvisiblecollection.com\/fr\/wp-json\/wp\/v2\/media\/63640"}],"wp:attachment":[{"href":"https:\/\/theinvisiblecollection.com\/fr\/wp-json\/wp\/v2\/media?parent=62765"}],"wp:term":[{"taxonomy":"product_brand","embeddable":true,"href":"https:\/\/theinvisiblecollection.com\/fr\/wp-json\/wp\/v2\/product_brand?post=62765"},{"taxonomy":"product_cat","embeddable":true,"href":"https:\/\/theinvisiblecollection.com\/fr\/wp-json\/wp\/v2\/product_cat?post=62765"},{"taxonomy":"product_tag","embeddable":true,"href":"https:\/\/theinvisiblecollection.com\/fr\/wp-json\/wp\/v2\/product_tag?post=62765"},{"taxonomy":"product_designer","embeddable":true,"href":"https:\/\/theinvisiblecollection.com\/fr\/wp-json\/wp\/v2\/product_designer?post=62765"},{"taxonomy":"comfabric","embeddable":true,"href":"https:\/\/theinvisiblecollection.com\/fr\/wp-json\/wp\/v2\/comfabric?post=62765"},{"taxonomy":"manufacturer","embeddable":true,"href":"https:\/\/theinvisiblecollection.com\/fr\/wp-json\/wp\/v2\/manufacturer?post=62765"},{"taxonomy":"reporting_designer","embeddable":true,"href":"https:\/\/theinvisiblecollection.com\/fr\/wp-json\/wp\/v2\/reporting_designer?post=62765"},{"taxonomy":"samplecomfabric","embeddable":true,"href":"https:\/\/theinvisiblecollection.com\/fr\/wp-json\/wp\/v2\/samplecomfabric?post=62765"},{"taxonomy":"clubroom_product_designer","embeddable":true,"href":"https:\/\/theinvisiblecollection.com\/fr\/wp-json\/wp\/v2\/designer_clubroom?post=62765"}],"curies":[{"name":"wp","href":"https:\/\/api.w.org\/{rel}","templated":true}]}}