{"id":62983,"date":"2025-02-21T11:05:05","date_gmt":"2025-02-21T11:05:05","guid":{"rendered":"https:\/\/theinvisiblecollection.com\/?post_type=product&#038;p=62983"},"modified":"2026-05-01T07:39:27","modified_gmt":"2026-05-01T07:39:27","slug":"ozone-lampe-table-brasilia-lp","status":"publish","type":"product","link":"https:\/\/theinvisiblecollection.com\/fr\/produit\/ozone-lampe-table-brasilia-lp\/","title":{"rendered":"Lampe de Table Brasilia LP"},"content":{"rendered":"","protected":false},"excerpt":{"rendered":"<p>Design par Michel Boyer<\/p>\n<p>Lampe \u00e0 poser avec structure en laiton, aluminium et acier<br \/>\nDiffusant est en polycarbonate et papier blanc<br \/>\nSocle peint en noir laqu\u00e9 et structure diffusante laqu\u00e9e blanc satin\u00e9<br \/>\nEclairage blanc chaud 2200 K \u00e0 LED, 28 W, 1500 Lumens<\/p>\n<p>L 28 x l 28 x H 71 cm<\/p>\n<p>Fabriqu\u00e9 \u00e0 la main en France<br \/>\nD\u00e9lais de fabrication : 12 \u2013 14 semaines<\/p>\n<p class=\"p1\"><span style=\"text-decoration: underline;\"><span class=\"s1\"><a href=\"https:\/\/www.theinvisiblecollection.com\/fr\/demande-de-devis\/?product_id=62983\">Contactez-nous pour toute demande de devis ou de renseignements<\/a><\/span><\/span><\/p>\n","protected":false},"featured_media":627100,"template":"","meta":{"_acf_changed":false,"content-type":"","_themeisle_gutenberg_block_has_review":false},"product_brand":[],"product_cat":[13076,8974,12507],"product_tag":[9200,9237,11235,11960,11963,22680,31474,31477,35206,8990,8993],"product_designer":[11898,11950],"comfabric":[],"manufacturer":[16738],"reporting_designer":[37576],"samplecomfabric":[],"designer_clubroom":[],"class_list":{"0":"post-62983","1":"product","2":"type-product","3":"status-publish","4":"has-post-thumbnail","6":"product_cat-bureau-a-la-maison","7":"product_cat-lampes-de-table","8":"product_cat-luminaires","9":"product_tag-luminaire-fr-2","10":"product_tag-lampe-fr-2","11":"product_tag-reedition-fr-fr","12":"product_tag-ozone-fr","13":"product_tag-boyer-fr","14":"product_tag-applique-murale-fr","15":"product_tag-co-white-fr","16":"product_tag-st-curvy-fr","17":"product_tag-exclusive-fr","18":"product_tag-applique-murale","19":"product_tag-salon","20":"pa_finish-black-satinee","21":"pa_finish-bronze-fr","22":"pa_finish-canon-de-fusil","23":"product_designer-ozone-fr","24":"product_designer-michel-boyer-par-ozone","25":"manufacturer-ozone-fr","26":"reporting_designer-ozone","27":"exhibitions-londres-fr","29":"first","30":"instock","31":"taxable","32":"shipping-taxable","33":"purchasable","34":"product-type-simple"},"acf":[],"_links":{"self":[{"href":"https:\/\/theinvisiblecollection.com\/fr\/wp-json\/wp\/v2\/product\/62983","targetHints":{"allow":["GET"]}}],"collection":[{"href":"https:\/\/theinvisiblecollection.com\/fr\/wp-json\/wp\/v2\/product"}],"about":[{"href":"https:\/\/theinvisiblecollection.com\/fr\/wp-json\/wp\/v2\/types\/product"}],"wp:featuredmedia":[{"embeddable":true,"href":"https:\/\/theinvisiblecollection.com\/fr\/wp-json\/wp\/v2\/media\/627100"}],"wp:attachment":[{"href":"https:\/\/theinvisiblecollection.com\/fr\/wp-json\/wp\/v2\/media?parent=62983"}],"wp:term":[{"taxonomy":"product_brand","embeddable":true,"href":"https:\/\/theinvisiblecollection.com\/fr\/wp-json\/wp\/v2\/product_brand?post=62983"},{"taxonomy":"product_cat","embeddable":true,"href":"https:\/\/theinvisiblecollection.com\/fr\/wp-json\/wp\/v2\/product_cat?post=62983"},{"taxonomy":"product_tag","embeddable":true,"href":"https:\/\/theinvisiblecollection.com\/fr\/wp-json\/wp\/v2\/product_tag?post=62983"},{"taxonomy":"product_designer","embeddable":true,"href":"https:\/\/theinvisiblecollection.com\/fr\/wp-json\/wp\/v2\/product_designer?post=62983"},{"taxonomy":"comfabric","embeddable":true,"href":"https:\/\/theinvisiblecollection.com\/fr\/wp-json\/wp\/v2\/comfabric?post=62983"},{"taxonomy":"manufacturer","embeddable":true,"href":"https:\/\/theinvisiblecollection.com\/fr\/wp-json\/wp\/v2\/manufacturer?post=62983"},{"taxonomy":"reporting_designer","embeddable":true,"href":"https:\/\/theinvisiblecollection.com\/fr\/wp-json\/wp\/v2\/reporting_designer?post=62983"},{"taxonomy":"samplecomfabric","embeddable":true,"href":"https:\/\/theinvisiblecollection.com\/fr\/wp-json\/wp\/v2\/samplecomfabric?post=62983"},{"taxonomy":"clubroom_product_designer","embeddable":true,"href":"https:\/\/theinvisiblecollection.com\/fr\/wp-json\/wp\/v2\/designer_clubroom?post=62983"}],"curies":[{"name":"wp","href":"https:\/\/api.w.org\/{rel}","templated":true}]}}