{"id":63023,"date":"2020-10-08T13:47:48","date_gmt":"2020-10-08T12:47:48","guid":{"rendered":"https:\/\/theinvisiblecollection.com\/?post_type=product&#038;p=63023"},"modified":"2026-05-08T04:40:39","modified_gmt":"2026-05-08T04:40:39","slug":"ozone-liseuse-marienbad-l","status":"publish","type":"product","link":"https:\/\/theinvisiblecollection.com\/fr\/produit\/ozone-liseuse-marienbad-l\/","title":{"rendered":"Liseuse Marienbad L"},"content":{"rendered":"<p style=\"text-align: justify;\">Les lignes \u00e9pur\u00e9es offrent des lignes intemporelles classiques, modernistes ou minimales. Les d\u00e9tails d\u2019assemblage, les finitions m\u00e9talliques et leurs performances lumineuses sont reconnus comme les plus \u00e9lev\u00e9es dans leur cat\u00e9gorie.<\/p>\n","protected":false},"excerpt":{"rendered":"<p>Design par Gounot and J\u00e4hnke<\/p>\n<p>Liseuse avec structure articul\u00e9e en aluminium et laiton<br \/>\nFinition bronze, nickel brillant ou canon de fusil<br \/>\nEclairage LED blanc chaud 2700 K, 6,4 W, 470 Lumens, 50\u00b0<\/p>\n<p><strong>\u00a0<\/strong>L 42 x l 23 x H 125 cm<\/p>\n<p>Fabriqu\u00e9 \u00e0 la main en France<br \/>\nD\u00e9lais de fabrication : 12 \u2013 14 semaines<\/p>\n<p class=\"p1\"><span style=\"text-decoration: underline;\"><span class=\"s1\"><a href=\"https:\/\/www.theinvisiblecollection.com\/fr\/demande-de-devis\/?product_id=63023\">Contactez-nous pour toute demande de devis ou de renseignements<\/a><\/span><\/span><\/p>\n","protected":false},"featured_media":628684,"template":"","meta":{"_acf_changed":false,"content-type":"","_themeisle_gutenberg_block_has_review":false},"product_brand":[],"product_cat":[8966,12507],"product_tag":[9038,9200,9237,11960,11961,31474,31477,35206],"product_designer":[11898,11951],"comfabric":[],"manufacturer":[16738],"reporting_designer":[37576],"samplecomfabric":[],"designer_clubroom":[],"class_list":{"0":"post-63023","1":"product","2":"type-product","3":"status-publish","4":"has-post-thumbnail","6":"product_cat-lampes-sur-pied","7":"product_cat-luminaires","8":"product_tag-lampadaire","9":"product_tag-luminaire-fr-2","10":"product_tag-lampe-fr-2","11":"product_tag-ozone-fr","12":"product_tag-gounot-et-jahnke","13":"product_tag-co-white-fr","14":"product_tag-st-curvy-fr","15":"product_tag-exclusive-fr","16":"product_designer-ozone-fr","17":"product_designer-gounot-and-jahnke-par-ozone","18":"manufacturer-ozone-fr","19":"reporting_designer-ozone","21":"first","22":"instock","23":"taxable","24":"shipping-taxable","25":"purchasable","26":"product-type-variable"},"acf":[],"_links":{"self":[{"href":"https:\/\/theinvisiblecollection.com\/fr\/wp-json\/wp\/v2\/product\/63023","targetHints":{"allow":["GET"]}}],"collection":[{"href":"https:\/\/theinvisiblecollection.com\/fr\/wp-json\/wp\/v2\/product"}],"about":[{"href":"https:\/\/theinvisiblecollection.com\/fr\/wp-json\/wp\/v2\/types\/product"}],"wp:featuredmedia":[{"embeddable":true,"href":"https:\/\/theinvisiblecollection.com\/fr\/wp-json\/wp\/v2\/media\/628684"}],"wp:attachment":[{"href":"https:\/\/theinvisiblecollection.com\/fr\/wp-json\/wp\/v2\/media?parent=63023"}],"wp:term":[{"taxonomy":"product_brand","embeddable":true,"href":"https:\/\/theinvisiblecollection.com\/fr\/wp-json\/wp\/v2\/product_brand?post=63023"},{"taxonomy":"product_cat","embeddable":true,"href":"https:\/\/theinvisiblecollection.com\/fr\/wp-json\/wp\/v2\/product_cat?post=63023"},{"taxonomy":"product_tag","embeddable":true,"href":"https:\/\/theinvisiblecollection.com\/fr\/wp-json\/wp\/v2\/product_tag?post=63023"},{"taxonomy":"product_designer","embeddable":true,"href":"https:\/\/theinvisiblecollection.com\/fr\/wp-json\/wp\/v2\/product_designer?post=63023"},{"taxonomy":"comfabric","embeddable":true,"href":"https:\/\/theinvisiblecollection.com\/fr\/wp-json\/wp\/v2\/comfabric?post=63023"},{"taxonomy":"manufacturer","embeddable":true,"href":"https:\/\/theinvisiblecollection.com\/fr\/wp-json\/wp\/v2\/manufacturer?post=63023"},{"taxonomy":"reporting_designer","embeddable":true,"href":"https:\/\/theinvisiblecollection.com\/fr\/wp-json\/wp\/v2\/reporting_designer?post=63023"},{"taxonomy":"samplecomfabric","embeddable":true,"href":"https:\/\/theinvisiblecollection.com\/fr\/wp-json\/wp\/v2\/samplecomfabric?post=63023"},{"taxonomy":"clubroom_product_designer","embeddable":true,"href":"https:\/\/theinvisiblecollection.com\/fr\/wp-json\/wp\/v2\/designer_clubroom?post=63023"}],"curies":[{"name":"wp","href":"https:\/\/api.w.org\/{rel}","templated":true}]}}