{"id":63428,"date":"2023-08-04T08:53:00","date_gmt":"2023-08-04T07:53:00","guid":{"rendered":"https:\/\/theinvisiblecollection.com\/?post_type=product&#038;p=63428"},"modified":"2026-05-01T07:39:27","modified_gmt":"2026-05-01T07:39:27","slug":"studio-parisien-fauteuil-panthere","status":"publish","type":"product","link":"https:\/\/theinvisiblecollection.com\/fr\/produit\/studio-parisien-fauteuil-panthere\/","title":{"rendered":"Fauteuil Panth\u00e8re"},"content":{"rendered":"<p style=\"text-align: justify;\">Inspir\u00e9e par l\u2019iconique f\u00e9lin de Cartier, le fauteuil Panth\u00e8re dessin\u00e9 par Studioparisien d\u00e9roule ses lignes fortes et enveloppantes.<\/p>\n","protected":false},"excerpt":{"rendered":"<p>Inspir\u00e9e par l\u2019iconique f\u00e9lin de Cartier, le fauteuil Panth\u00e8re dessin\u00e9 par Studioparisien d\u00e9roule ses lignes fortes et enveloppantes.<\/p>\n","protected":false},"featured_media":3365735,"template":"","meta":{"_acf_changed":false,"content-type":"","_themeisle_gutenberg_block_has_review":false},"product_brand":[],"product_cat":[12499,8945],"product_tag":[9150,14925,31477,8993],"product_designer":[11987],"comfabric":[29302],"manufacturer":[16822],"reporting_designer":[37792],"samplecomfabric":[30470],"designer_clubroom":[],"class_list":{"0":"post-63428","1":"product","2":"type-product","3":"status-publish","4":"has-post-thumbnail","6":"product_cat-assises","7":"product_cat-fauteuils","8":"product_tag-fauteuil-fr-2","9":"product_tag-hpfav-fr","10":"product_tag-st-curvy-fr","11":"product_tag-salon","12":"pa_size-etroit-et-haut","13":"pa_size-profond-et-bas","14":"product_designer-studioparisien-fr","15":"comfabric-atelier-jouffre-lyon-fr","16":"manufacturer-atelier-jouffre-lyon-fr","17":"reporting_designer-studioparisien","18":"samplecomfabric-atelier-jouffre-lyon-fr","20":"first","21":"instock","22":"taxable","23":"shipping-taxable","24":"purchasable","25":"product-type-variable"},"acf":[],"_links":{"self":[{"href":"https:\/\/theinvisiblecollection.com\/fr\/wp-json\/wp\/v2\/product\/63428","targetHints":{"allow":["GET"]}}],"collection":[{"href":"https:\/\/theinvisiblecollection.com\/fr\/wp-json\/wp\/v2\/product"}],"about":[{"href":"https:\/\/theinvisiblecollection.com\/fr\/wp-json\/wp\/v2\/types\/product"}],"wp:featuredmedia":[{"embeddable":true,"href":"https:\/\/theinvisiblecollection.com\/fr\/wp-json\/wp\/v2\/media\/3365735"}],"wp:attachment":[{"href":"https:\/\/theinvisiblecollection.com\/fr\/wp-json\/wp\/v2\/media?parent=63428"}],"wp:term":[{"taxonomy":"product_brand","embeddable":true,"href":"https:\/\/theinvisiblecollection.com\/fr\/wp-json\/wp\/v2\/product_brand?post=63428"},{"taxonomy":"product_cat","embeddable":true,"href":"https:\/\/theinvisiblecollection.com\/fr\/wp-json\/wp\/v2\/product_cat?post=63428"},{"taxonomy":"product_tag","embeddable":true,"href":"https:\/\/theinvisiblecollection.com\/fr\/wp-json\/wp\/v2\/product_tag?post=63428"},{"taxonomy":"product_designer","embeddable":true,"href":"https:\/\/theinvisiblecollection.com\/fr\/wp-json\/wp\/v2\/product_designer?post=63428"},{"taxonomy":"comfabric","embeddable":true,"href":"https:\/\/theinvisiblecollection.com\/fr\/wp-json\/wp\/v2\/comfabric?post=63428"},{"taxonomy":"manufacturer","embeddable":true,"href":"https:\/\/theinvisiblecollection.com\/fr\/wp-json\/wp\/v2\/manufacturer?post=63428"},{"taxonomy":"reporting_designer","embeddable":true,"href":"https:\/\/theinvisiblecollection.com\/fr\/wp-json\/wp\/v2\/reporting_designer?post=63428"},{"taxonomy":"samplecomfabric","embeddable":true,"href":"https:\/\/theinvisiblecollection.com\/fr\/wp-json\/wp\/v2\/samplecomfabric?post=63428"},{"taxonomy":"clubroom_product_designer","embeddable":true,"href":"https:\/\/theinvisiblecollection.com\/fr\/wp-json\/wp\/v2\/designer_clubroom?post=63428"}],"curies":[{"name":"wp","href":"https:\/\/api.w.org\/{rel}","templated":true}]}}