{"id":63443,"date":"2021-09-30T10:00:00","date_gmt":"2021-09-30T09:00:00","guid":{"rendered":"https:\/\/theinvisiblecollection.com\/?post_type=product&#038;p=63443"},"modified":"2026-05-01T07:39:27","modified_gmt":"2026-05-01T07:39:27","slug":"studio-parisien-canape-panthere","status":"publish","type":"product","link":"https:\/\/theinvisiblecollection.com\/fr\/produit\/studio-parisien-canape-panthere\/","title":{"rendered":"Canap\u00e9 Panth\u00e8re"},"content":{"rendered":"<p style=\"text-align: justify;\">Inspir\u00e9 de l\u2019iconique f\u00e9lin de Cartier, le canap\u00e9 Panth\u00e8re dessin\u00e9 par Studioparisien rappelle les formes \u00e9l\u00e9gantes de l\u2019animal allong\u00e9.<\/p>\n","protected":false},"excerpt":{"rendered":"<p>Canap\u00e9 en tissu Lelievre Garrigue Chaux<br \/>\nStructure multiplis, renforts en h\u00eatre<br \/>\n<a href=\"https:\/\/theinvisiblecollection.com\/wp-content\/uploads\/2020\/12\/StudioParisien_LelievreGarrigue_FabricSamples.pdf\" target=\"_blank\" rel=\"noopener\"><span style=\"text-decoration: underline;\">D\u00e9couvrez la s\u00e9lection de tissus ici<\/span><\/a><br \/>\nTissu sur mesure sur demande<\/p>\n<p>L 230 x l 95 x H 75 cm<br \/>\nHauteur d&#8217;assise : 42 cm<br \/>\nTissu requis : 13 m<br \/>\n\u00c9galement disponible en <span style=\"text-decoration: underline;\"><a href=\"https:\/\/theinvisiblecollection.com\/fr\/produit\/studio-parisien-canape-panthere-x-metaphores\/\" target=\"_blank\" rel=\"noopener\">grandes dimensions<\/a><\/span><\/p>\n<p>Fabriqu\u00e9 \u00e0 la main en France par les Ateliers Jouffre<br \/>\nD\u00e9lais de fabrication : 6 \u00e0 7 mois<\/p>\n<p class=\"p1\"><span style=\"text-decoration: underline;\"><span class=\"s1\"><a href=\"https:\/\/www.theinvisiblecollection.com\/fr\/demande-de-devis\/?product_id=63443\" target=\"_blank\" rel=\"noopener\">Contactez-nous pour toute demande de devis ou de renseignements<\/a><\/span><\/span><\/p>\n","protected":false},"featured_media":63594,"template":"","meta":{"_acf_changed":false,"content-type":"","_themeisle_gutenberg_block_has_review":false},"product_brand":[],"product_cat":[8976,12499],"product_tag":[31477,8944,8993],"product_designer":[11987],"comfabric":[29302],"manufacturer":[16822],"reporting_designer":[37792],"samplecomfabric":[30470],"designer_clubroom":[],"class_list":{"0":"post-63443","1":"product","2":"type-product","3":"status-publish","4":"has-post-thumbnail","6":"product_cat-canapes","7":"product_cat-assises","8":"product_tag-st-curvy-fr","9":"product_tag-canape","10":"product_tag-salon","11":"product_designer-studioparisien-fr","12":"comfabric-atelier-jouffre-lyon-fr","13":"manufacturer-atelier-jouffre-lyon-fr","14":"reporting_designer-studioparisien","15":"samplecomfabric-atelier-jouffre-lyon-fr","17":"first","18":"instock","19":"taxable","20":"shipping-taxable","21":"purchasable","22":"product-type-variable"},"acf":[],"_links":{"self":[{"href":"https:\/\/theinvisiblecollection.com\/fr\/wp-json\/wp\/v2\/product\/63443","targetHints":{"allow":["GET"]}}],"collection":[{"href":"https:\/\/theinvisiblecollection.com\/fr\/wp-json\/wp\/v2\/product"}],"about":[{"href":"https:\/\/theinvisiblecollection.com\/fr\/wp-json\/wp\/v2\/types\/product"}],"wp:featuredmedia":[{"embeddable":true,"href":"https:\/\/theinvisiblecollection.com\/fr\/wp-json\/wp\/v2\/media\/63594"}],"wp:attachment":[{"href":"https:\/\/theinvisiblecollection.com\/fr\/wp-json\/wp\/v2\/media?parent=63443"}],"wp:term":[{"taxonomy":"product_brand","embeddable":true,"href":"https:\/\/theinvisiblecollection.com\/fr\/wp-json\/wp\/v2\/product_brand?post=63443"},{"taxonomy":"product_cat","embeddable":true,"href":"https:\/\/theinvisiblecollection.com\/fr\/wp-json\/wp\/v2\/product_cat?post=63443"},{"taxonomy":"product_tag","embeddable":true,"href":"https:\/\/theinvisiblecollection.com\/fr\/wp-json\/wp\/v2\/product_tag?post=63443"},{"taxonomy":"product_designer","embeddable":true,"href":"https:\/\/theinvisiblecollection.com\/fr\/wp-json\/wp\/v2\/product_designer?post=63443"},{"taxonomy":"comfabric","embeddable":true,"href":"https:\/\/theinvisiblecollection.com\/fr\/wp-json\/wp\/v2\/comfabric?post=63443"},{"taxonomy":"manufacturer","embeddable":true,"href":"https:\/\/theinvisiblecollection.com\/fr\/wp-json\/wp\/v2\/manufacturer?post=63443"},{"taxonomy":"reporting_designer","embeddable":true,"href":"https:\/\/theinvisiblecollection.com\/fr\/wp-json\/wp\/v2\/reporting_designer?post=63443"},{"taxonomy":"samplecomfabric","embeddable":true,"href":"https:\/\/theinvisiblecollection.com\/fr\/wp-json\/wp\/v2\/samplecomfabric?post=63443"},{"taxonomy":"clubroom_product_designer","embeddable":true,"href":"https:\/\/theinvisiblecollection.com\/fr\/wp-json\/wp\/v2\/designer_clubroom?post=63443"}],"curies":[{"name":"wp","href":"https:\/\/api.w.org\/{rel}","templated":true}]}}