{"id":63455,"date":"2021-09-30T10:00:00","date_gmt":"2021-09-30T09:00:00","guid":{"rendered":"https:\/\/theinvisiblecollection.com\/?post_type=product&#038;p=63455"},"modified":"2026-05-01T07:39:27","modified_gmt":"2026-05-01T07:39:27","slug":"studio-parisien-banquette-sevigne","status":"publish","type":"product","link":"https:\/\/theinvisiblecollection.com\/fr\/produit\/studio-parisien-banquette-sevigne\/","title":{"rendered":"Banquette S\u00e9vign\u00e9"},"content":{"rendered":"<p style=\"text-align: justify;\">La banquette S\u00e9vign\u00e9 de Studioparisien est un hommage \u00e0 la Marquise de S\u00e9vign\u00e9, c\u00e9l\u00e8bre romanci\u00e8re et \u00e9pistoli\u00e8re fran\u00e7aise. Pour des moments d\u00e9di\u00e9s a la lecture et \u00e0 la r\u00eaverie.<\/p>\n","protected":false},"excerpt":{"rendered":"<p>Banquette en tissu M\u00e9taphores Tanganika, couleur Poudre<br \/>\nStructure multiplis, renforts en h\u00eatre<br \/>\n<a href=\"https:\/\/theinvisiblecollection.com\/wp-content\/uploads\/2020\/12\/StudioParisien_MetaphoresTanganika_FabricSamples_Final.pdf\"><span style=\"text-decoration: underline;\">D\u00e9couvrez la s\u00e9lection de tissus ici<\/span><\/a><br \/>\nTissu sur-mesure sur demande<\/p>\n<p>L 210 x l 85 x H 70 cm<br \/>\nHauteur d&#8217;assise : 45 cm<br \/>\nTissu requis avec coussins : 10 m<br \/>\nTissu requis sans coussins : 8 m<\/p>\n<p>Fabriqu\u00e9e \u00e0 la main en France par les Ateliers Jouffre<br \/>\nD\u00e9lais de fabrication : 9 mois<\/p>\n<p class=\"p1\"><span style=\"text-decoration: underline;\"><span class=\"s1\"><a href=\"https:\/\/www.theinvisiblecollection.com\/fr\/demande-de-devis\/?product_id=63455\">Contactez-nous pour toute demande de devis ou de renseignements<\/a><\/span><\/span><\/p>\n","protected":false},"featured_media":63566,"template":"","meta":{"_acf_changed":false,"content-type":"","_themeisle_gutenberg_block_has_review":false},"product_brand":[],"product_cat":[12499,8947,8973],"product_tag":[14845,31477,12023,14844],"product_designer":[11987],"comfabric":[29302],"manufacturer":[16822],"reporting_designer":[37792],"samplecomfabric":[30470],"designer_clubroom":[],"class_list":{"0":"post-63455","1":"product","2":"type-product","3":"status-publish","4":"has-post-thumbnail","6":"product_cat-assises","7":"product_cat-bancs","8":"product_cat-canapes-lits","9":"product_tag-hptm-fr","10":"product_tag-st-curvy-fr","11":"product_tag-sevigne-fr","12":"product_tag-hpsa-fr","13":"pa_cushions-avec-coussins","14":"pa_cushions-sans-coussins","15":"product_designer-studioparisien-fr","16":"comfabric-atelier-jouffre-lyon-fr","17":"manufacturer-atelier-jouffre-lyon-fr","18":"reporting_designer-studioparisien","19":"samplecomfabric-atelier-jouffre-lyon-fr","21":"first","22":"instock","23":"taxable","24":"shipping-taxable","25":"purchasable","26":"product-type-variable"},"acf":[],"_links":{"self":[{"href":"https:\/\/theinvisiblecollection.com\/fr\/wp-json\/wp\/v2\/product\/63455","targetHints":{"allow":["GET"]}}],"collection":[{"href":"https:\/\/theinvisiblecollection.com\/fr\/wp-json\/wp\/v2\/product"}],"about":[{"href":"https:\/\/theinvisiblecollection.com\/fr\/wp-json\/wp\/v2\/types\/product"}],"wp:featuredmedia":[{"embeddable":true,"href":"https:\/\/theinvisiblecollection.com\/fr\/wp-json\/wp\/v2\/media\/63566"}],"wp:attachment":[{"href":"https:\/\/theinvisiblecollection.com\/fr\/wp-json\/wp\/v2\/media?parent=63455"}],"wp:term":[{"taxonomy":"product_brand","embeddable":true,"href":"https:\/\/theinvisiblecollection.com\/fr\/wp-json\/wp\/v2\/product_brand?post=63455"},{"taxonomy":"product_cat","embeddable":true,"href":"https:\/\/theinvisiblecollection.com\/fr\/wp-json\/wp\/v2\/product_cat?post=63455"},{"taxonomy":"product_tag","embeddable":true,"href":"https:\/\/theinvisiblecollection.com\/fr\/wp-json\/wp\/v2\/product_tag?post=63455"},{"taxonomy":"product_designer","embeddable":true,"href":"https:\/\/theinvisiblecollection.com\/fr\/wp-json\/wp\/v2\/product_designer?post=63455"},{"taxonomy":"comfabric","embeddable":true,"href":"https:\/\/theinvisiblecollection.com\/fr\/wp-json\/wp\/v2\/comfabric?post=63455"},{"taxonomy":"manufacturer","embeddable":true,"href":"https:\/\/theinvisiblecollection.com\/fr\/wp-json\/wp\/v2\/manufacturer?post=63455"},{"taxonomy":"reporting_designer","embeddable":true,"href":"https:\/\/theinvisiblecollection.com\/fr\/wp-json\/wp\/v2\/reporting_designer?post=63455"},{"taxonomy":"samplecomfabric","embeddable":true,"href":"https:\/\/theinvisiblecollection.com\/fr\/wp-json\/wp\/v2\/samplecomfabric?post=63455"},{"taxonomy":"clubroom_product_designer","embeddable":true,"href":"https:\/\/theinvisiblecollection.com\/fr\/wp-json\/wp\/v2\/designer_clubroom?post=63455"}],"curies":[{"name":"wp","href":"https:\/\/api.w.org\/{rel}","templated":true}]}}