{"id":63466,"date":"2022-11-14T11:49:00","date_gmt":"2022-11-14T10:49:00","guid":{"rendered":"https:\/\/theinvisiblecollection.com\/?post_type=product&#038;p=63466"},"modified":"2026-05-01T07:39:27","modified_gmt":"2026-05-01T07:39:27","slug":"studio-parisien-ottoman-task","status":"publish","type":"product","link":"https:\/\/theinvisiblecollection.com\/fr\/produit\/studio-parisien-ottoman-task\/","title":{"rendered":"Ottoman Task"},"content":{"rendered":"<p style=\"text-align: justify;\">Design par Studioparisien en \u00e9cho au pelage de la panth\u00e8re, une s\u00e9rie de trois diff\u00e9rentes formes de taches pouvant \u00eatre mix\u00e9es les unes aux autres.<\/p>\n","protected":false},"excerpt":{"rendered":"<p>Design par Studioparisien en \u00e9cho au pelage de la panth\u00e8re, une s\u00e9rie de trois diff\u00e9rentes formes de taches pouvant \u00eatre mix\u00e9es les unes aux autres.<\/p>\n","protected":false},"featured_media":63588,"template":"","meta":{"_acf_changed":false,"content-type":"","_themeisle_gutenberg_block_has_review":false},"product_brand":[],"product_cat":[8969,12499],"product_tag":[14925],"product_designer":[11987],"comfabric":[29302],"manufacturer":[16822],"reporting_designer":[37792],"samplecomfabric":[30470],"designer_clubroom":[],"class_list":{"0":"post-63466","1":"product","2":"type-product","3":"status-publish","4":"has-post-thumbnail","6":"product_cat-ottomans-tabourets","7":"product_cat-assises","8":"product_tag-hpfav-fr","9":"product_designer-studioparisien-fr","10":"comfabric-atelier-jouffre-lyon-fr","11":"manufacturer-atelier-jouffre-lyon-fr","12":"reporting_designer-studioparisien","13":"samplecomfabric-atelier-jouffre-lyon-fr","15":"first","16":"instock","17":"taxable","18":"shipping-taxable","19":"purchasable","20":"product-type-variable"},"acf":[],"_links":{"self":[{"href":"https:\/\/theinvisiblecollection.com\/fr\/wp-json\/wp\/v2\/product\/63466","targetHints":{"allow":["GET"]}}],"collection":[{"href":"https:\/\/theinvisiblecollection.com\/fr\/wp-json\/wp\/v2\/product"}],"about":[{"href":"https:\/\/theinvisiblecollection.com\/fr\/wp-json\/wp\/v2\/types\/product"}],"wp:featuredmedia":[{"embeddable":true,"href":"https:\/\/theinvisiblecollection.com\/fr\/wp-json\/wp\/v2\/media\/63588"}],"wp:attachment":[{"href":"https:\/\/theinvisiblecollection.com\/fr\/wp-json\/wp\/v2\/media?parent=63466"}],"wp:term":[{"taxonomy":"product_brand","embeddable":true,"href":"https:\/\/theinvisiblecollection.com\/fr\/wp-json\/wp\/v2\/product_brand?post=63466"},{"taxonomy":"product_cat","embeddable":true,"href":"https:\/\/theinvisiblecollection.com\/fr\/wp-json\/wp\/v2\/product_cat?post=63466"},{"taxonomy":"product_tag","embeddable":true,"href":"https:\/\/theinvisiblecollection.com\/fr\/wp-json\/wp\/v2\/product_tag?post=63466"},{"taxonomy":"product_designer","embeddable":true,"href":"https:\/\/theinvisiblecollection.com\/fr\/wp-json\/wp\/v2\/product_designer?post=63466"},{"taxonomy":"comfabric","embeddable":true,"href":"https:\/\/theinvisiblecollection.com\/fr\/wp-json\/wp\/v2\/comfabric?post=63466"},{"taxonomy":"manufacturer","embeddable":true,"href":"https:\/\/theinvisiblecollection.com\/fr\/wp-json\/wp\/v2\/manufacturer?post=63466"},{"taxonomy":"reporting_designer","embeddable":true,"href":"https:\/\/theinvisiblecollection.com\/fr\/wp-json\/wp\/v2\/reporting_designer?post=63466"},{"taxonomy":"samplecomfabric","embeddable":true,"href":"https:\/\/theinvisiblecollection.com\/fr\/wp-json\/wp\/v2\/samplecomfabric?post=63466"},{"taxonomy":"clubroom_product_designer","embeddable":true,"href":"https:\/\/theinvisiblecollection.com\/fr\/wp-json\/wp\/v2\/designer_clubroom?post=63466"}],"curies":[{"name":"wp","href":"https:\/\/api.w.org\/{rel}","templated":true}]}}