{"id":63705,"date":"2021-11-24T10:03:06","date_gmt":"2021-11-24T09:03:06","guid":{"rendered":"https:\/\/theinvisiblecollection.com\/?post_type=product&#038;p=63705"},"modified":"2026-05-01T07:39:27","modified_gmt":"2026-05-01T07:39:27","slug":"pierre-augustin-rose-canape-saint-honore","status":"publish","type":"product","link":"https:\/\/theinvisiblecollection.com\/fr\/produit\/pierre-augustin-rose-canape-saint-honore\/","title":{"rendered":"Canap\u00e9 Saint Honor\u00e9"},"content":{"rendered":"","protected":false},"excerpt":{"rendered":"<p>Canap\u00e9 photographi\u00e9 ici en Pierre Frey Teddy Mohair, couleur sable<br \/>\n<span style=\"text-decoration: underline;\"><a href=\"https:\/\/theinvisiblecollection.com\/wp-content\/uploads\/2022\/02\/TheInvisibleCollection_PierreAugustinRose_PierreFrey_FabricSelection_compressed-compresse.pdf\" target=\"_blank\" rel=\"noopener noreferrer\">D\u00e9couvrez la s\u00e9lection de tissus Pierre Frey<\/a><br \/>\n<\/span>2 grands coussins (40 x 60 cm), 6 petits (40 x 40 cm) inclus<br \/>\n\u00c9galement disponible en blanc sans tissu<\/p>\n<p>L 280 x l 150 x H 75 cm<br \/>\nHauteur d\u2019assise : 40 cm<br \/>\nProfondeur d&#8217;assise : 90 cm<br \/>\nTissu requis : 16 m<\/p>\n<p>Fabriqu\u00e9 \u00e0 la main en Europe<br \/>\nD\u00e9lais de production : 12 &#8211; 14 semaines<\/p>\n<p><span style=\"text-decoration: underline;\"><a href=\"https:\/\/www.theinvisiblecollection.com\/fr\/demande-de-devis\/?product_id=63705\" target=\"_blank\" rel=\"noopener\">Contactez-nous pour toute demande de devis ou de renseignement<\/a><\/span><\/p>\n","protected":false},"featured_media":67573,"template":"","meta":{"_acf_changed":false,"content-type":"","_themeisle_gutenberg_block_has_review":false},"product_brand":[],"product_cat":[8976,12499],"product_tag":[8942,8944,9409,9776,11349,14925,31474,31477,35206],"product_designer":[8908],"comfabric":[29018],"manufacturer":[16828],"reporting_designer":[37608],"samplecomfabric":[30018],"designer_clubroom":[],"class_list":{"0":"post-63705","1":"product","2":"type-product","3":"status-publish","4":"has-post-thumbnail","6":"product_cat-canapes","7":"product_cat-assises","8":"product_tag-assise","9":"product_tag-canape","10":"product_tag-pierre-augustin-rose-fr-2","11":"product_tag-pierre-frey-fr","12":"product_tag-pierre-augustine-rose-fr","13":"product_tag-hpfav-fr","14":"product_tag-co-white-fr","15":"product_tag-st-curvy-fr","16":"product_tag-exclusive-fr","17":"pa_fabric-en-blanc-sans-tissu-fr","18":"pa_fabric-pierre-frey-angkor-fr","19":"pa_fabric-pierre-frey-arsene-fr","20":"pa_fabric-pierre-frey-loft-fr","21":"pa_fabric-pierre-frey-tissu-louison","22":"pa_fabric-pierre-frey-opio-fr","23":"pa_fabric-pierre-frey-valreas-fr","24":"pa_fabric-pierre-frey-teddy-mohair-fr","25":"pa_size-saint-honore-240-fr","26":"pa_size-saint-honore-280-fr","27":"pa_size-saint-honore-320-fr","28":"pa_size-saint-honore-370-fr","29":"product_designer-pierre-augustin-rose-fr","30":"comfabric-pierre-augustin-rose-fr","31":"manufacturer-charvin-logistics-saint-ouen-la-ex-egetra-fr","32":"reporting_designer-pierre-augustin-rose","33":"samplecomfabric-pierre-augustin-rose-fr","34":"exhibitions-new-york-fr","36":"first","37":"instock","38":"taxable","39":"shipping-taxable","40":"purchasable","41":"product-type-variable"},"acf":[],"_links":{"self":[{"href":"https:\/\/theinvisiblecollection.com\/fr\/wp-json\/wp\/v2\/product\/63705","targetHints":{"allow":["GET"]}}],"collection":[{"href":"https:\/\/theinvisiblecollection.com\/fr\/wp-json\/wp\/v2\/product"}],"about":[{"href":"https:\/\/theinvisiblecollection.com\/fr\/wp-json\/wp\/v2\/types\/product"}],"wp:featuredmedia":[{"embeddable":true,"href":"https:\/\/theinvisiblecollection.com\/fr\/wp-json\/wp\/v2\/media\/67573"}],"wp:attachment":[{"href":"https:\/\/theinvisiblecollection.com\/fr\/wp-json\/wp\/v2\/media?parent=63705"}],"wp:term":[{"taxonomy":"product_brand","embeddable":true,"href":"https:\/\/theinvisiblecollection.com\/fr\/wp-json\/wp\/v2\/product_brand?post=63705"},{"taxonomy":"product_cat","embeddable":true,"href":"https:\/\/theinvisiblecollection.com\/fr\/wp-json\/wp\/v2\/product_cat?post=63705"},{"taxonomy":"product_tag","embeddable":true,"href":"https:\/\/theinvisiblecollection.com\/fr\/wp-json\/wp\/v2\/product_tag?post=63705"},{"taxonomy":"product_designer","embeddable":true,"href":"https:\/\/theinvisiblecollection.com\/fr\/wp-json\/wp\/v2\/product_designer?post=63705"},{"taxonomy":"comfabric","embeddable":true,"href":"https:\/\/theinvisiblecollection.com\/fr\/wp-json\/wp\/v2\/comfabric?post=63705"},{"taxonomy":"manufacturer","embeddable":true,"href":"https:\/\/theinvisiblecollection.com\/fr\/wp-json\/wp\/v2\/manufacturer?post=63705"},{"taxonomy":"reporting_designer","embeddable":true,"href":"https:\/\/theinvisiblecollection.com\/fr\/wp-json\/wp\/v2\/reporting_designer?post=63705"},{"taxonomy":"samplecomfabric","embeddable":true,"href":"https:\/\/theinvisiblecollection.com\/fr\/wp-json\/wp\/v2\/samplecomfabric?post=63705"},{"taxonomy":"clubroom_product_designer","embeddable":true,"href":"https:\/\/theinvisiblecollection.com\/fr\/wp-json\/wp\/v2\/designer_clubroom?post=63705"}],"curies":[{"name":"wp","href":"https:\/\/api.w.org\/{rel}","templated":true}]}}