{"id":64016,"date":"2020-12-15T18:06:16","date_gmt":"2020-12-15T17:06:16","guid":{"rendered":"https:\/\/theinvisiblecollection.com\/?post_type=product&#038;p=64016"},"modified":"2026-05-01T07:39:27","modified_gmt":"2026-05-01T07:39:27","slug":"pinto-paris-gueridon-zanni","status":"publish","type":"product","link":"https:\/\/theinvisiblecollection.com\/fr\/produit\/pinto-paris-gueridon-zanni\/","title":{"rendered":"Gu\u00e9ridon Zanni"},"content":{"rendered":"","protected":false},"excerpt":{"rendered":"<p>Gu\u00e9ridon en ch\u00eane fran\u00e7ais tourn\u00e9<br \/>\nFinition naturel ou \u00e9bonis\u00e9<\/p>\n<p>\u00d8 27 x H 55 cm<\/p>\n<p>Fabriqu\u00e9 \u00e0 la main en France<br \/>\nD\u00e9lais de fabrication : 10 \u2013 12 semaines<\/p>\n<p class=\"p1\"><span style=\"text-decoration: underline;\"><span class=\"s1\"><a href=\"https:\/\/www.theinvisiblecollection.com\/fr\/demande-de-devis\/?product_id=64016\" target=\"_blank\" rel=\"noopener\">Contactez-nous pour toute demande de devis ou de renseignements<\/a><\/span><\/span><\/p><\/p>\n","protected":false},"featured_media":64146,"template":"","meta":{"_acf_changed":false,"content-type":"","_themeisle_gutenberg_block_has_review":false},"product_brand":[],"product_cat":[12332,12503,12514],"product_tag":[9431,9625,12072,8855,8993,9059],"product_designer":[12292],"comfabric":[],"manufacturer":[16709,37047],"reporting_designer":[37188],"samplecomfabric":[],"designer_clubroom":[],"class_list":{"0":"post-64016","1":"product","2":"type-product","3":"status-publish","4":"has-post-thumbnail","6":"product_cat-tables-dappoint","7":"product_cat-tables-fr","8":"product_cat-tables-de-chevet","9":"product_tag-gueridon-fr-3","10":"product_tag-petite-table-fr","11":"product_tag-pinto-paris-fr","12":"product_tag-table-fr-3","13":"product_tag-salon","14":"product_tag-gueridon-fr-2","15":"product_designer-pinto-fr","16":"manufacturer-pinto-fr","17":"manufacturer-pinto-esi-louvres-fr","18":"reporting_designer-pinto","20":"first","21":"instock","22":"taxable","23":"shipping-taxable","24":"purchasable","25":"product-type-variable"},"acf":[],"_links":{"self":[{"href":"https:\/\/theinvisiblecollection.com\/fr\/wp-json\/wp\/v2\/product\/64016","targetHints":{"allow":["GET"]}}],"collection":[{"href":"https:\/\/theinvisiblecollection.com\/fr\/wp-json\/wp\/v2\/product"}],"about":[{"href":"https:\/\/theinvisiblecollection.com\/fr\/wp-json\/wp\/v2\/types\/product"}],"wp:featuredmedia":[{"embeddable":true,"href":"https:\/\/theinvisiblecollection.com\/fr\/wp-json\/wp\/v2\/media\/64146"}],"wp:attachment":[{"href":"https:\/\/theinvisiblecollection.com\/fr\/wp-json\/wp\/v2\/media?parent=64016"}],"wp:term":[{"taxonomy":"product_brand","embeddable":true,"href":"https:\/\/theinvisiblecollection.com\/fr\/wp-json\/wp\/v2\/product_brand?post=64016"},{"taxonomy":"product_cat","embeddable":true,"href":"https:\/\/theinvisiblecollection.com\/fr\/wp-json\/wp\/v2\/product_cat?post=64016"},{"taxonomy":"product_tag","embeddable":true,"href":"https:\/\/theinvisiblecollection.com\/fr\/wp-json\/wp\/v2\/product_tag?post=64016"},{"taxonomy":"product_designer","embeddable":true,"href":"https:\/\/theinvisiblecollection.com\/fr\/wp-json\/wp\/v2\/product_designer?post=64016"},{"taxonomy":"comfabric","embeddable":true,"href":"https:\/\/theinvisiblecollection.com\/fr\/wp-json\/wp\/v2\/comfabric?post=64016"},{"taxonomy":"manufacturer","embeddable":true,"href":"https:\/\/theinvisiblecollection.com\/fr\/wp-json\/wp\/v2\/manufacturer?post=64016"},{"taxonomy":"reporting_designer","embeddable":true,"href":"https:\/\/theinvisiblecollection.com\/fr\/wp-json\/wp\/v2\/reporting_designer?post=64016"},{"taxonomy":"samplecomfabric","embeddable":true,"href":"https:\/\/theinvisiblecollection.com\/fr\/wp-json\/wp\/v2\/samplecomfabric?post=64016"},{"taxonomy":"clubroom_product_designer","embeddable":true,"href":"https:\/\/theinvisiblecollection.com\/fr\/wp-json\/wp\/v2\/designer_clubroom?post=64016"}],"curies":[{"name":"wp","href":"https:\/\/api.w.org\/{rel}","templated":true}]}}