{"id":64218,"date":"2020-10-16T16:45:13","date_gmt":"2020-10-16T15:45:13","guid":{"rendered":"https:\/\/theinvisiblecollection.com\/?post_type=product&#038;p=64218"},"modified":"2026-05-01T07:39:27","modified_gmt":"2026-05-01T07:39:27","slug":"pinto-fauteuil-lodge","status":"publish","type":"product","link":"https:\/\/theinvisiblecollection.com\/fr\/produit\/pinto-fauteuil-lodge\/","title":{"rendered":"Fauteuil d&#8217;Ext\u00e9rieur Lodge"},"content":{"rendered":"<p style=\"text-align: justify;\">Lodge est une collection de mobilier fabriqu\u00e9 par des artisans d\u2019exception fran\u00e7ais dans des mat\u00e9riaux nobles adapt\u00e9s \u00e0 une utilisation ext\u00e9rieure. La collection Lodge passe du salon \u00e0 la terrasse, de la terrasse au jardin ; on l\u2019imagine aussi sur le pont d\u2019un bateau, dans un loft d\u2019artiste, un jardin d\u2019hiver, un cottage, un lodge\u2026 Simple et luxueux, son design revisite un certain minimalisme du XX\u00e8me si\u00e8cle dans une version sophistiqu\u00e9e. La structure en laiton textur\u00e9 et patin\u00e9 en deux tons enserre une assise de confort tapissier. Relev\u00e9e d\u2019un passepoil vigoureux, l\u2019\u00e9toffe pr\u00e9sente un tressage sobre et souple d\u2019une douce luminosit\u00e9. C\u2019est un tissu outdoor sp\u00e9cialement fabriqu\u00e9 par la belle maison Le Manach chez Pierre Frey pour Pinto Paris. Les accoudoirs et les prises de mains sont en fleur de li\u00e8ge massif, mat\u00e9riau naturel sensuel, doux et chaleureux. La collection Lodge compos\u00e9e d\u2019un fauteuil, d\u2019un sofa, d\u2019un tabouret, d\u2019une table basse et d\u2019un bout de canap\u00e9, peut \u00eatre \u00e9tudi\u00e9e et adapt\u00e9e \u00e0 la demande. Elle promet de prochains d\u00e9veloppements \u2026<\/p>\n","protected":false},"excerpt":{"rendered":"<p>Fauteuil tapiss\u00e9 en Pierre Frey, tissu Tresse, Le Manach<br \/>\nStructure en laiton textur\u00e9 et patin\u00e9<br \/>\nPrises de main en fleur de li\u00e8ge<\/p>\n<p>Adapt\u00e9 \u00e0 une utilisation ext\u00e9rieure<\/p>\n<p>L 68 x l 86 x H 81 cm<br \/>\nHauteur d&#8217;assise : 38 cm<br \/>\nM\u00e9trage de tissu requis : 3,2 ml<br \/>\nPiping: 6 ml<\/p>\n<p>Fabriqu\u00e9 \u00e0 la main en France<br \/>\nD\u00e9lais de fabrication : 10 \u2013 12 semaines<\/p>\n<p class=\"p1\"><span style=\"text-decoration: underline;\"><span class=\"s1\"><a href=\"https:\/\/www.theinvisiblecollection.com\/fr\/demande-de-devis\/?product_id=64218\">Contactez-nous pour toute demande de devis ou de renseignements<\/a><\/span><\/span><\/p>\n","protected":false},"featured_media":138106,"template":"","meta":{"_acf_changed":false,"content-type":"","_themeisle_gutenberg_block_has_review":false},"product_brand":[],"product_cat":[8945,10549,12499],"product_tag":[12072,12075,12077,8942,9150,9275,9514,10140,12070],"product_designer":[12292],"comfabric":[28998],"manufacturer":[18495,37047],"reporting_designer":[37188],"samplecomfabric":[30938],"designer_clubroom":[],"class_list":{"0":"post-64218","1":"product","2":"type-product","3":"status-publish","4":"has-post-thumbnail","6":"product_cat-fauteuils","7":"product_cat-mobilier-dexterieur","8":"product_cat-assises","9":"product_tag-pinto-paris-fr","10":"product_tag-exterieur-fr-3","11":"product_tag-waterproof-fr","12":"product_tag-assise","13":"product_tag-fauteuil-fr-2","14":"product_tag-tabouret-fr-2","15":"product_tag-jardin","16":"product_tag-mobilier-exterieur-fr","17":"product_tag-lodge-fr","18":"product_designer-pinto-fr","19":"comfabric-pinto-fr","20":"manufacturer-siegeair-fr","21":"manufacturer-pinto-esi-louvres-fr","22":"reporting_designer-pinto","23":"samplecomfabric-pinto-fr","25":"first","26":"instock","27":"taxable","28":"shipping-taxable","29":"purchasable","30":"product-type-variable"},"acf":[],"_links":{"self":[{"href":"https:\/\/theinvisiblecollection.com\/fr\/wp-json\/wp\/v2\/product\/64218","targetHints":{"allow":["GET"]}}],"collection":[{"href":"https:\/\/theinvisiblecollection.com\/fr\/wp-json\/wp\/v2\/product"}],"about":[{"href":"https:\/\/theinvisiblecollection.com\/fr\/wp-json\/wp\/v2\/types\/product"}],"wp:featuredmedia":[{"embeddable":true,"href":"https:\/\/theinvisiblecollection.com\/fr\/wp-json\/wp\/v2\/media\/138106"}],"wp:attachment":[{"href":"https:\/\/theinvisiblecollection.com\/fr\/wp-json\/wp\/v2\/media?parent=64218"}],"wp:term":[{"taxonomy":"product_brand","embeddable":true,"href":"https:\/\/theinvisiblecollection.com\/fr\/wp-json\/wp\/v2\/product_brand?post=64218"},{"taxonomy":"product_cat","embeddable":true,"href":"https:\/\/theinvisiblecollection.com\/fr\/wp-json\/wp\/v2\/product_cat?post=64218"},{"taxonomy":"product_tag","embeddable":true,"href":"https:\/\/theinvisiblecollection.com\/fr\/wp-json\/wp\/v2\/product_tag?post=64218"},{"taxonomy":"product_designer","embeddable":true,"href":"https:\/\/theinvisiblecollection.com\/fr\/wp-json\/wp\/v2\/product_designer?post=64218"},{"taxonomy":"comfabric","embeddable":true,"href":"https:\/\/theinvisiblecollection.com\/fr\/wp-json\/wp\/v2\/comfabric?post=64218"},{"taxonomy":"manufacturer","embeddable":true,"href":"https:\/\/theinvisiblecollection.com\/fr\/wp-json\/wp\/v2\/manufacturer?post=64218"},{"taxonomy":"reporting_designer","embeddable":true,"href":"https:\/\/theinvisiblecollection.com\/fr\/wp-json\/wp\/v2\/reporting_designer?post=64218"},{"taxonomy":"samplecomfabric","embeddable":true,"href":"https:\/\/theinvisiblecollection.com\/fr\/wp-json\/wp\/v2\/samplecomfabric?post=64218"},{"taxonomy":"clubroom_product_designer","embeddable":true,"href":"https:\/\/theinvisiblecollection.com\/fr\/wp-json\/wp\/v2\/designer_clubroom?post=64218"}],"curies":[{"name":"wp","href":"https:\/\/api.w.org\/{rel}","templated":true}]}}