{"id":64544,"date":"2018-12-10T13:16:23","date_gmt":"2018-12-10T12:16:23","guid":{"rendered":"https:\/\/theinvisiblecollection.com\/?post_type=product&#038;p=64544"},"modified":"2026-05-08T04:40:39","modified_gmt":"2026-05-08T04:40:39","slug":"korner-interiors-table-basse-eclipse-single","status":"publish","type":"product","link":"https:\/\/theinvisiblecollection.com\/fr\/produit\/korner-interiors-table-basse-eclipse-single\/","title":{"rendered":"Table Basse Eclipse Single"},"content":{"rendered":"<p style=\"text-align: justify;\">Le plateau de forme elliptique aux couleurs kal\u00e9idoscopiques, moul\u00e9 \u00e0 la main est fabriqu\u00e9 \u00e0 partir de s\u00e9l\u00e9nite avec un aspect proche du marbre. Cette table basse s\u2019inspire des diff\u00e9rentes phases d&#8217;une \u00e9clipse solaire. Le pied en forme quatrilobe en ch\u00eane europ\u00e9en s\u00e9ch\u00e9 dans un four est sabl\u00e9 puis cir\u00e9.<\/p>\n","protected":false},"excerpt":{"rendered":"<p><p style=\"text-align: justify;\">Le plateau de forme sph\u00e9rique est moul\u00e9 \u00e0 la main dans une s\u00e9l\u00e9nite aux couleurs satur\u00e9es avec un aspect proche du marbre. Le pied quatrilobe est en ch\u00eane europ\u00e9en, sabl\u00e9 puis cir\u00e9.<\/p>\n<p>Couleurs disponibles : Agapantha, bleu ciel, vert voiture, rose framboise, bleu Kingfisher, blanc sale, Rouille, Violet, Past\u00e8que, Caf\u00e9 au Lait, Tingle Green, Nude, Forest Green<br \/>\n<span style=\"text-decoration: underline;\"><a href=\"https:\/\/theinvisiblecollection.com\/wp-content\/uploads\/2021\/04\/TheInvisibleCollection_EclipseLowTableSingle_Colourways.pdf\">D\u00e9couvrez la s\u00e9lection de coloris ici<\/a><\/span><\/p>\n<p>L 120 x W 108 x H 36 cm<\/p>\n<p>Fabriqu\u00e9e \u00e0 la main au Royaume-uni<br \/>\nD\u00e9lais de fabrication : 16 semaines<\/p>\n<p class=\"p1\"><span style=\"text-decoration: underline;\"><span class=\"s1\"><a href=\"https:\/\/www.theinvisiblecollection.com\/fr\/demande-de-devis\/?product_id=64544\">Contactez-nous pour toute demande de devis ou de renseignements<\/a><\/span><\/span><\/p><\/p>\n","protected":false},"featured_media":65332,"template":"","meta":{"_acf_changed":false,"content-type":"","_themeisle_gutenberg_block_has_review":false},"product_brand":[],"product_cat":[7509,12503],"product_tag":[31476,31477],"product_designer":[12048],"comfabric":[],"manufacturer":[22718],"reporting_designer":[37236],"samplecomfabric":[],"designer_clubroom":[],"class_list":{"0":"post-64544","1":"product","2":"type-product","3":"status-publish","4":"has-post-thumbnail","6":"product_cat-tables-basses-dappoint","7":"product_cat-tables-fr","8":"product_tag-st-collectible-fr","9":"product_tag-st-curvy-fr","10":"pa_color-agapantha-fr","11":"pa_color-blanc-sale-fr","12":"pa_color-bleu-ciel-fr","13":"pa_color-cafe-au-lait-fr","14":"pa_color-foret-vert-fr","15":"pa_color-kingfisher-bleu-fr","16":"pa_color-nude-fr","17":"pa_color-pasteque-fr","18":"pa_color-rose-framboise-fr","19":"pa_color-rouille-fr","20":"pa_color-vert-tingle-fr","21":"pa_color-violette-fr","22":"pa_color-voiture-vert-fr","23":"product_designer-korner-interiors-fr","24":"manufacturer-krner-wimbledon-fr","25":"reporting_designer-korner-interiors","27":"first","28":"instock","29":"taxable","30":"shipping-taxable","31":"purchasable","32":"product-type-variable"},"acf":[],"_links":{"self":[{"href":"https:\/\/theinvisiblecollection.com\/fr\/wp-json\/wp\/v2\/product\/64544","targetHints":{"allow":["GET"]}}],"collection":[{"href":"https:\/\/theinvisiblecollection.com\/fr\/wp-json\/wp\/v2\/product"}],"about":[{"href":"https:\/\/theinvisiblecollection.com\/fr\/wp-json\/wp\/v2\/types\/product"}],"wp:featuredmedia":[{"embeddable":true,"href":"https:\/\/theinvisiblecollection.com\/fr\/wp-json\/wp\/v2\/media\/65332"}],"wp:attachment":[{"href":"https:\/\/theinvisiblecollection.com\/fr\/wp-json\/wp\/v2\/media?parent=64544"}],"wp:term":[{"taxonomy":"product_brand","embeddable":true,"href":"https:\/\/theinvisiblecollection.com\/fr\/wp-json\/wp\/v2\/product_brand?post=64544"},{"taxonomy":"product_cat","embeddable":true,"href":"https:\/\/theinvisiblecollection.com\/fr\/wp-json\/wp\/v2\/product_cat?post=64544"},{"taxonomy":"product_tag","embeddable":true,"href":"https:\/\/theinvisiblecollection.com\/fr\/wp-json\/wp\/v2\/product_tag?post=64544"},{"taxonomy":"product_designer","embeddable":true,"href":"https:\/\/theinvisiblecollection.com\/fr\/wp-json\/wp\/v2\/product_designer?post=64544"},{"taxonomy":"comfabric","embeddable":true,"href":"https:\/\/theinvisiblecollection.com\/fr\/wp-json\/wp\/v2\/comfabric?post=64544"},{"taxonomy":"manufacturer","embeddable":true,"href":"https:\/\/theinvisiblecollection.com\/fr\/wp-json\/wp\/v2\/manufacturer?post=64544"},{"taxonomy":"reporting_designer","embeddable":true,"href":"https:\/\/theinvisiblecollection.com\/fr\/wp-json\/wp\/v2\/reporting_designer?post=64544"},{"taxonomy":"samplecomfabric","embeddable":true,"href":"https:\/\/theinvisiblecollection.com\/fr\/wp-json\/wp\/v2\/samplecomfabric?post=64544"},{"taxonomy":"clubroom_product_designer","embeddable":true,"href":"https:\/\/theinvisiblecollection.com\/fr\/wp-json\/wp\/v2\/designer_clubroom?post=64544"}],"curies":[{"name":"wp","href":"https:\/\/api.w.org\/{rel}","templated":true}]}}