{"id":64574,"date":"2020-12-17T13:57:36","date_gmt":"2020-12-17T12:57:36","guid":{"rendered":"https:\/\/theinvisiblecollection.com\/?post_type=product&#038;p=64574"},"modified":"2026-05-01T07:39:27","modified_gmt":"2026-05-01T07:39:27","slug":"pinto-paris-fauteuil-parati-large","status":"publish","type":"product","link":"https:\/\/theinvisiblecollection.com\/fr\/produit\/pinto-paris-fauteuil-parati-large\/","title":{"rendered":"Fauteuil Parati Large"},"content":{"rendered":"<p style=\"text-align: justify;\">Parati fait la promesse du confort. Sa forme ronde, ample et g\u00e9n\u00e9reuse, appelle \u00e0 se lover, comme dans un nuage de douceur. L\u2019\u00e9vidente d\u00e9contraction de ce fauteuil cache une structure en h\u00eatre, alors que sa base pivotante s\u2019assoit sur un pi\u00e8tement en ch\u00eane massif, dont le vernis naturel est rehauss\u00e9 par l\u2019exotisme discret du cocoshell.<\/p>\n","protected":false},"excerpt":{"rendered":"<p>Fauteuil rond \u00e0 base pivotante 360\u00b0<br \/>\nStructure en h\u00eatre et pi\u00e8tement en ch\u00eane massif, applications de cocoshell ou de z\u00e9brano<br \/>\nUn coussin de dos pour le petit mod\u00e8le et 2 coussins pour le grand<br \/>\nFinition : ch\u00eane massif vernis naturel ou ch\u00eane massif teint\u00e9 \u00e9b\u00e8ne vernis satin\u00e9<\/p>\n<p>Deux dimensions disponibles :<\/p>\n<p>Petit : \u00d8 100 x H 65 cm<br \/>\nM\u00e9trage de tissu requis : 5 m<\/p>\n<p>Grand : \u00d8 120 x H 65 cm<br \/>\nM\u00e9trage de tissu requis : 9 m<\/p>\n<p>Hauteur d&#8217;assise : 35 cm<\/p>\n<p>Fabriqu\u00e9 \u00e0 la main en France<br \/>\nD\u00e9lais de fabrication : 10 \u2013 12 semaines<\/p>\n<p class=\"p1\"><span style=\"text-decoration: underline;\"><span class=\"s1\"><a href=\"https:\/\/www.theinvisiblecollection.com\/fr\/demande-de-devis\/?product_id=64574\" target=\"_blank\" rel=\"noopener\">Contactez-nous pour toute demande de devis ou de renseignements<\/a><\/span><\/span><\/p>\n","protected":false},"featured_media":5860639,"template":"","meta":{"_acf_changed":false,"content-type":"","_themeisle_gutenberg_block_has_review":false},"product_brand":[],"product_cat":[8945,12499],"product_tag":[12279,31477,10255,12072],"product_designer":[12292],"comfabric":[28998],"manufacturer":[37047],"reporting_designer":[37188],"samplecomfabric":[30938],"designer_clubroom":[],"class_list":{"0":"post-64574","1":"product","2":"type-product","3":"status-publish","4":"has-post-thumbnail","6":"product_cat-fauteuils","7":"product_cat-assises","8":"product_tag-fauteuil-fr-3","9":"product_tag-st-curvy-fr","10":"product_tag-salon-fr-4","11":"product_tag-pinto-paris-fr","12":"product_designer-pinto-fr","13":"comfabric-pinto-fr","14":"manufacturer-pinto-esi-louvres-fr","15":"reporting_designer-pinto","16":"samplecomfabric-pinto-fr","18":"first","19":"instock","20":"taxable","21":"shipping-taxable","22":"purchasable","23":"product-type-variable"},"acf":[],"_links":{"self":[{"href":"https:\/\/theinvisiblecollection.com\/fr\/wp-json\/wp\/v2\/product\/64574","targetHints":{"allow":["GET"]}}],"collection":[{"href":"https:\/\/theinvisiblecollection.com\/fr\/wp-json\/wp\/v2\/product"}],"about":[{"href":"https:\/\/theinvisiblecollection.com\/fr\/wp-json\/wp\/v2\/types\/product"}],"wp:featuredmedia":[{"embeddable":true,"href":"https:\/\/theinvisiblecollection.com\/fr\/wp-json\/wp\/v2\/media\/5860639"}],"wp:attachment":[{"href":"https:\/\/theinvisiblecollection.com\/fr\/wp-json\/wp\/v2\/media?parent=64574"}],"wp:term":[{"taxonomy":"product_brand","embeddable":true,"href":"https:\/\/theinvisiblecollection.com\/fr\/wp-json\/wp\/v2\/product_brand?post=64574"},{"taxonomy":"product_cat","embeddable":true,"href":"https:\/\/theinvisiblecollection.com\/fr\/wp-json\/wp\/v2\/product_cat?post=64574"},{"taxonomy":"product_tag","embeddable":true,"href":"https:\/\/theinvisiblecollection.com\/fr\/wp-json\/wp\/v2\/product_tag?post=64574"},{"taxonomy":"product_designer","embeddable":true,"href":"https:\/\/theinvisiblecollection.com\/fr\/wp-json\/wp\/v2\/product_designer?post=64574"},{"taxonomy":"comfabric","embeddable":true,"href":"https:\/\/theinvisiblecollection.com\/fr\/wp-json\/wp\/v2\/comfabric?post=64574"},{"taxonomy":"manufacturer","embeddable":true,"href":"https:\/\/theinvisiblecollection.com\/fr\/wp-json\/wp\/v2\/manufacturer?post=64574"},{"taxonomy":"reporting_designer","embeddable":true,"href":"https:\/\/theinvisiblecollection.com\/fr\/wp-json\/wp\/v2\/reporting_designer?post=64574"},{"taxonomy":"samplecomfabric","embeddable":true,"href":"https:\/\/theinvisiblecollection.com\/fr\/wp-json\/wp\/v2\/samplecomfabric?post=64574"},{"taxonomy":"clubroom_product_designer","embeddable":true,"href":"https:\/\/theinvisiblecollection.com\/fr\/wp-json\/wp\/v2\/designer_clubroom?post=64574"}],"curies":[{"name":"wp","href":"https:\/\/api.w.org\/{rel}","templated":true}]}}