{"id":64583,"date":"2021-11-25T04:00:48","date_gmt":"2021-11-25T03:00:48","guid":{"rendered":"https:\/\/theinvisiblecollection.com\/?post_type=product&#038;p=64583"},"modified":"2026-05-01T07:39:27","modified_gmt":"2026-05-01T07:39:27","slug":"korner-interiors-table-basse-lagoon","status":"publish","type":"product","link":"https:\/\/theinvisiblecollection.com\/fr\/produit\/korner-interiors-table-basse-lagoon\/","title":{"rendered":"Table Basse Lagoon"},"content":{"rendered":"<p style=\"text-align: justify;\">Le plateau est moul\u00e9 \u00e0 la main en forme d\u2019une lagune fluide, avec plusieurs strates de couleurs kal\u00e9idoscopiques, \u00e9voquant le design midcentury et fabriqu\u00e9 en s\u00e9l\u00e9nite avec un aspect proche du marbre. Les pieds conique en ch\u00eane anglais s\u00e9ch\u00e9 \u00e0 l&#8217;air libre ont conserv\u00e9 leurs fissures naturelles puis sont sabl\u00e9s et cir\u00e9s.<br \/>\nBeaucoup de fantaisie pour cette s\u00e9rie de tables basses.<\/p>\n","protected":false},"excerpt":{"rendered":"<p style=\"text-align: justify;\">Dessus de table moul\u00e9 \u00e0 la main en forme de lagon \u00e0 trois niveaux en s\u00e9l\u00e9nite satur\u00e9e semblable \u00e0 du marbre avec des pieds excentriques et de forme conique en ch\u00eane anglais s\u00e9ch\u00e9 \u00e0 l&#8217;air avec des fissures et des fissures naturelles, grenaill\u00e9, scell\u00e9 et cir\u00e9<\/p>\n<p>Couleurs disponibles : Tingle, Blink, Dawn, Dush, Amber, Marsh<\/p>\n<p><a href=\"https:\/\/theinvisiblecollection.com\/wp-content\/uploads\/2021\/11\/Korner-Interiors-Colour-Selection.pdf\">D\u00e9couvrez la s\u00e9lection de coloris ici<\/a><\/p>\n<p>Disponible en quatre dimensions :<br \/>\nPetit : L 132 x l 98 x H 43 cm<br \/>\nMoyen : L 155 x l 116 x H 43 cm<br \/>\nGrande : L 183 x l 136 x H 43 cm<br \/>\nExtra Large : L 215 x l 160 x H 43 cm<\/p>\n<p>Fabriqu\u00e9e \u00e0 la main au Royaume-Uni<br \/>\nD\u00e9lais de fabrication : 16 semaines<\/p>\n<p class=\"p1\"><span style=\"text-decoration: underline;\"><span class=\"s1\"><a href=\"https:\/\/www.theinvisiblecollection.com\/fr\/demande-de-devis\/?product_id=64583\">Contactez-nous pour toute demande de devis ou de renseignements<\/a><\/span><\/span><\/p>\n","protected":false},"featured_media":64882,"template":"","meta":{"_acf_changed":false,"content-type":"","_themeisle_gutenberg_block_has_review":false},"product_brand":[],"product_cat":[7509,12503],"product_tag":[14926,31476,31477],"product_designer":[12048],"comfabric":[],"manufacturer":[22718],"reporting_designer":[37236],"samplecomfabric":[],"designer_clubroom":[],"class_list":{"0":"post-64583","1":"product","2":"type-product","3":"status-publish","4":"has-post-thumbnail","6":"product_cat-tables-basses-dappoint","7":"product_cat-tables-fr","8":"product_tag-hplstfav-fr","9":"product_tag-st-collectible-fr","10":"product_tag-st-curvy-fr","11":"pa_size-extra-large-fr","12":"pa_size-grand-fr","13":"pa_size-moyen-fr","14":"pa_size-petit-fr","15":"product_designer-korner-interiors-fr","16":"manufacturer-krner-wimbledon-fr","17":"reporting_designer-korner-interiors","19":"first","20":"instock","21":"taxable","22":"shipping-taxable","23":"purchasable","24":"product-type-variable"},"acf":[],"_links":{"self":[{"href":"https:\/\/theinvisiblecollection.com\/fr\/wp-json\/wp\/v2\/product\/64583","targetHints":{"allow":["GET"]}}],"collection":[{"href":"https:\/\/theinvisiblecollection.com\/fr\/wp-json\/wp\/v2\/product"}],"about":[{"href":"https:\/\/theinvisiblecollection.com\/fr\/wp-json\/wp\/v2\/types\/product"}],"wp:featuredmedia":[{"embeddable":true,"href":"https:\/\/theinvisiblecollection.com\/fr\/wp-json\/wp\/v2\/media\/64882"}],"wp:attachment":[{"href":"https:\/\/theinvisiblecollection.com\/fr\/wp-json\/wp\/v2\/media?parent=64583"}],"wp:term":[{"taxonomy":"product_brand","embeddable":true,"href":"https:\/\/theinvisiblecollection.com\/fr\/wp-json\/wp\/v2\/product_brand?post=64583"},{"taxonomy":"product_cat","embeddable":true,"href":"https:\/\/theinvisiblecollection.com\/fr\/wp-json\/wp\/v2\/product_cat?post=64583"},{"taxonomy":"product_tag","embeddable":true,"href":"https:\/\/theinvisiblecollection.com\/fr\/wp-json\/wp\/v2\/product_tag?post=64583"},{"taxonomy":"product_designer","embeddable":true,"href":"https:\/\/theinvisiblecollection.com\/fr\/wp-json\/wp\/v2\/product_designer?post=64583"},{"taxonomy":"comfabric","embeddable":true,"href":"https:\/\/theinvisiblecollection.com\/fr\/wp-json\/wp\/v2\/comfabric?post=64583"},{"taxonomy":"manufacturer","embeddable":true,"href":"https:\/\/theinvisiblecollection.com\/fr\/wp-json\/wp\/v2\/manufacturer?post=64583"},{"taxonomy":"reporting_designer","embeddable":true,"href":"https:\/\/theinvisiblecollection.com\/fr\/wp-json\/wp\/v2\/reporting_designer?post=64583"},{"taxonomy":"samplecomfabric","embeddable":true,"href":"https:\/\/theinvisiblecollection.com\/fr\/wp-json\/wp\/v2\/samplecomfabric?post=64583"},{"taxonomy":"clubroom_product_designer","embeddable":true,"href":"https:\/\/theinvisiblecollection.com\/fr\/wp-json\/wp\/v2\/designer_clubroom?post=64583"}],"curies":[{"name":"wp","href":"https:\/\/api.w.org\/{rel}","templated":true}]}}